{"id":1452,"date":"2026-03-26T11:13:24","date_gmt":"2026-03-26T11:13:24","guid":{"rendered":"https:\/\/dev.maatpeasant.com\/?page_id=1452"},"modified":"2026-04-17T12:36:59","modified_gmt":"2026-04-17T12:36:59","slug":"plataforma-port","status":"publish","type":"page","link":"https:\/\/maatpeasant.com\/zh\/plataforma-port\/","title":{"rendered":"Plataforma-port"},"content":{"rendered":"<div data-elementor-type=\"wp-page\" data-elementor-id=\"1452\" class=\"elementor elementor-1452\" data-elementor-post-type=\"page\">\n\t\t\t\t<div class=\"elementor-element elementor-element-452c20e e-flex e-con-boxed e-con e-parent\" data-id=\"452c20e\" data-element_type=\"container\" data-e-type=\"container\">\n\t\t\t\t\t<div class=\"e-con-inner\">\n\t\t<div class=\"elementor-element elementor-element-05a9f71 e-con-full global-paddings .panels e-flex e-con e-child\" data-id=\"05a9f71\" data-element_type=\"container\" data-e-type=\"container\">\n\t\t<div class=\"elementor-element elementor-element-4b4df8f e-con-full e-flex e-con e-child\" data-id=\"4b4df8f\" data-element_type=\"container\" data-e-type=\"container\" data-settings=\"{&quot;background_background&quot;:&quot;classic&quot;}\">\n\t\t<div class=\"elementor-element elementor-element-ffb0887 e-con-full e-flex e-con e-child\" data-id=\"ffb0887\" data-element_type=\"container\" data-e-type=\"container\">\n\t\t\t\t<div class=\"elementor-element elementor-element-d6ef825 elementor-widget-tablet__width-inherit elementor-widget elementor-widget-heading\" data-id=\"d6ef825\" data-element_type=\"widget\" data-e-type=\"widget\" data-widget_type=\"heading.default\">\n\t\t\t\t\t<h1 class=\"elementor-heading-title elementor-size-default\">Plataforma digital<\/h1>\t\t\t\t<\/div>\n\t\t\t\t<div class=\"elementor-element elementor-element-1f1b8d7 elementor-widget__width-initial elementor-widget elementor-widget-text-editor\" data-id=\"1f1b8d7\" data-element_type=\"widget\" data-e-type=\"widget\" data-widget_type=\"text-editor.default\">\n\t\t\t\t\t\t\t\t\t<p>Uma plataforma m\u00f3vel e web que ajuda grupos de comunidades a gerenciar fundos, fazer cumprir as regras de governan\u00e7a e operar de forma transparente por meio de processos estruturados, dados compartilhados e salvaguardas integradas.<\/p>\t\t\t\t\t\t\t\t<\/div>\n\t\t\t\t<\/div>\n\t\t\t\t<\/div>\n\t\t\t\t<\/div>\n\t\t\t\t\t<\/div>\n\t\t\t\t<\/div>\n\t\t<div class=\"elementor-element elementor-element-16c28de e-flex e-con-boxed e-con e-parent\" data-id=\"16c28de\" data-element_type=\"container\" data-e-type=\"container\">\n\t\t\t\t\t<div class=\"e-con-inner\">\n\t\t<div class=\"elementor-element elementor-element-7b4ef10 e-con-full global-paddings e-flex e-con e-child\" data-id=\"7b4ef10\" data-element_type=\"container\" data-e-type=\"container\">\n\t\t<div class=\"elementor-element elementor-element-7019fdd e-con-full e-flex e-con e-child\" data-id=\"7019fdd\" data-element_type=\"container\" data-e-type=\"container\">\n\t\t<div class=\"elementor-element elementor-element-b665797 e-con-full e-flex e-con e-child\" data-id=\"b665797\" data-element_type=\"container\" data-e-type=\"container\">\n\t\t\t\t<div class=\"elementor-element elementor-element-5282a21 elementor-widget__width-initial elementor-widget elementor-widget-heading\" data-id=\"5282a21\" data-element_type=\"widget\" data-e-type=\"widget\" data-widget_type=\"heading.default\">\n\t\t\t\t\t<h2 class=\"elementor-heading-title elementor-size-default\">Seguran\u00e7a, controle e solidariedade<\/h2>\t\t\t\t<\/div>\n\t\t\t\t<div class=\"elementor-element elementor-element-239b6cf elementor-widget__width-initial elementor-widget elementor-widget-text-editor\" data-id=\"239b6cf\" data-element_type=\"widget\" data-e-type=\"widget\" data-widget_type=\"text-editor.default\">\n\t\t\t\t\t\t\t\t\t<p>Projetado para gest\u00e3o financeira coletiva<\/p>\t\t\t\t\t\t\t\t<\/div>\n\t\t\t\t<\/div>\n\t\t<div class=\"elementor-element elementor-element-8a47315 e-con-full e-grid e-con e-child\" data-id=\"8a47315\" data-element_type=\"container\" data-e-type=\"container\" data-settings=\"{&quot;background_background&quot;:&quot;classic&quot;}\">\n\t\t<div class=\"elementor-element elementor-element-f68b5a5 e-con-full e-flex e-con e-child\" data-id=\"f68b5a5\" data-element_type=\"container\" data-e-type=\"container\">\n\t\t\t\t<div class=\"elementor-element elementor-element-f01350f elementor-widget elementor-widget-heading\" data-id=\"f01350f\" data-element_type=\"widget\" data-e-type=\"widget\" data-widget_type=\"heading.default\">\n\t\t\t\t\t<h3 class=\"elementor-heading-title elementor-size-default\">Plataforma m\u00f3vel (Android)<\/h3>\t\t\t\t<\/div>\n\t\t<div class=\"elementor-element elementor-element-2389fbe e-con-full e-flex e-con e-child\" data-id=\"2389fbe\" data-element_type=\"container\" data-e-type=\"container\">\n\t\t\t\t<div class=\"elementor-element elementor-element-734d008 elementor-widget elementor-widget-text-editor\" data-id=\"734d008\" data-element_type=\"widget\" data-e-type=\"widget\" data-widget_type=\"text-editor.default\">\n\t\t\t\t\t\t\t\t\t<p>O aplicativo Ma&#8217;at ajuda os grupos a gerenciar suas atividades e transa\u00e7\u00f5es financeiras de maneira estruturada e transparente. Constru\u00eddo em torno das regras de governan\u00e7a do Ma&#8217;at, o aplicativo orienta os grupos por meio de suas reuni\u00f5es, registros de transa\u00e7\u00f5es e alertas dos usu\u00e1rios quando surgem riscos ou inconsist\u00eancias.<\/p>\t\t\t\t\t\t\t\t<\/div>\n\t\t\t\t<div class=\"elementor-element elementor-element-4c21f9d elementor-widget elementor-widget-text-editor\" data-id=\"4c21f9d\" data-element_type=\"widget\" data-e-type=\"widget\" data-widget_type=\"text-editor.default\">\n\t\t\t\t\t\t\t\t\t<p>Cada grupo elege dois registradores respons\u00e1veis por inserir transa\u00e7\u00f5es durante as reuni\u00f5es. Essa responsabilidade compartilhada garante continuidade e transpar\u00eancia, permitindo que a maioria dos membros aprenda como o sistema funciona.<\/p>\t\t\t\t\t\t\t\t<\/div>\n\t\t\t\t<div class=\"elementor-element elementor-element-6a3dcce elementor-widget elementor-widget-text-editor\" data-id=\"6a3dcce\" data-element_type=\"widget\" data-e-type=\"widget\" data-widget_type=\"text-editor.default\">\n\t\t\t\t\t\t\t\t\t<p>Todos os dados do grupo permanecem vis\u00edveis para os membros, criando total transpar\u00eancia e responsabilidade.<\/p>\t\t\t\t\t\t\t\t<\/div>\n\t\t\t\t<\/div>\n\t\t\t\t<\/div>\n\t\t<div class=\"elementor-element elementor-element-c2a53ac e-con-full e-flex e-con e-child\" data-id=\"c2a53ac\" data-element_type=\"container\" data-e-type=\"container\" data-settings=\"{&quot;background_background&quot;:&quot;classic&quot;}\">\n\t\t\t\t<\/div>\n\t\t\t\t<\/div>\n\t\t<div class=\"elementor-element elementor-element-c3f3f5e e-con-full e-grid e-con e-child\" data-id=\"c3f3f5e\" data-element_type=\"container\" data-e-type=\"container\" data-settings=\"{&quot;background_background&quot;:&quot;classic&quot;}\">\n\t\t<div class=\"elementor-element elementor-element-a01f91d e-con-full e-flex e-con e-child\" data-id=\"a01f91d\" data-element_type=\"container\" data-e-type=\"container\" data-settings=\"{&quot;background_background&quot;:&quot;classic&quot;}\">\n\t\t\t\t<\/div>\n\t\t<div class=\"elementor-element elementor-element-74c171c e-con-full e-flex e-con e-child\" data-id=\"74c171c\" data-element_type=\"container\" data-e-type=\"container\">\n\t\t\t\t<div class=\"elementor-element elementor-element-558f90b elementor-widget elementor-widget-heading\" data-id=\"558f90b\" data-element_type=\"widget\" data-e-type=\"widget\" data-widget_type=\"heading.default\">\n\t\t\t\t\t<h3 class=\"elementor-heading-title elementor-size-default\">Aplicativo Web<\/h3>\t\t\t\t<\/div>\n\t\t<div class=\"elementor-element elementor-element-ec1e863 e-con-full e-flex e-con e-child\" data-id=\"ec1e863\" data-element_type=\"container\" data-e-type=\"container\">\n\t\t\t\t<div class=\"elementor-element elementor-element-10d78ba romb-text-list elementor-widget elementor-widget-text-editor\" data-id=\"10d78ba\" data-element_type=\"widget\" data-e-type=\"widget\" data-widget_type=\"text-editor.default\">\n\t\t\t\t\t\t\t\t\t<p>A plataforma Ma&#8217;at \u00e9 administrada em n\u00edvel global pelos administradores camponeses de Ma&#8217;at. Eles s\u00e3o respons\u00e1veis pelo bom e bom funcionamento do registro e processamento de dados.<\/p><ul><li>Multil\u00edngue (EN, FR, ES, PT)<\/li><li>Personalizado para cada pa\u00eds e cada grupo<\/li><li>Treina, imp\u00f5e a transpar\u00eancia, encapsula as regras<\/li><li>Verifica\u00e7\u00f5es e alertas para evitar erros ou fraudes<\/li><li>Mant\u00e9m o hist\u00f3rico completo e os logs<\/li><\/ul>\t\t\t\t\t\t\t\t<\/div>\n\t\t\t\t<\/div>\n\t\t\t\t<\/div>\n\t\t\t\t<\/div>\n\t\t<div class=\"elementor-element elementor-element-1223f86 e-con-full e-grid e-con e-child\" data-id=\"1223f86\" data-element_type=\"container\" data-e-type=\"container\" data-settings=\"{&quot;background_background&quot;:&quot;classic&quot;}\">\n\t\t<div class=\"elementor-element elementor-element-1c52eec e-con-full e-flex e-con e-child\" data-id=\"1c52eec\" data-element_type=\"container\" data-e-type=\"container\">\n\t\t\t\t<div class=\"elementor-element elementor-element-97f02ac elementor-widget elementor-widget-heading\" data-id=\"97f02ac\" data-element_type=\"widget\" data-e-type=\"widget\" data-widget_type=\"heading.default\">\n\t\t\t\t\t<h3 class=\"elementor-heading-title elementor-size-default\">Infraestrutura de TI<\/h3>\t\t\t\t<\/div>\n\t\t<div class=\"elementor-element elementor-element-3c6c29d e-con-full e-flex e-con e-child\" data-id=\"3c6c29d\" data-element_type=\"container\" data-e-type=\"container\">\n\t\t\t\t<div class=\"elementor-element elementor-element-325d00e elementor-widget elementor-widget-text-editor\" data-id=\"325d00e\" data-element_type=\"widget\" data-e-type=\"widget\" data-widget_type=\"text-editor.default\">\n\t\t\t\t\t\t\t\t\t<strong style=\"color: #161514;\">Velocidade<\/strong><br>\nDesempenho de plataforma r\u00e1pido e responsivo para uso cont\u00ednuo durante reuni\u00f5es de grupo e opera\u00e7\u00f5es di\u00e1rias.\t\t\t\t\t\t\t\t<\/div>\n\t\t\t\t<div class=\"elementor-element elementor-element-a413815 elementor-widget elementor-widget-text-editor\" data-id=\"a413815\" data-element_type=\"widget\" data-e-type=\"widget\" data-widget_type=\"text-editor.default\">\n\t\t\t\t\t\t\t\t\t<strong style=\"color: #161514;\">Alta disponibilidade<\/strong><br>\nProjetado para permanecer acess\u00edvel sempre que os grupos precisarem, com desempenho est\u00e1vel e confi\u00e1vel do sistema.\t\t\t\t\t\t\t\t<\/div>\n\t\t\t\t<div class=\"elementor-element elementor-element-26510d3 elementor-widget elementor-widget-text-editor\" data-id=\"26510d3\" data-element_type=\"widget\" data-e-type=\"widget\" data-widget_type=\"text-editor.default\">\n\t\t\t\t\t\t\t\t\t<p><strong style=\"color: #161514;\">Seguran\u00e7a de dados &amp; Redund\u00e2ncia<br><\/strong>Armazenamento seguro de dados com sistemas de backup que protegem as informa\u00e7\u00f5es e garantem a integridade dos dados.<\/p>\t\t\t\t\t\t\t\t<\/div>\n\t\t\t\t<div class=\"elementor-element elementor-element-e6ce029 elementor-widget elementor-widget-text-editor\" data-id=\"e6ce029\" data-element_type=\"widget\" data-e-type=\"widget\" data-widget_type=\"text-editor.default\">\n\t\t\t\t\t\t\t\t\t<p><strong style=\"color: #161514;\">Acesso global<br><\/strong>Acess\u00edvel de qualquer lugar, permitindo que a rede Ma&#8217;at opere em pa\u00edses e comunidades.<\/p>\t\t\t\t\t\t\t\t<\/div>\n\t\t\t\t<\/div>\n\t\t\t\t<\/div>\n\t\t<div class=\"elementor-element elementor-element-ed10729 e-con-full e-flex e-con e-child\" data-id=\"ed10729\" data-element_type=\"container\" data-e-type=\"container\" data-settings=\"{&quot;background_background&quot;:&quot;classic&quot;}\">\n\t\t\t\t<\/div>\n\t\t\t\t<\/div>\n\t\t<div class=\"elementor-element elementor-element-5006617 e-con-full e-grid e-con e-child\" data-id=\"5006617\" data-element_type=\"container\" data-e-type=\"container\" data-settings=\"{&quot;background_background&quot;:&quot;classic&quot;}\">\n\t\t<div class=\"elementor-element elementor-element-7331935 e-con-full e-flex e-con e-child\" data-id=\"7331935\" data-element_type=\"container\" data-e-type=\"container\" data-settings=\"{&quot;background_background&quot;:&quot;classic&quot;}\">\n\t\t\t\t<\/div>\n\t\t<div class=\"elementor-element elementor-element-e1c1897 e-con-full e-flex e-con e-child\" data-id=\"e1c1897\" data-element_type=\"container\" data-e-type=\"container\">\n\t\t\t\t<div class=\"elementor-element elementor-element-fcd25cd elementor-widget elementor-widget-heading\" data-id=\"fcd25cd\" data-element_type=\"widget\" data-e-type=\"widget\" data-widget_type=\"heading.default\">\n\t\t\t\t\t<h3 class=\"elementor-heading-title elementor-size-default\">Ferramentas de fiscaliza\u00e7\u00e3o de governan\u00e7a<\/h3>\t\t\t\t<\/div>\n\t\t<div class=\"elementor-element elementor-element-4eca6fa e-con-full e-flex e-con e-child\" data-id=\"4eca6fa\" data-element_type=\"container\" data-e-type=\"container\">\n\t\t\t\t<div class=\"elementor-element elementor-element-41bcd7e romb-text-list elementor-widget elementor-widget-text-editor\" data-id=\"41bcd7e\" data-element_type=\"widget\" data-e-type=\"widget\" data-widget_type=\"text-editor.default\">\n\t\t\t\t\t\t\t\t\t<p>A boa governan\u00e7a \u00e9 o que torna o grupo bem-sucedido e duradouro. Antes de lan\u00e7ar o grupo, os membros negociam e assinam o estatuto do grupo.<\/p><ul><li>Os limites de quem pode participar e o que o grupo pode alcan\u00e7ar s\u00e3o claramente definidos<\/li><li>Culturas e ecologias locais determinam as escolhas de grupo<\/li><li>A tomada de decis\u00f5es \u00e9 baseada na participa\u00e7\u00e3o de todos os<\/li><li>Os l\u00edderes do grupo s\u00e3o respons\u00e1veis pelo correto funcionamento do grupo<\/li><li>O grupo define san\u00e7\u00f5es progressivas para aqueles que n\u00e3o respeitam a carta acordada, com advert\u00eancias e multas progressivas<\/li><li>Os procedimentos de resolu\u00e7\u00e3o de conflitos s\u00e3o baseados na resolu\u00e7\u00e3o inicial. Um facilitador externo atua como moderador em caso de necessidade<\/li><li>O grupo \u00e9 conhecido na comunidade e celebra conquistas no final dos eventos do ciclo<\/li><li>O grupo faz parte de uma rede MA&#8217;AT maior local e internacionalmente, que a apoia e acompanha.<\/li><\/ul>\t\t\t\t\t\t\t\t<\/div>\n\t\t\t\t<\/div>\n\t\t\t\t<\/div>\n\t\t\t\t<\/div>\n\t\t<div class=\"elementor-element elementor-element-76eeda1 e-con-full e-grid e-con e-child\" data-id=\"76eeda1\" data-element_type=\"container\" data-e-type=\"container\" data-settings=\"{&quot;background_background&quot;:&quot;classic&quot;}\">\n\t\t<div class=\"elementor-element elementor-element-b8cef4b e-con-full e-flex e-con e-child\" data-id=\"b8cef4b\" data-element_type=\"container\" data-e-type=\"container\">\n\t\t\t\t<div class=\"elementor-element elementor-element-151b9eb elementor-widget elementor-widget-heading\" data-id=\"151b9eb\" data-element_type=\"widget\" data-e-type=\"widget\" data-widget_type=\"heading.default\">\n\t\t\t\t\t<h3 class=\"elementor-heading-title elementor-size-default\">Transpar\u00eancia de dados<\/h3>\t\t\t\t<\/div>\n\t\t<div class=\"elementor-element elementor-element-b3d443b e-con-full e-flex e-con e-child\" data-id=\"b3d443b\" data-element_type=\"container\" data-e-type=\"container\">\n\t\t<div class=\"elementor-element elementor-element-f746b5e e-con-full e-flex e-con e-child\" data-id=\"f746b5e\" data-element_type=\"container\" data-e-type=\"container\">\n\t\t\t\t<div class=\"elementor-element elementor-element-babe497 romb-text-list elementor-widget elementor-widget-text-editor\" data-id=\"babe497\" data-element_type=\"widget\" data-e-type=\"widget\" data-widget_type=\"text-editor.default\">\n\t\t\t\t\t\t\t\t\t<ul><li>Os dados s\u00e3o registrados em notebooks e smartphones em grupo e s\u00e3o transferidos para o servidor administrado pelos administradores do MA&#8217;AT na organiza\u00e7\u00e3o sem fins lucrativos Ma&#8217;at Peasant (com sede na Fran\u00e7a)<\/li><li>Os dados s\u00e3o totalmente transparentes para os membros do grupo e est\u00e3o dispon\u00edveis a qualquer momento<\/li><li>Nenhum dado pessoal coletado ou compartilhado<\/li><li>O grupo define san\u00e7\u00f5es progressivas para aqueles que n\u00e3o respeitam a carta acordada, com advert\u00eancias e multas progressivas<\/li><li>A privacidade \u00e9 garantida<\/li><li>Diferentes n\u00edveis de acesso a fun\u00e7\u00f5es e dados com base em fun\u00e7\u00f5es (administrador, gerente, registrador, usu\u00e1rio)<\/li><\/ul>\t\t\t\t\t\t\t\t<\/div>\n\t\t\t\t<\/div>\n\t\t\t\t<\/div>\n\t\t\t\t<\/div>\n\t\t<div class=\"elementor-element elementor-element-958cdf0 e-con-full e-flex e-con e-child\" data-id=\"958cdf0\" data-element_type=\"container\" data-e-type=\"container\" data-settings=\"{&quot;background_background&quot;:&quot;classic&quot;}\">\n\t\t\t\t<\/div>\n\t\t\t\t<\/div>\n\t\t<div class=\"elementor-element elementor-element-c66f3cf e-con-full e-grid e-con e-child\" data-id=\"c66f3cf\" data-element_type=\"container\" data-e-type=\"container\" data-settings=\"{&quot;background_background&quot;:&quot;classic&quot;}\">\n\t\t<div class=\"elementor-element elementor-element-826995d e-con-full e-flex e-con e-child\" data-id=\"826995d\" data-element_type=\"container\" data-e-type=\"container\" data-settings=\"{&quot;background_background&quot;:&quot;classic&quot;}\">\n\t\t\t\t<\/div>\n\t\t<div class=\"elementor-element elementor-element-86df049 e-con-full e-flex e-con e-child\" data-id=\"86df049\" data-element_type=\"container\" data-e-type=\"container\">\n\t\t\t\t<div class=\"elementor-element elementor-element-7bbcdee elementor-widget elementor-widget-heading\" data-id=\"7bbcdee\" data-element_type=\"widget\" data-e-type=\"widget\" data-widget_type=\"heading.default\">\n\t\t\t\t\t<h3 class=\"elementor-heading-title elementor-size-default\">Seguran\u00e7a e controle de risco<\/h3>\t\t\t\t<\/div>\n\t\t<div class=\"elementor-element elementor-element-2022679 e-con-full e-flex e-con e-child\" data-id=\"2022679\" data-element_type=\"container\" data-e-type=\"container\">\n\t\t\t\t<div class=\"elementor-element elementor-element-4522453 romb-text-list elementor-widget elementor-widget-text-editor\" data-id=\"4522453\" data-element_type=\"widget\" data-e-type=\"widget\" data-widget_type=\"text-editor.default\">\n\t\t\t\t\t\t\t\t\t<ul><li>Platform OVHcloud (legalmente OVH Groupe SA) \u00e9 um dos principais provedores de hospedagem e computa\u00e7\u00e3o em nuvem francesa. Atende a milh\u00f5es de clientes em todo o mundo com servi\u00e7os em nuvem, VPS, servidores dedicados e muito mais. A OVH se posiciona como uma alternativa europeia aos hiperescalonadores dos EUA, como AWS\/Azure, com \u00eanfase na soberania de dados para usu\u00e1rios da UE. OVH se compromete a cumprir os padr\u00f5es europeus de prote\u00e7\u00e3o de dados, como a UE <strong>Regulamento Geral de Prote\u00e7\u00e3o de Dados (GDPR)<\/strong>, que estabelece requisitos estritos sobre como os dados pessoais s\u00e3o tratados.<\/li><li><strong>Estruturas de seguran\u00e7a<\/strong>: A empresa mant\u00e9m um Sistema de Gerenciamento de Seguran\u00e7a da Informa\u00e7\u00e3o (ISMs) com auditorias internas e externas regulares, verifica\u00e7\u00e3o de vulnerabilidades e avalia\u00e7\u00f5es de risco.<\/li><li>Certos servi\u00e7os OVH possuem qualifica\u00e7\u00f5es de seguran\u00e7a de alto n\u00edvel, como <strong>[\u533b]\u585e\u7eb3\u59c6\u4e91<\/strong>, uma certifica\u00e7\u00e3o da ag\u00eancia francesa de seguran\u00e7a cibern\u00e9tica Anssi para ofertas de nuvem segura.<\/li><li><strong>Seguran\u00e7a do data center f\u00edsico<\/strong>: Os data centers t\u00eam controles f\u00edsicos fortes (acesso a crach\u00e1, vigil\u00e2ncia, sistemas de inc\u00eandio, energia redundante).<\/li><li><strong>soberania de dados<\/strong><\/li><li><strong>A OVH n\u00e3o acessa os dados do cliente a menos que expressamente permitido<\/strong>e quando o suporte ou manuten\u00e7\u00e3o requer acesso, todas as a\u00e7\u00f5es s\u00e3o rastreadas para responsabilidade.<\/li><\/ul>\t\t\t\t\t\t\t\t<\/div>\n\t\t\t\t<\/div>\n\t\t\t\t<\/div>\n\t\t\t\t<\/div>\n\t\t\t\t<\/div>\n\t\t\t\t<\/div>\n\t\t\t\t\t<\/div>\n\t\t\t\t<\/div>\n\t\t\t\t<\/div>","protected":false},"excerpt":{"rendered":"<p>Plataforma digital Uma plataforma m\u00f3vel e web que ajuda grupos de comunidades a gerenciar fundos, fazer cumprir as regras de governan\u00e7a e operar de forma transparente por meio de processos estruturados, dados compartilhados e salvaguardas integradas. Seguran\u00e7a, controle e solidariedade Projetado para gest\u00e3o financeira coletiva Plataforma m\u00f3vel (Android) O aplicativo Ma&#8217;at ajuda os grupos a [&hellip;]<\/p>\n","protected":false},"author":3,"featured_media":0,"parent":0,"menu_order":0,"comment_status":"closed","ping_status":"closed","template":"","meta":{"footnotes":""},"class_list":["post-1452","page","type-page","status-publish","hentry"],"_links":{"self":[{"href":"https:\/\/maatpeasant.com\/zh\/wp-json\/wp\/v2\/pages\/1452","targetHints":{"allow":["GET"]}}],"collection":[{"href":"https:\/\/maatpeasant.com\/zh\/wp-json\/wp\/v2\/pages"}],"about":[{"href":"https:\/\/maatpeasant.com\/zh\/wp-json\/wp\/v2\/types\/page"}],"author":[{"embeddable":true,"href":"https:\/\/maatpeasant.com\/zh\/wp-json\/wp\/v2\/users\/3"}],"replies":[{"embeddable":true,"href":"https:\/\/maatpeasant.com\/zh\/wp-json\/wp\/v2\/comments?post=1452"}],"version-history":[{"count":5,"href":"https:\/\/maatpeasant.com\/zh\/wp-json\/wp\/v2\/pages\/1452\/revisions"}],"predecessor-version":[{"id":1457,"href":"https:\/\/maatpeasant.com\/zh\/wp-json\/wp\/v2\/pages\/1452\/revisions\/1457"}],"wp:attachment":[{"href":"https:\/\/maatpeasant.com\/zh\/wp-json\/wp\/v2\/media?parent=1452"}],"curies":[{"name":"wp","href":"https:\/\/api.w.org\/{rel}","templated":true}]}}