{"id":269,"date":"2026-03-26T11:13:24","date_gmt":"2026-03-26T11:13:24","guid":{"rendered":"https:\/\/dev.maatpeasant.com\/?page_id=269"},"modified":"2026-04-22T15:14:59","modified_gmt":"2026-04-22T15:14:59","slug":"platform","status":"publish","type":"page","link":"https:\/\/maatpeasant.com\/pt\/platform\/","title":{"rendered":"Plataforma"},"content":{"rendered":"<div data-elementor-type=\"wp-page\" data-elementor-id=\"269\" class=\"elementor elementor-269\" data-elementor-post-type=\"page\">\n\t\t\t\t<div class=\"elementor-element elementor-element-452c20e e-flex e-con-boxed e-con e-parent\" data-id=\"452c20e\" data-element_type=\"container\" data-e-type=\"container\">\n\t\t\t\t\t<div class=\"e-con-inner\">\n\t\t<div class=\"elementor-element elementor-element-05a9f71 e-con-full global-paddings .panels e-flex e-con e-child\" data-id=\"05a9f71\" data-element_type=\"container\" data-e-type=\"container\">\n\t\t<div class=\"elementor-element elementor-element-4b4df8f e-con-full e-flex e-con e-child\" data-id=\"4b4df8f\" data-element_type=\"container\" data-e-type=\"container\" data-settings=\"{&quot;background_background&quot;:&quot;classic&quot;}\">\n\t\t<div class=\"elementor-element elementor-element-ffb0887 e-con-full e-flex e-con e-child\" data-id=\"ffb0887\" data-element_type=\"container\" data-e-type=\"container\">\n\t\t\t\t<div class=\"elementor-element elementor-element-d6ef825 elementor-widget-tablet__width-inherit elementor-widget elementor-widget-heading\" data-id=\"d6ef825\" data-element_type=\"widget\" data-e-type=\"widget\" data-widget_type=\"heading.default\">\n\t\t\t\t\t<h1 class=\"elementor-heading-title elementor-size-default\">Plataforma digital<\/h1>\t\t\t\t<\/div>\n\t\t\t\t<div class=\"elementor-element elementor-element-1f1b8d7 elementor-widget__width-initial elementor-widget elementor-widget-text-editor\" data-id=\"1f1b8d7\" data-element_type=\"widget\" data-e-type=\"widget\" data-widget_type=\"text-editor.default\">\n\t\t\t\t\t\t\t\t\t<p>Uma plataforma m\u00f3vel e web que ajuda grupos comunit\u00e1rios a gerir fundos, aplicar regras de governa\u00e7\u00e3o e operar de forma transparente atrav\u00e9s de processos estruturados, dados partilhados e salvaguardas incorporadas.<\/p>\t\t\t\t\t\t\t\t<\/div>\n\t\t\t\t<\/div>\n\t\t\t\t<\/div>\n\t\t\t\t<\/div>\n\t\t\t\t\t<\/div>\n\t\t\t\t<\/div>\n\t\t<div class=\"elementor-element elementor-element-16c28de e-flex e-con-boxed e-con e-parent\" data-id=\"16c28de\" data-element_type=\"container\" data-e-type=\"container\">\n\t\t\t\t\t<div class=\"e-con-inner\">\n\t\t<div class=\"elementor-element elementor-element-7b4ef10 e-con-full global-paddings e-flex e-con e-child\" data-id=\"7b4ef10\" data-element_type=\"container\" data-e-type=\"container\">\n\t\t<div class=\"elementor-element elementor-element-7019fdd e-con-full e-flex e-con e-child\" data-id=\"7019fdd\" data-element_type=\"container\" data-e-type=\"container\">\n\t\t<div class=\"elementor-element elementor-element-b665797 e-con-full e-flex e-con e-child\" data-id=\"b665797\" data-element_type=\"container\" data-e-type=\"container\">\n\t\t\t\t<div class=\"elementor-element elementor-element-5282a21 elementor-widget__width-initial elementor-widget elementor-widget-heading\" data-id=\"5282a21\" data-element_type=\"widget\" data-e-type=\"widget\" data-widget_type=\"heading.default\">\n\t\t\t\t\t<h2 class=\"elementor-heading-title elementor-size-default\">Seguran\u00e7a, Controlo e Solidariedade<\/h2>\t\t\t\t<\/div>\n\t\t\t\t<div class=\"elementor-element elementor-element-239b6cf elementor-widget__width-initial elementor-widget elementor-widget-text-editor\" data-id=\"239b6cf\" data-element_type=\"widget\" data-e-type=\"widget\" data-widget_type=\"text-editor.default\">\n\t\t\t\t\t\t\t\t\t<p>Projetado para Gest\u00e3o Financeira Coletiva<\/p>\t\t\t\t\t\t\t\t<\/div>\n\t\t\t\t<\/div>\n\t\t<div class=\"elementor-element elementor-element-8a47315 e-con-full e-grid e-con e-child\" data-id=\"8a47315\" data-element_type=\"container\" data-e-type=\"container\" data-settings=\"{&quot;background_background&quot;:&quot;classic&quot;}\">\n\t\t<div class=\"elementor-element elementor-element-f68b5a5 e-con-full e-flex e-con e-child\" data-id=\"f68b5a5\" data-element_type=\"container\" data-e-type=\"container\">\n\t\t\t\t<div class=\"elementor-element elementor-element-f01350f elementor-widget elementor-widget-heading\" data-id=\"f01350f\" data-element_type=\"widget\" data-e-type=\"widget\" data-widget_type=\"heading.default\">\n\t\t\t\t\t<h3 class=\"elementor-heading-title elementor-size-default\">Plataforma m\u00f3vel (Android)<\/h3>\t\t\t\t<\/div>\n\t\t<div class=\"elementor-element elementor-element-2389fbe e-con-full e-flex e-con e-child\" data-id=\"2389fbe\" data-element_type=\"container\" data-e-type=\"container\">\n\t\t\t\t<div class=\"elementor-element elementor-element-734d008 elementor-widget elementor-widget-text-editor\" data-id=\"734d008\" data-element_type=\"widget\" data-e-type=\"widget\" data-widget_type=\"text-editor.default\">\n\t\t\t\t\t\t\t\t\t<p>A App Ma\u2019at ajuda os grupos a gerir as suas atividades e transa\u00e7\u00f5es financeiras de forma estruturada e transparente. Constru\u00edda em torno das regras de governa\u00e7\u00e3o Ma\u2019at, a app guia os grupos nas suas reuni\u00f5es, regista transa\u00e7\u00f5es e alerta os utilizadores quando surgem riscos ou inconsist\u00eancias.<\/p>\t\t\t\t\t\t\t\t<\/div>\n\t\t\t\t<div class=\"elementor-element elementor-element-4c21f9d elementor-widget elementor-widget-text-editor\" data-id=\"4c21f9d\" data-element_type=\"widget\" data-e-type=\"widget\" data-widget_type=\"text-editor.default\">\n\t\t\t\t\t\t\t\t\t<p>Cada grupo elege dois escrutinadores respons\u00e1veis por introduzir as transac\u00e7\u00f5es durante as reuni\u00f5es. Esta responsabilidade partilhada garante continuidade e transpar\u00eancia, ao mesmo tempo que permite que a maioria dos membros aprenda como o sistema funciona.<\/p>\t\t\t\t\t\t\t\t<\/div>\n\t\t\t\t<div class=\"elementor-element elementor-element-6a3dcce elementor-widget elementor-widget-text-editor\" data-id=\"6a3dcce\" data-element_type=\"widget\" data-e-type=\"widget\" data-widget_type=\"text-editor.default\">\n\t\t\t\t\t\t\t\t\t<p>Todos os dados do grupo permanecem vis\u00edveis aos membros, criando total transpar\u00eancia e responsabilidade.<\/p>\t\t\t\t\t\t\t\t<\/div>\n\t\t\t\t<\/div>\n\t\t\t\t<\/div>\n\t\t<div class=\"elementor-element elementor-element-c2a53ac e-con-full e-flex e-con e-child\" data-id=\"c2a53ac\" data-element_type=\"container\" data-e-type=\"container\" data-settings=\"{&quot;background_background&quot;:&quot;classic&quot;}\">\n\t\t\t\t<\/div>\n\t\t\t\t<\/div>\n\t\t<div class=\"elementor-element elementor-element-c3f3f5e e-con-full e-grid e-con e-child\" data-id=\"c3f3f5e\" data-element_type=\"container\" data-e-type=\"container\" data-settings=\"{&quot;background_background&quot;:&quot;classic&quot;}\">\n\t\t<div class=\"elementor-element elementor-element-a01f91d e-con-full e-flex e-con e-child\" data-id=\"a01f91d\" data-element_type=\"container\" data-e-type=\"container\" data-settings=\"{&quot;background_background&quot;:&quot;classic&quot;}\">\n\t\t\t\t<\/div>\n\t\t<div class=\"elementor-element elementor-element-74c171c e-con-full e-flex e-con e-child\" data-id=\"74c171c\" data-element_type=\"container\" data-e-type=\"container\">\n\t\t\t\t<div class=\"elementor-element elementor-element-558f90b elementor-widget elementor-widget-heading\" data-id=\"558f90b\" data-element_type=\"widget\" data-e-type=\"widget\" data-widget_type=\"heading.default\">\n\t\t\t\t\t<h3 class=\"elementor-heading-title elementor-size-default\">Aplica\u00e7\u00e3o Web<\/h3>\t\t\t\t<\/div>\n\t\t<div class=\"elementor-element elementor-element-ec1e863 e-con-full e-flex e-con e-child\" data-id=\"ec1e863\" data-element_type=\"container\" data-e-type=\"container\">\n\t\t\t\t<div class=\"elementor-element elementor-element-10d78ba romb-text-list elementor-widget elementor-widget-text-editor\" data-id=\"10d78ba\" data-element_type=\"widget\" data-e-type=\"widget\" data-widget_type=\"text-editor.default\">\n\t\t\t\t\t\t\t\t\t<p>A plataforma Ma\u2019at \u00e9 administrada a n\u00edvel global pelos administradores camponeses Ma\u2019at. Estes s\u00e3o respons\u00e1veis pelo bom e correto funcionamento do registo e processamento de dados.<\/p><ul><li>Multilingue (EN, FR, ES, GL, PT, ZH)<\/li><li>Personalizado para cada pa\u00eds e cada grupo<\/li><li>Trens, imp\u00f5e transpar\u00eancia, encapsula as regras<\/li><li>Verifica\u00e7\u00f5es e alertas para prevenir erros ou fraude<\/li><li>Mant\u00e9m o hist\u00f3rico e registos completos<\/li><\/ul>\t\t\t\t\t\t\t\t<\/div>\n\t\t\t\t<\/div>\n\t\t\t\t<\/div>\n\t\t\t\t<\/div>\n\t\t<div class=\"elementor-element elementor-element-1223f86 e-con-full e-grid e-con e-child\" data-id=\"1223f86\" data-element_type=\"container\" data-e-type=\"container\" data-settings=\"{&quot;background_background&quot;:&quot;classic&quot;}\">\n\t\t<div class=\"elementor-element elementor-element-1c52eec e-con-full e-flex e-con e-child\" data-id=\"1c52eec\" data-element_type=\"container\" data-e-type=\"container\">\n\t\t\t\t<div class=\"elementor-element elementor-element-97f02ac elementor-widget elementor-widget-heading\" data-id=\"97f02ac\" data-element_type=\"widget\" data-e-type=\"widget\" data-widget_type=\"heading.default\">\n\t\t\t\t\t<h3 class=\"elementor-heading-title elementor-size-default\">Infraestrutura de TI<\/h3>\t\t\t\t<\/div>\n\t\t<div class=\"elementor-element elementor-element-3c6c29d e-con-full e-flex e-con e-child\" data-id=\"3c6c29d\" data-element_type=\"container\" data-e-type=\"container\">\n\t\t\t\t<div class=\"elementor-element elementor-element-325d00e elementor-widget elementor-widget-text-editor\" data-id=\"325d00e\" data-element_type=\"widget\" data-e-type=\"widget\" data-widget_type=\"text-editor.default\">\n\t\t\t\t\t\t\t\t\t<strong style=\"color: #161514;\">Velocidade<\/strong><\/br>\nDesempenho de plataforma r\u00e1pido e responsivo para utiliza\u00e7\u00e3o sem falhas durante reuni\u00f5es de grupo e opera\u00e7\u00f5es di\u00e1rias.\t\t\t\t\t\t\t\t<\/div>\n\t\t\t\t<div class=\"elementor-element elementor-element-a413815 elementor-widget elementor-widget-text-editor\" data-id=\"a413815\" data-element_type=\"widget\" data-e-type=\"widget\" data-widget_type=\"text-editor.default\">\n\t\t\t\t\t\t\t\t\t<strong style=\"color: #161514;\">Alta Disponibilidade<\/strong><\/br>\nProjetado para permanecer acess\u00edvel sempre que os grupos precisarem, com um desempenho de sistema est\u00e1vel e confi\u00e1vel.\t\t\t\t\t\t\t\t<\/div>\n\t\t\t\t<div class=\"elementor-element elementor-element-26510d3 elementor-widget elementor-widget-text-editor\" data-id=\"26510d3\" data-element_type=\"widget\" data-e-type=\"widget\" data-widget_type=\"text-editor.default\">\n\t\t\t\t\t\t\t\t\t<p><strong style=\"color: #161514;\">Seguran\u00e7a e Redund\u00e2ncia de Dados<br \/><\/strong>Armazenamento seguro de dados com sistemas de c\u00f3pia de seguran\u00e7a que protegem a informa\u00e7\u00e3o e garantem a integridade dos dados.<\/p>\t\t\t\t\t\t\t\t<\/div>\n\t\t\t\t<div class=\"elementor-element elementor-element-e6ce029 elementor-widget elementor-widget-text-editor\" data-id=\"e6ce029\" data-element_type=\"widget\" data-e-type=\"widget\" data-widget_type=\"text-editor.default\">\n\t\t\t\t\t\t\t\t\t<p><strong style=\"color: #161514;\">Acesso Global<br \/><\/strong>Acess\u00edvel a partir de qualquer lugar, permitindo que a rede Ma\u2019at opere entre pa\u00edses e comunidades.<\/p>\t\t\t\t\t\t\t\t<\/div>\n\t\t\t\t<\/div>\n\t\t\t\t<\/div>\n\t\t<div class=\"elementor-element elementor-element-ed10729 e-con-full e-flex e-con e-child\" data-id=\"ed10729\" data-element_type=\"container\" data-e-type=\"container\" data-settings=\"{&quot;background_background&quot;:&quot;classic&quot;}\">\n\t\t\t\t<\/div>\n\t\t\t\t<\/div>\n\t\t<div class=\"elementor-element elementor-element-5006617 e-con-full e-grid e-con e-child\" data-id=\"5006617\" data-element_type=\"container\" data-e-type=\"container\" data-settings=\"{&quot;background_background&quot;:&quot;classic&quot;}\">\n\t\t<div class=\"elementor-element elementor-element-7331935 e-con-full e-flex e-con e-child\" data-id=\"7331935\" data-element_type=\"container\" data-e-type=\"container\" data-settings=\"{&quot;background_background&quot;:&quot;classic&quot;}\">\n\t\t\t\t<\/div>\n\t\t<div class=\"elementor-element elementor-element-e1c1897 e-con-full e-flex e-con e-child\" data-id=\"e1c1897\" data-element_type=\"container\" data-e-type=\"container\">\n\t\t\t\t<div class=\"elementor-element elementor-element-fcd25cd elementor-widget elementor-widget-heading\" data-id=\"fcd25cd\" data-element_type=\"widget\" data-e-type=\"widget\" data-widget_type=\"heading.default\">\n\t\t\t\t\t<h3 class=\"elementor-heading-title elementor-size-default\">Ferramentas de aplica\u00e7\u00e3o de governan\u00e7a<\/h3>\t\t\t\t<\/div>\n\t\t<div class=\"elementor-element elementor-element-4eca6fa e-con-full e-flex e-con e-child\" data-id=\"4eca6fa\" data-element_type=\"container\" data-e-type=\"container\">\n\t\t\t\t<div class=\"elementor-element elementor-element-41bcd7e romb-text-list elementor-widget elementor-widget-text-editor\" data-id=\"41bcd7e\" data-element_type=\"widget\" data-e-type=\"widget\" data-widget_type=\"text-editor.default\">\n\t\t\t\t\t\t\t\t\t<p>A boa governa\u00e7\u00e3o \u00e9 o que garante o sucesso e a longevidade do grupo. Antes de lan\u00e7ar o grupo, os membros negociam e assinam a sua Carta de Grupo.<\/p><ul><li>Os limites sobre quem pode participar e o que o grupo pode alcan\u00e7ar est\u00e3o claramente definidos<\/li><li>As culturas e ecologias locais determinam as escolhas dos grupos<\/li><li>A tomada de decis\u00e3o baseia-se na participa\u00e7\u00e3o de todos<\/li><li>Os l\u00edderes de grupo s\u00e3o respons\u00e1veis pelo correto funcionamento do grupo.<\/li><li>O Grupo define san\u00e7\u00f5es progressivas para aqueles que n\u00e3o respeitarem a Carta acordada, com advert\u00eancias e multas progressivas<\/li><li>Os procedimentos de resolu\u00e7\u00e3o de conflitos baseiam-se na resolu\u00e7\u00e3o em fase inicial. Um facilitador externo atua como moderador em caso de necessidade.<\/li><li>O Grupo \u00e9 conhecido na comunidade e celebra conquistas em eventos de fim de ciclo.<\/li><li>O Grupo faz parte de uma rede Ma\u2019at maior, a n\u00edvel local e internacional, que o apoia e acompanha.<\/li><\/ul>\t\t\t\t\t\t\t\t<\/div>\n\t\t\t\t<\/div>\n\t\t\t\t<\/div>\n\t\t\t\t<\/div>\n\t\t<div class=\"elementor-element elementor-element-76eeda1 e-con-full e-grid e-con e-child\" data-id=\"76eeda1\" data-element_type=\"container\" data-e-type=\"container\" data-settings=\"{&quot;background_background&quot;:&quot;classic&quot;}\">\n\t\t<div class=\"elementor-element elementor-element-b8cef4b e-con-full e-flex e-con e-child\" data-id=\"b8cef4b\" data-element_type=\"container\" data-e-type=\"container\">\n\t\t\t\t<div class=\"elementor-element elementor-element-151b9eb elementor-widget elementor-widget-heading\" data-id=\"151b9eb\" data-element_type=\"widget\" data-e-type=\"widget\" data-widget_type=\"heading.default\">\n\t\t\t\t\t<h3 class=\"elementor-heading-title elementor-size-default\">Transpar\u00eancia de dados<\/h3>\t\t\t\t<\/div>\n\t\t<div class=\"elementor-element elementor-element-b3d443b e-con-full e-flex e-con e-child\" data-id=\"b3d443b\" data-element_type=\"container\" data-e-type=\"container\">\n\t\t<div class=\"elementor-element elementor-element-f746b5e e-con-full e-flex e-con e-child\" data-id=\"f746b5e\" data-element_type=\"container\" data-e-type=\"container\">\n\t\t\t\t<div class=\"elementor-element elementor-element-babe497 romb-text-list elementor-widget elementor-widget-text-editor\" data-id=\"babe497\" data-element_type=\"widget\" data-e-type=\"widget\" data-widget_type=\"text-editor.default\">\n\t\t\t\t\t\t\t\t\t<ul><li>Os dados s\u00e3o registados em cadernos e telem\u00f3veis do grupo e s\u00e3o transferidos para o servidor gerido pelos administradores da Ma'at na organiza\u00e7\u00e3o sem fins lucrativos Ma'at Peasant (com sede em Fran\u00e7a).<\/li><li>Os dados s\u00e3o totalmente transparentes para os membros do grupo e est\u00e3o dispon\u00edveis a qualquer momento.<\/li><li>N\u00e3o s\u00e3o recolhidos nem partilhados dados pessoais<\/li><li>O Grupo define san\u00e7\u00f5es progressivas para aqueles que n\u00e3o respeitarem a Carta acordada, com advert\u00eancias e multas progressivas<\/li><li>A privacidade \u00e9 garantida<\/li><li>N\u00edveis de acesso diferentes a fun\u00e7\u00f5es e dados com base em fun\u00e7\u00f5es (administrador, gestor, registador, utilizador)<\/li><\/ul>\t\t\t\t\t\t\t\t<\/div>\n\t\t\t\t<\/div>\n\t\t\t\t<\/div>\n\t\t\t\t<\/div>\n\t\t<div class=\"elementor-element elementor-element-958cdf0 e-con-full e-flex e-con e-child\" data-id=\"958cdf0\" data-element_type=\"container\" data-e-type=\"container\" data-settings=\"{&quot;background_background&quot;:&quot;classic&quot;}\">\n\t\t\t\t<\/div>\n\t\t\t\t<\/div>\n\t\t<div class=\"elementor-element elementor-element-c66f3cf e-con-full e-grid e-con e-child\" data-id=\"c66f3cf\" data-element_type=\"container\" data-e-type=\"container\" data-settings=\"{&quot;background_background&quot;:&quot;classic&quot;}\">\n\t\t<div class=\"elementor-element elementor-element-826995d e-con-full e-flex e-con e-child\" data-id=\"826995d\" data-element_type=\"container\" data-e-type=\"container\" data-settings=\"{&quot;background_background&quot;:&quot;classic&quot;}\">\n\t\t\t\t<\/div>\n\t\t<div class=\"elementor-element elementor-element-86df049 e-con-full e-flex e-con e-child\" data-id=\"86df049\" data-element_type=\"container\" data-e-type=\"container\">\n\t\t\t\t<div class=\"elementor-element elementor-element-7bbcdee elementor-widget elementor-widget-heading\" data-id=\"7bbcdee\" data-element_type=\"widget\" data-e-type=\"widget\" data-widget_type=\"heading.default\">\n\t\t\t\t\t<h3 class=\"elementor-heading-title elementor-size-default\">Seguran\u00e7a e controlo de riscos<\/h3>\t\t\t\t<\/div>\n\t\t<div class=\"elementor-element elementor-element-2022679 e-con-full e-flex e-con e-child\" data-id=\"2022679\" data-element_type=\"container\" data-e-type=\"container\">\n\t\t\t\t<div class=\"elementor-element elementor-element-4522453 romb-text-list elementor-widget elementor-widget-text-editor\" data-id=\"4522453\" data-element_type=\"widget\" data-e-type=\"widget\" data-widget_type=\"text-editor.default\">\n\t\t\t\t\t\t\t\t\t<ul><li>A plataforma OVHcloud (legalmente OVH Groupe SA) \u00e9 um importante fornecedor franc\u00eas de computa\u00e7\u00e3o em nuvem e alojamento. Serve milh\u00f5es de clientes a n\u00edvel mundial com servi\u00e7os de nuvem, VPS, servidores dedicados e mais. A OVH posiciona-se como uma alternativa europeia aos hiperscaladores norte-americanos como AWS\/Azure, com \u00eanfase na soberania dos dados para utilizadores da UE. A OVH compromete-se a cumprir as normas europeias de prote\u00e7\u00e3o de dados, como o RGPD <strong>Regulamento Geral sobre a Prote\u00e7\u00e3o de Dados (RGPD)<\/strong>, que imp\u00f5e requisitos rigorosos sobre como os dados pessoais s\u00e3o tratados.<\/li><li><strong>Estruturas de seguran\u00e7a<\/strong>A empresa mant\u00e9m um Sistema de Gest\u00e3o da Seguran\u00e7a da Informa\u00e7\u00e3o (SGSI) com auditorias internas e externas regulares, an\u00e1lise de vulnerabilidades e avalia\u00e7\u00f5es de risco.<\/li><li>Servi\u00e7os espec\u00edficos da OVH possuem qualifica\u00e7\u00f5es de alta seguran\u00e7a como <strong>SecNumCloud<\/strong>, uma certifica\u00e7\u00e3o da ag\u00eancia francesa de ciberseguran\u00e7a ANSSI para ofertas de cloud seguras.<\/li><li><strong>Seguran\u00e7a f\u00edsica do centro de dados<\/strong>Os centros de dados possuem controlos f\u00edsicos robustos (acesso por crach\u00e1, vigil\u00e2ncia, sistemas de combate a inc\u00eandios, energia redundante).<\/li><li><strong>Soberania de Dados<\/strong><\/li><li><strong>A OVH n\u00e3o acede aos dados dos clientes, exceto se expressamente autorizado<\/strong>, e quando o suporte ou a manuten\u00e7\u00e3o requerem acesso, todas as a\u00e7\u00f5es s\u00e3o rastreadas para responsabiliza\u00e7\u00e3o.<\/li><\/ul>\t\t\t\t\t\t\t\t<\/div>\n\t\t\t\t<\/div>\n\t\t\t\t<\/div>\n\t\t\t\t<\/div>\n\t\t\t\t<\/div>\n\t\t\t\t<\/div>\n\t\t\t\t\t<\/div>\n\t\t\t\t<\/div>\n\t\t\t\t<\/div>","protected":false},"excerpt":{"rendered":"<p>Digital platform\u200b A mobile and web platform that helps community groups manage funds, enforce governance rules, and operate transparently through structured processes, shared data, and built-in safeguards. Security, Control &amp; Solidarity Designed for Collective Financial Management Mobile platform (Android) The Ma\u2019at App helps groups manage their activities and financial transactions in a structured and transparent [&hellip;]<\/p>\n","protected":false},"author":3,"featured_media":0,"parent":0,"menu_order":0,"comment_status":"closed","ping_status":"closed","template":"","meta":{"footnotes":""},"class_list":["post-269","page","type-page","status-publish","hentry"],"_links":{"self":[{"href":"https:\/\/maatpeasant.com\/pt\/wp-json\/wp\/v2\/pages\/269","targetHints":{"allow":["GET"]}}],"collection":[{"href":"https:\/\/maatpeasant.com\/pt\/wp-json\/wp\/v2\/pages"}],"about":[{"href":"https:\/\/maatpeasant.com\/pt\/wp-json\/wp\/v2\/types\/page"}],"author":[{"embeddable":true,"href":"https:\/\/maatpeasant.com\/pt\/wp-json\/wp\/v2\/users\/3"}],"replies":[{"embeddable":true,"href":"https:\/\/maatpeasant.com\/pt\/wp-json\/wp\/v2\/comments?post=269"}],"version-history":[{"count":58,"href":"https:\/\/maatpeasant.com\/pt\/wp-json\/wp\/v2\/pages\/269\/revisions"}],"predecessor-version":[{"id":1561,"href":"https:\/\/maatpeasant.com\/pt\/wp-json\/wp\/v2\/pages\/269\/revisions\/1561"}],"wp:attachment":[{"href":"https:\/\/maatpeasant.com\/pt\/wp-json\/wp\/v2\/media?parent=269"}],"curies":[{"name":"wp","href":"https:\/\/api.w.org\/{rel}","templated":true}]}}