{"id":264,"date":"2026-03-26T11:12:11","date_gmt":"2026-03-26T11:12:11","guid":{"rendered":"https:\/\/dev.maatpeasant.com\/?page_id=264"},"modified":"2026-04-14T11:41:36","modified_gmt":"2026-04-14T11:41:36","slug":"how-it-works","status":"publish","type":"page","link":"https:\/\/maatpeasant.com\/pt\/how-it-works\/","title":{"rendered":"Como funciona"},"content":{"rendered":"<div data-elementor-type=\"wp-page\" data-elementor-id=\"264\" class=\"elementor elementor-264\" data-elementor-post-type=\"page\">\n\t\t\t\t<div class=\"elementor-element elementor-element-dbe62df e-flex e-con-boxed e-con e-parent\" data-id=\"dbe62df\" data-element_type=\"container\" data-e-type=\"container\">\n\t\t\t\t\t<div class=\"e-con-inner\">\n\t\t<div class=\"elementor-element elementor-element-dfb660c e-con-full global-paddings e-flex e-con e-child\" data-id=\"dfb660c\" data-element_type=\"container\" data-e-type=\"container\">\n\t\t<div class=\"elementor-element elementor-element-d76f391 e-con-full e-grid e-con e-child\" data-id=\"d76f391\" data-element_type=\"container\" data-e-type=\"container\">\n\t\t<div class=\"elementor-element elementor-element-f2f8436 e-con-full e-flex e-con e-child\" data-id=\"f2f8436\" data-element_type=\"container\" data-e-type=\"container\">\n\t\t\t\t<div class=\"elementor-element elementor-element-81d0a07 elementor-widget elementor-widget-heading\" data-id=\"81d0a07\" data-element_type=\"widget\" data-e-type=\"widget\" data-widget_type=\"heading.default\">\n\t\t\t\t\t<h2 class=\"elementor-heading-title elementor-size-default\">Riqueza coletiva atrav\u00e9s da solidariedade<\/h2>\t\t\t\t<\/div>\n\t\t\t\t<div class=\"elementor-element elementor-element-bd5a485 elementor-widget__width-initial elementor-widget elementor-widget-text-editor\" data-id=\"bd5a485\" data-element_type=\"widget\" data-e-type=\"widget\" data-widget_type=\"text-editor.default\">\n\t\t\t\t\t\t\t\t\t<p>Desde a forma\u00e7\u00e3o de um grupo \u00e0 gest\u00e3o de um fundo partilhado, o modelo Ma'at fornece ferramentas, regras de governa\u00e7\u00e3o e infraestrutura digital para ajudar as comunidades a aumentar a sua riqueza coletiva.<\/p>\t\t\t\t\t\t\t\t<\/div>\n\t\t<div class=\"elementor-element elementor-element-56553ac e-con-full e-flex e-con e-child\" data-id=\"56553ac\" data-element_type=\"container\" data-e-type=\"container\">\n\t\t\t\t<div class=\"elementor-element elementor-element-0de1e8e elementor-widget elementor-widget-button\" data-id=\"0de1e8e\" data-element_type=\"widget\" data-e-type=\"widget\" data-widget_type=\"button.default\">\n\t\t\t\t\t\t\t\t\t\t<a class=\"elementor-button elementor-button-link elementor-size-sm\" href=\"mailto:info@maatpeasant.com\" target=\"_blank\">\n\t\t\t\t\t\t<span class=\"elementor-button-content-wrapper\">\n\t\t\t\t\t\t\t\t\t<span class=\"elementor-button-text\">Come\u00e7ar<\/span>\n\t\t\t\t\t<\/span>\n\t\t\t\t\t<\/a>\n\t\t\t\t\t\t\t\t<\/div>\n\t\t\t\t<\/div>\n\t\t\t\t<\/div>\n\t\t<div class=\"elementor-element elementor-element-a80e63b e-con-full e-flex e-con e-child\" data-id=\"a80e63b\" data-element_type=\"container\" data-e-type=\"container\" data-settings=\"{&quot;background_background&quot;:&quot;classic&quot;}\">\n\t\t\t\t<\/div>\n\t\t\t\t<\/div>\n\t\t\t\t<\/div>\n\t\t\t\t\t<\/div>\n\t\t\t\t<\/div>\n\t\t<div class=\"elementor-element elementor-element-d91f651 e-flex e-con-boxed e-con e-parent\" data-id=\"d91f651\" data-element_type=\"container\" data-e-type=\"container\">\n\t\t\t\t\t<div class=\"e-con-inner\">\n\t\t<div class=\"elementor-element elementor-element-894461a e-con-full global-paddings e-flex e-con e-child\" data-id=\"894461a\" data-element_type=\"container\" data-e-type=\"container\">\n\t\t<div class=\"elementor-element elementor-element-328b50a e-con-full e-flex e-con e-child\" data-id=\"328b50a\" data-element_type=\"container\" data-e-type=\"container\">\n\t\t<div class=\"elementor-element elementor-element-9440bc9 e-con-full e-flex e-con e-child\" data-id=\"9440bc9\" data-element_type=\"container\" data-e-type=\"container\">\n\t\t\t\t<div class=\"elementor-element elementor-element-9ca0715 elementor-widget elementor-widget-heading\" data-id=\"9ca0715\" data-element_type=\"widget\" data-e-type=\"widget\" data-widget_type=\"heading.default\">\n\t\t\t\t\t<h2 class=\"elementor-heading-title elementor-size-default\">Como funciona a Ma'at<\/h2>\t\t\t\t<\/div>\n\t\t\t\t<div class=\"elementor-element elementor-element-057241b elementor-widget__width-initial elementor-widget elementor-widget-text-editor\" data-id=\"057241b\" data-element_type=\"widget\" data-e-type=\"widget\" data-widget_type=\"text-editor.default\">\n\t\t\t\t\t\t\t\t\t<p>Seis passos simples que ajudam as comunidades a construir e gerir o seu fundo coletivo.<\/p>\t\t\t\t\t\t\t\t<\/div>\n\t\t\t\t<div class=\"elementor-element elementor-element-fab60ad elementor-absolute elementor-widget-mobile__width-initial elementor-widget elementor-widget-image\" data-id=\"fab60ad\" data-element_type=\"widget\" data-e-type=\"widget\" data-settings=\"{&quot;_position&quot;:&quot;absolute&quot;}\" data-widget_type=\"image.default\">\n\t\t\t\t\t\t\t\t\t\t\t\t\t\t\t<img decoding=\"async\" src=\"https:\/\/maatpeasant.com\/wp-content\/uploads\/elementor\/thumbs\/Mata-element-title-rkzc0e31i42wvre903jppmysau7e56wkpc70bugg5e.png\" title=\"Mata-t\u00edtulo-elemento\" alt=\"Mata-t\u00edtulo-elemento\" loading=\"lazy\" \/>\t\t\t\t\t\t\t\t\t\t\t\t\t\t\t<\/div>\n\t\t\t\t<\/div>\n\t\t<div class=\"elementor-element elementor-element-4877d0e e-con-full e-grid e-con e-child\" data-id=\"4877d0e\" data-element_type=\"container\" data-e-type=\"container\" data-settings=\"{&quot;background_background&quot;:&quot;classic&quot;}\">\n\t\t<div class=\"elementor-element elementor-element-5652e9c e-con-full e-flex e-con e-child\" data-id=\"5652e9c\" data-element_type=\"container\" data-e-type=\"container\">\n\t\t\t\t<div class=\"elementor-element elementor-element-4c24d18 elementor-widget elementor-widget-heading\" data-id=\"4c24d18\" data-element_type=\"widget\" data-e-type=\"widget\" data-widget_type=\"heading.default\">\n\t\t\t\t\t<h3 class=\"elementor-heading-title elementor-size-default\">Forma\u00e7\u00e3o de Grupos<\/h3>\t\t\t\t<\/div>\n\t\t<div class=\"elementor-element elementor-element-c43d6ca e-con-full e-flex e-con e-child\" data-id=\"c43d6ca\" data-element_type=\"container\" data-e-type=\"container\">\n\t\t\t\t<div class=\"elementor-element elementor-element-3171856 elementor-widget elementor-widget-text-editor\" data-id=\"3171856\" data-element_type=\"widget\" data-e-type=\"widget\" data-widget_type=\"text-editor.default\">\n\t\t\t\t\t\t\t\t\t<p>As comunidades interessadas em aderir \u00e0 rede Ma'at come\u00e7am com uma s\u00e9rie de sess\u00f5es de brainstorming para definir os seus objetivos partilhados, valores e princ\u00edpios de coopera\u00e7\u00e3o.<\/p>\t\t\t\t\t\t\t\t<\/div>\n\t\t\t\t<div class=\"elementor-element elementor-element-0f56ce3 elementor-widget elementor-widget-text-editor\" data-id=\"0f56ce3\" data-element_type=\"widget\" data-e-type=\"widget\" data-widget_type=\"text-editor.default\">\n\t\t\t\t\t\t\t\t\t<p>Com o apoio da equipa Ma'at e de um gestor local, o grupo forma-se em torno de 10 a 30 membros, escolhe um nome e estabelece os seus objetivos coletivos.<\/p>\t\t\t\t\t\t\t\t<\/div>\n\t\t\t\t<div class=\"elementor-element elementor-element-24be4b8 elementor-widget elementor-widget-text-editor\" data-id=\"24be4b8\" data-element_type=\"widget\" data-e-type=\"widget\" data-widget_type=\"text-editor.default\">\n\t\t\t\t\t\t\t\t\t<p>Durante a fase inicial, o grupo recebe orienta\u00e7\u00e3o e forma\u00e7\u00e3o para se tornar totalmente operacional, at\u00e9 que ganhe autonomia e governan\u00e7a autossustent\u00e1vel.<\/p>\t\t\t\t\t\t\t\t<\/div>\n\t\t\t\t<\/div>\n\t\t\t\t<\/div>\n\t\t<div class=\"elementor-element elementor-element-7cc1b15 e-con-full e-flex e-con e-child\" data-id=\"7cc1b15\" data-element_type=\"container\" data-e-type=\"container\" data-settings=\"{&quot;background_background&quot;:&quot;classic&quot;}\">\n\t\t\t\t<\/div>\n\t\t\t\t<\/div>\n\t\t<div class=\"elementor-element elementor-element-9fa1533 e-con-full e-grid e-con e-child\" data-id=\"9fa1533\" data-element_type=\"container\" data-e-type=\"container\" data-settings=\"{&quot;background_background&quot;:&quot;classic&quot;}\">\n\t\t<div class=\"elementor-element elementor-element-6d53afe e-con-full e-flex e-con e-child\" data-id=\"6d53afe\" data-element_type=\"container\" data-e-type=\"container\">\n\t\t\t\t<div class=\"elementor-element elementor-element-9f949f9 elementor-widget elementor-widget-heading\" data-id=\"9f949f9\" data-element_type=\"widget\" data-e-type=\"widget\" data-widget_type=\"heading.default\">\n\t\t\t\t\t<h3 class=\"elementor-heading-title elementor-size-default\">Governa\u00e7\u00e3o Democr\u00e1tica<\/h3>\t\t\t\t<\/div>\n\t\t<div class=\"elementor-element elementor-element-0aa12aa e-con-full e-flex e-con e-child\" data-id=\"0aa12aa\" data-element_type=\"container\" data-e-type=\"container\">\n\t\t\t\t<div class=\"elementor-element elementor-element-d39bb7d elementor-widget elementor-widget-text-editor\" data-id=\"d39bb7d\" data-element_type=\"widget\" data-e-type=\"widget\" data-widget_type=\"text-editor.default\">\n\t\t\t\t\t\t\t\t\t<p>Cada grupo Ma\u2019at elege a sua equipa de lideran\u00e7a anualmente para garantir a tomada de decis\u00f5es transparente e equilibrada. A equipa diretora inclui tipicamente um coordenador e dois tesoureiros respons\u00e1veis por manter as atividades do grupo a decorrer sem problemas.<\/p>\t\t\t\t\t\t\t\t<\/div>\n\t\t\t\t<div class=\"elementor-element elementor-element-89c6e78 elementor-widget elementor-widget-text-editor\" data-id=\"89c6e78\" data-element_type=\"widget\" data-e-type=\"widget\" data-widget_type=\"text-editor.default\">\n\t\t\t\t\t\t\t\t\t<p>Juntos, os membros definem pap\u00e9is de lideran\u00e7a, princ\u00edpios de governa\u00e7\u00e3o e regras internas que orientam as opera\u00e7\u00f5es do grupo. Estas regras constituem um acordo formal assinado por todos os membros, garantindo equidade, transpar\u00eancia e inclus\u00e3o, ao mesmo tempo que permitem a rota\u00e7\u00e3o das responsabilidades de lideran\u00e7a ao longo do tempo.<\/p>\t\t\t\t\t\t\t\t<\/div>\n\t\t\t\t<div class=\"elementor-element elementor-element-141f493 elementor-widget elementor-widget-text-editor\" data-id=\"141f493\" data-element_type=\"widget\" data-e-type=\"widget\" data-widget_type=\"text-editor.default\">\n\t\t\t\t\t\t\t\t\t<p>Durante a fase inicial, o grupo recebe orienta\u00e7\u00e3o e forma\u00e7\u00e3o para se tornar totalmente operacional, at\u00e9 que ganhe autonomia e governan\u00e7a autossustent\u00e1vel.<\/p>\t\t\t\t\t\t\t\t<\/div>\n\t\t\t\t<\/div>\n\t\t\t\t<\/div>\n\t\t<div class=\"elementor-element elementor-element-42c1807 e-con-full e-flex e-con e-child\" data-id=\"42c1807\" data-element_type=\"container\" data-e-type=\"container\" data-settings=\"{&quot;background_background&quot;:&quot;classic&quot;}\">\n\t\t\t\t<\/div>\n\t\t\t\t<\/div>\n\t\t<div class=\"elementor-element elementor-element-38d1a2d e-con-full e-grid e-con e-child\" data-id=\"38d1a2d\" data-element_type=\"container\" data-e-type=\"container\" data-settings=\"{&quot;background_background&quot;:&quot;classic&quot;}\">\n\t\t<div class=\"elementor-element elementor-element-8b6ed33 e-con-full e-flex e-con e-child\" data-id=\"8b6ed33\" data-element_type=\"container\" data-e-type=\"container\">\n\t\t\t\t<div class=\"elementor-element elementor-element-feca9c7 elementor-widget elementor-widget-heading\" data-id=\"feca9c7\" data-element_type=\"widget\" data-e-type=\"widget\" data-widget_type=\"heading.default\">\n\t\t\t\t\t<h3 class=\"elementor-heading-title elementor-size-default\">Forma\u00e7\u00e3o e Desenvolvimento de Capacidades\u200b<\/h3>\t\t\t\t<\/div>\n\t\t<div class=\"elementor-element elementor-element-436e0a6 e-con-full e-flex e-con e-child\" data-id=\"436e0a6\" data-element_type=\"container\" data-e-type=\"container\">\n\t\t\t\t<div class=\"elementor-element elementor-element-420c6ff elementor-widget elementor-widget-text-editor\" data-id=\"420c6ff\" data-element_type=\"widget\" data-e-type=\"widget\" data-widget_type=\"text-editor.default\">\n\t\t\t\t\t\t\t\t\t<p style=\"margin: 0 0 12px;\"><strong>1. Reflex\u00e3o comunit\u00e1ria.<\/strong> Compreender os sistemas financeiros atuais e definir valores partilhados.<\/p><p style=\"margin: 0 0 12px;\"><strong>2. Configura\u00e7\u00e3o da governa\u00e7\u00e3o.<\/strong> Elei\u00e7\u00e3o de dirigentes e defini\u00e7\u00e3o de responsabilidades.<\/p><p style=\"margin: 0 0 12px;\"><strong>3. Regulamento interno.<\/strong> Defini\u00e7\u00e3o de contribui\u00e7\u00f5es, avan\u00e7os, salvaguardas e objetivos do grupo.<\/p><p style=\"margin: 0 0 12px;\"><strong>4. Estrutura da reuni\u00e3o.<\/strong> Aprender o processo de reuni\u00e3o de sete passos para garantir a transpar\u00eancia.<\/p><p style=\"margin: 0;\"><strong>5. Ferramentas digitais.<\/strong> Forma\u00e7\u00e3o de contabilistas para utilizarem a aplica\u00e7\u00e3o Ma\u2019at na gest\u00e3o de transa\u00e7\u00f5es.<\/p>\t\t\t\t\t\t\t\t<\/div>\n\t\t\t\t<div class=\"elementor-element elementor-element-5bce7f5 elementor-widget elementor-widget-text-editor\" data-id=\"5bce7f5\" data-element_type=\"widget\" data-e-type=\"widget\" data-widget_type=\"text-editor.default\">\n\t\t\t\t\t\t\t\t\t<p>Estes m\u00f3dulos ajudam os grupos a tornarem-se resilientes, aut\u00f3nomos e capazes de aumentar o seu patrim\u00f3nio coletivo.<\/p>\t\t\t\t\t\t\t\t<\/div>\n\t\t\t\t<\/div>\n\t\t\t\t<\/div>\n\t\t<div class=\"elementor-element elementor-element-6250cce e-con-full e-flex e-con e-child\" data-id=\"6250cce\" data-element_type=\"container\" data-e-type=\"container\" data-settings=\"{&quot;background_background&quot;:&quot;classic&quot;}\">\n\t\t\t\t<\/div>\n\t\t\t\t<\/div>\n\t\t<div class=\"elementor-element elementor-element-f215c64 e-con-full e-grid e-con e-child\" data-id=\"f215c64\" data-element_type=\"container\" data-e-type=\"container\" data-settings=\"{&quot;background_background&quot;:&quot;classic&quot;}\">\n\t\t<div class=\"elementor-element elementor-element-d075ec1 e-con-full e-flex e-con e-child\" data-id=\"d075ec1\" data-element_type=\"container\" data-e-type=\"container\">\n\t\t\t\t<div class=\"elementor-element elementor-element-961183c elementor-widget elementor-widget-heading\" data-id=\"961183c\" data-element_type=\"widget\" data-e-type=\"widget\" data-widget_type=\"heading.default\">\n\t\t\t\t\t<h3 class=\"elementor-heading-title elementor-size-default\">Constru\u00e7\u00e3o do Fundo Coletivo<\/h3>\t\t\t\t<\/div>\n\t\t<div class=\"elementor-element elementor-element-87e5568 e-con-full e-flex e-con e-child\" data-id=\"87e5568\" data-element_type=\"container\" data-e-type=\"container\">\n\t\t\t\t<div class=\"elementor-element elementor-element-ddcd602 elementor-widget elementor-widget-text-editor\" data-id=\"ddcd602\" data-element_type=\"widget\" data-e-type=\"widget\" data-widget_type=\"text-editor.default\">\n\t\t\t\t\t\t\t\t\t<p>Os grupos Ma'at re\u00fanem-se regularmente, geralmente uma vez por semana, para reuni\u00f5es curtas com a dura\u00e7\u00e3o de cerca de 20-30 minutos. Durante cada reuni\u00e3o:<\/p><p>\u2022 Os membros contribuem com fundos de acordo com as regras acordadas.<\/p><p>\u2022 Os membros podem solicitar adiantamentos de capital (maats)<\/p><p>\u2022 Todas as transa\u00e7\u00f5es s\u00e3o registadas de forma transparente<\/p>\t\t\t\t\t\t\t\t<\/div>\n\t\t\t\t<div class=\"elementor-element elementor-element-b4c2b0b elementor-widget elementor-widget-text-editor\" data-id=\"b4c2b0b\" data-element_type=\"widget\" data-e-type=\"widget\" data-widget_type=\"text-editor.default\">\n\t\t\t\t\t\t\t\t\t<p>O capital circula entre os membros e retorna \u00e0 pool partilhada com um pr\u00e9mio de sustentabilidade, permitindo que o fundo coletivo cres\u00e7a ao longo do tempo. A aplica\u00e7\u00e3o m\u00f3vel Ma'at ajuda a orientar reuni\u00f5es e regista transa\u00e7\u00f5es de forma segura, garantindo transpar\u00eancia e responsabiliza\u00e7\u00e3o para todos os participantes.<\/p>\t\t\t\t\t\t\t\t<\/div>\n\t\t\t\t<\/div>\n\t\t\t\t<\/div>\n\t\t<div class=\"elementor-element elementor-element-4af5852 e-con-full e-flex e-con e-child\" data-id=\"4af5852\" data-element_type=\"container\" data-e-type=\"container\" data-settings=\"{&quot;background_background&quot;:&quot;classic&quot;}\">\n\t\t\t\t<\/div>\n\t\t\t\t<\/div>\n\t\t<div class=\"elementor-element elementor-element-2040367 e-con-full e-grid e-con e-child\" data-id=\"2040367\" data-element_type=\"container\" data-e-type=\"container\" data-settings=\"{&quot;background_background&quot;:&quot;classic&quot;}\">\n\t\t<div class=\"elementor-element elementor-element-482188d e-con-full e-flex e-con e-child\" data-id=\"482188d\" data-element_type=\"container\" data-e-type=\"container\">\n\t\t\t\t<div class=\"elementor-element elementor-element-584e7aa elementor-widget elementor-widget-heading\" data-id=\"584e7aa\" data-element_type=\"widget\" data-e-type=\"widget\" data-widget_type=\"heading.default\">\n\t\t\t\t\t<h3 class=\"elementor-heading-title elementor-size-default\">Modelo de Autorreplica\u00e7\u00e3o<\/h3>\t\t\t\t<\/div>\n\t\t<div class=\"elementor-element elementor-element-94a5e6f e-con-full e-flex e-con e-child\" data-id=\"94a5e6f\" data-element_type=\"container\" data-e-type=\"container\">\n\t\t\t\t<div class=\"elementor-element elementor-element-d9722f4 elementor-widget elementor-widget-text-editor\" data-id=\"d9722f4\" data-element_type=\"widget\" data-e-type=\"widget\" data-widget_type=\"text-editor.default\">\n\t\t\t\t\t\t\t\t\t<p>A Ma'at expande-se atrav\u00e9s de um modelo de comunidade autorreplicante.<br \/>Cada pa\u00eds tem um Gestor de Pa\u00eds Ma\u2019at que presta apoio aos facilitadores locais.<\/p>\t\t\t\t\t\t\t\t<\/div>\n\t\t\t\t<div class=\"elementor-element elementor-element-07356e8 elementor-widget elementor-widget-text-editor\" data-id=\"07356e8\" data-element_type=\"widget\" data-e-type=\"widget\" data-widget_type=\"text-editor.default\">\n\t\t\t\t\t\t\t\t\t<p>Os facilitadores guiam grupos durante reuni\u00f5es e ajudam a lan\u00e7ar novos grupos nas proximidades, pelo menos 3 a 5 por ano.<\/p>\t\t\t\t\t\t\t\t<\/div>\n\t\t\t\t<div class=\"elementor-element elementor-element-12239d1 elementor-widget elementor-widget-text-editor\" data-id=\"12239d1\" data-element_type=\"widget\" data-e-type=\"widget\" data-widget_type=\"text-editor.default\">\n\t\t\t\t\t\t\t\t\t<p><span style=\"white-space-collapse: preserve;\">Como os facilitadores s\u00e3o apoiados por contribui\u00e7\u00f5es do grupo, o sistema torna-se financeiramente sustent\u00e1vel enquanto se expande organicamente por comunidades.<\/span><\/p>\t\t\t\t\t\t\t\t<\/div>\n\t\t\t\t<\/div>\n\t\t\t\t<\/div>\n\t\t<div class=\"elementor-element elementor-element-e9b6a86 e-con-full e-flex e-con e-child\" data-id=\"e9b6a86\" data-element_type=\"container\" data-e-type=\"container\" data-settings=\"{&quot;background_background&quot;:&quot;classic&quot;}\">\n\t\t\t\t<\/div>\n\t\t\t\t<\/div>\n\t\t<div class=\"elementor-element elementor-element-f97785c e-con-full e-grid e-con e-child\" data-id=\"f97785c\" data-element_type=\"container\" data-e-type=\"container\" data-settings=\"{&quot;background_background&quot;:&quot;classic&quot;}\">\n\t\t<div class=\"elementor-element elementor-element-f76d72e e-con-full e-flex e-con e-child\" data-id=\"f76d72e\" data-element_type=\"container\" data-e-type=\"container\">\n\t\t\t\t<div class=\"elementor-element elementor-element-1ac3e43 elementor-widget elementor-widget-heading\" data-id=\"1ac3e43\" data-element_type=\"widget\" data-e-type=\"widget\" data-widget_type=\"heading.default\">\n\t\t\t\t\t<h3 class=\"elementor-heading-title elementor-size-default\">Prote\u00e7\u00e3o de Dados<\/h3>\t\t\t\t<\/div>\n\t\t<div class=\"elementor-element elementor-element-d5f494e e-con-full e-flex e-con e-child\" data-id=\"d5f494e\" data-element_type=\"container\" data-e-type=\"container\">\n\t\t\t\t<div class=\"elementor-element elementor-element-94c867a elementor-widget elementor-widget-text-editor\" data-id=\"94c867a\" data-element_type=\"widget\" data-e-type=\"widget\" data-widget_type=\"text-editor.default\">\n\t\t\t\t\t\t\t\t\t<p><span style=\"white-space-collapse: preserve;\">Todas as transa\u00e7\u00f5es em grupo s\u00e3o armazenadas de forma segura usando infraestrutura cloud europeia em conformidade com as normas de prote\u00e7\u00e3o de dados do RGPD. A plataforma garante:<\/span><\/p><p><span style=\"white-space-collapse: preserve;\">\u2022 armazenamento seguro de dados<\/span><\/p><p><span style=\"white-space-collapse: preserve;\">\u2022 acesso transparente para os membros do grupo<\/span><\/p><p><span style=\"white-space-collapse: preserve;\">\u2022 pap\u00e9is e permiss\u00f5es claramente definidos<\/span><\/p>\t\t\t\t\t\t\t\t<\/div>\n\t\t\t\t<div class=\"elementor-element elementor-element-4629d90 elementor-widget elementor-widget-text-editor\" data-id=\"4629d90\" data-element_type=\"widget\" data-e-type=\"widget\" data-widget_type=\"text-editor.default\">\n\t\t\t\t\t\t\t\t\t<p>Administradores, gestores de pa\u00eds, facilitadores e l\u00edderes de grupo t\u00eam responsabilidades espec\u00edficas dentro do quadro de governa\u00e7\u00e3o de dados.<br \/>Todos os membros podem aceder aos seus dados de grupo a qualquer momento, garantindo total transpar\u00eancia.<\/p>\t\t\t\t\t\t\t\t<\/div>\n\t\t\t\t<\/div>\n\t\t\t\t<\/div>\n\t\t<div class=\"elementor-element elementor-element-dba147a e-con-full e-flex e-con e-child\" data-id=\"dba147a\" data-element_type=\"container\" data-e-type=\"container\" data-settings=\"{&quot;background_background&quot;:&quot;classic&quot;}\">\n\t\t\t\t<\/div>\n\t\t\t\t<\/div>\n\t\t\t\t<\/div>\n\t\t\t\t<\/div>\n\t\t\t\t\t<\/div>\n\t\t\t\t<\/div>\n\t\t\t\t<\/div>","protected":false},"excerpt":{"rendered":"<p>Collective wealth through solidarity From forming a group to managing a shared fund, the Ma\u2019at model provides tools, governance rules and digital infrastructure to help communities grow their collective wealth. Get Started How Ma\u2019at works Six simple steps that help communities build and manage their collective fund. Group Formation Communities interested in joining the Ma\u2019at [&hellip;]<\/p>\n","protected":false},"author":3,"featured_media":0,"parent":0,"menu_order":0,"comment_status":"closed","ping_status":"closed","template":"","meta":{"footnotes":""},"class_list":["post-264","page","type-page","status-publish","hentry"],"_links":{"self":[{"href":"https:\/\/maatpeasant.com\/pt\/wp-json\/wp\/v2\/pages\/264","targetHints":{"allow":["GET"]}}],"collection":[{"href":"https:\/\/maatpeasant.com\/pt\/wp-json\/wp\/v2\/pages"}],"about":[{"href":"https:\/\/maatpeasant.com\/pt\/wp-json\/wp\/v2\/types\/page"}],"author":[{"embeddable":true,"href":"https:\/\/maatpeasant.com\/pt\/wp-json\/wp\/v2\/users\/3"}],"replies":[{"embeddable":true,"href":"https:\/\/maatpeasant.com\/pt\/wp-json\/wp\/v2\/comments?post=264"}],"version-history":[{"count":31,"href":"https:\/\/maatpeasant.com\/pt\/wp-json\/wp\/v2\/pages\/264\/revisions"}],"predecessor-version":[{"id":1257,"href":"https:\/\/maatpeasant.com\/pt\/wp-json\/wp\/v2\/pages\/264\/revisions\/1257"}],"wp:attachment":[{"href":"https:\/\/maatpeasant.com\/pt\/wp-json\/wp\/v2\/media?parent=264"}],"curies":[{"name":"wp","href":"https:\/\/api.w.org\/{rel}","templated":true}]}}