{"id":1391,"date":"2026-04-17T12:15:27","date_gmt":"2026-04-17T12:15:27","guid":{"rendered":"https:\/\/dev.maatpeasant.com\/?page_id=1391"},"modified":"2026-04-17T12:27:51","modified_gmt":"2026-04-17T12:27:51","slug":"como-funciona","status":"publish","type":"page","link":"https:\/\/maatpeasant.com\/pt\/como-funciona\/","title":{"rendered":"C\u00f3mo funciona"},"content":{"rendered":"<div data-elementor-type=\"wp-page\" data-elementor-id=\"1391\" class=\"elementor elementor-1391\" data-elementor-post-type=\"page\">\n\t\t\t\t<div class=\"elementor-element elementor-element-dbe62df e-flex e-con-boxed e-con e-parent\" data-id=\"dbe62df\" data-element_type=\"container\" data-e-type=\"container\">\n\t\t\t\t\t<div class=\"e-con-inner\">\n\t\t<div class=\"elementor-element elementor-element-dfb660c e-con-full global-paddings e-flex e-con e-child\" data-id=\"dfb660c\" data-element_type=\"container\" data-e-type=\"container\">\n\t\t<div class=\"elementor-element elementor-element-d76f391 e-con-full e-grid e-con e-child\" data-id=\"d76f391\" data-element_type=\"container\" data-e-type=\"container\">\n\t\t<div class=\"elementor-element elementor-element-f2f8436 e-con-full e-flex e-con e-child\" data-id=\"f2f8436\" data-element_type=\"container\" data-e-type=\"container\">\n\t\t\t\t<div class=\"elementor-element elementor-element-81d0a07 elementor-widget elementor-widget-heading\" data-id=\"81d0a07\" data-element_type=\"widget\" data-e-type=\"widget\" data-widget_type=\"heading.default\">\n\t\t\t\t\t<h2 class=\"elementor-heading-title elementor-size-default\">Riqueza coletiva atrav\u00e9s da solidariedade<\/h2>\t\t\t\t<\/div>\n\t\t\t\t<div class=\"elementor-element elementor-element-bd5a485 elementor-widget__width-initial elementor-widget elementor-widget-text-editor\" data-id=\"bd5a485\" data-element_type=\"widget\" data-e-type=\"widget\" data-widget_type=\"text-editor.default\">\n\t\t\t\t\t\t\t\t\t<p>Desde la formaci\u00f3n de un grupo hasta la gesti\u00f3n de un fondo compartido, el modelo Ma&#8217;at proporciona herramientas, reglas de gobernanza e infraestructura digital para ayudar a las comunidades a aumentar su riqueza colectiva.<\/p>\t\t\t\t\t\t\t\t<\/div>\n\t\t<div class=\"elementor-element elementor-element-56553ac e-con-full e-flex e-con e-child\" data-id=\"56553ac\" data-element_type=\"container\" data-e-type=\"container\">\n\t\t\t\t<div class=\"elementor-element elementor-element-0de1e8e elementor-widget elementor-widget-button\" data-id=\"0de1e8e\" data-element_type=\"widget\" data-e-type=\"widget\" data-widget_type=\"button.default\">\n\t\t\t\t\t\t\t\t\t\t<a class=\"elementor-button elementor-button-link elementor-size-sm\" href=\"mailto:info@maatpeasant.com\" target=\"_blank\">\n\t\t\t\t\t\t<span class=\"elementor-button-content-wrapper\">\n\t\t\t\t\t\t\t\t\t<span class=\"elementor-button-text\">Empezar<\/span>\n\t\t\t\t\t<\/span>\n\t\t\t\t\t<\/a>\n\t\t\t\t\t\t\t\t<\/div>\n\t\t\t\t<\/div>\n\t\t\t\t<\/div>\n\t\t<div class=\"elementor-element elementor-element-a80e63b e-con-full e-flex e-con e-child\" data-id=\"a80e63b\" data-element_type=\"container\" data-e-type=\"container\" data-settings=\"{&quot;background_background&quot;:&quot;classic&quot;}\">\n\t\t\t\t<\/div>\n\t\t\t\t<\/div>\n\t\t\t\t<\/div>\n\t\t\t\t\t<\/div>\n\t\t\t\t<\/div>\n\t\t<div class=\"elementor-element elementor-element-d91f651 e-flex e-con-boxed e-con e-parent\" data-id=\"d91f651\" data-element_type=\"container\" data-e-type=\"container\">\n\t\t\t\t\t<div class=\"e-con-inner\">\n\t\t<div class=\"elementor-element elementor-element-894461a e-con-full global-paddings e-flex e-con e-child\" data-id=\"894461a\" data-element_type=\"container\" data-e-type=\"container\">\n\t\t<div class=\"elementor-element elementor-element-328b50a e-con-full e-flex e-con e-child\" data-id=\"328b50a\" data-element_type=\"container\" data-e-type=\"container\">\n\t\t<div class=\"elementor-element elementor-element-9440bc9 e-con-full e-flex e-con e-child\" data-id=\"9440bc9\" data-element_type=\"container\" data-e-type=\"container\">\n\t\t\t\t<div class=\"elementor-element elementor-element-9ca0715 elementor-widget elementor-widget-heading\" data-id=\"9ca0715\" data-element_type=\"widget\" data-e-type=\"widget\" data-widget_type=\"heading.default\">\n\t\t\t\t\t<h2 class=\"elementor-heading-title elementor-size-default\">C\u00f3mo funciona Maat<\/h2>\t\t\t\t<\/div>\n\t\t\t\t<div class=\"elementor-element elementor-element-057241b elementor-widget__width-initial elementor-widget elementor-widget-text-editor\" data-id=\"057241b\" data-element_type=\"widget\" data-e-type=\"widget\" data-widget_type=\"text-editor.default\">\n\t\t\t\t\t\t\t\t\t<p>Seis sencillos pasos que ayudan a las comunidades a construir y administrar su fondo colectivo.<\/p>\t\t\t\t\t\t\t\t<\/div>\n\t\t\t\t<div class=\"elementor-element elementor-element-fab60ad elementor-absolute elementor-widget-mobile__width-initial elementor-widget elementor-widget-image\" data-id=\"fab60ad\" data-element_type=\"widget\" data-e-type=\"widget\" data-settings=\"{&quot;_position&quot;:&quot;absolute&quot;}\" data-widget_type=\"image.default\">\n\t\t\t\t\t\t\t\t\t\t\t\t\t\t\t<img decoding=\"async\" src=\"https:\/\/maatpeasant.com\/wp-content\/uploads\/elementor\/thumbs\/Mata-element-title-rkzc0e31i42wvre903jppmysau7e56wkpc70bugg5e.png\" title=\"Mata-t\u00edtulo-elemento\" alt=\"Mata-t\u00edtulo-elemento\" loading=\"lazy\" \/>\t\t\t\t\t\t\t\t\t\t\t\t\t\t\t<\/div>\n\t\t\t\t<\/div>\n\t\t<div class=\"elementor-element elementor-element-4877d0e e-con-full e-grid e-con e-child\" data-id=\"4877d0e\" data-element_type=\"container\" data-e-type=\"container\" data-settings=\"{&quot;background_background&quot;:&quot;classic&quot;}\">\n\t\t<div class=\"elementor-element elementor-element-5652e9c e-con-full e-flex e-con e-child\" data-id=\"5652e9c\" data-element_type=\"container\" data-e-type=\"container\">\n\t\t\t\t<div class=\"elementor-element elementor-element-4c24d18 elementor-widget elementor-widget-heading\" data-id=\"4c24d18\" data-element_type=\"widget\" data-e-type=\"widget\" data-widget_type=\"heading.default\">\n\t\t\t\t\t<h3 class=\"elementor-heading-title elementor-size-default\">formaci\u00f3n de grupos<\/h3>\t\t\t\t<\/div>\n\t\t<div class=\"elementor-element elementor-element-c43d6ca e-con-full e-flex e-con e-child\" data-id=\"c43d6ca\" data-element_type=\"container\" data-e-type=\"container\">\n\t\t\t\t<div class=\"elementor-element elementor-element-3171856 elementor-widget elementor-widget-text-editor\" data-id=\"3171856\" data-element_type=\"widget\" data-e-type=\"widget\" data-widget_type=\"text-editor.default\">\n\t\t\t\t\t\t\t\t\t<p>Las comunidades interesadas en unirse a la red Ma&#8217;at comienzan con una serie de sesiones de lluvia de ideas para definir sus objetivos, valores y principios de cooperaci\u00f3n compartidos.<\/p>\t\t\t\t\t\t\t\t<\/div>\n\t\t\t\t<div class=\"elementor-element elementor-element-0f56ce3 elementor-widget elementor-widget-text-editor\" data-id=\"0f56ce3\" data-element_type=\"widget\" data-e-type=\"widget\" data-widget_type=\"text-editor.default\">\n\t\t\t\t\t\t\t\t\t<p>Con el apoyo del equipo de Ma&#8217;at y de un Country Manager local, el grupo forma alrededor de 10 a 30 miembros, elige un nombre y establece sus objetivos colectivos.<\/p>\t\t\t\t\t\t\t\t<\/div>\n\t\t\t\t<div class=\"elementor-element elementor-element-24be4b8 elementor-widget elementor-widget-text-editor\" data-id=\"24be4b8\" data-element_type=\"widget\" data-e-type=\"widget\" data-widget_type=\"text-editor.default\">\n\t\t\t\t\t\t\t\t\t<p>Durante la fase inicial, el Grupo recibe orientaci\u00f3n y capacitaci\u00f3n para que est\u00e9 completamente operativo, hasta que adquiera autonom\u00eda y gobernanza autosuficiente.<\/p>\t\t\t\t\t\t\t\t<\/div>\n\t\t\t\t<\/div>\n\t\t\t\t<\/div>\n\t\t<div class=\"elementor-element elementor-element-7cc1b15 e-con-full e-flex e-con e-child\" data-id=\"7cc1b15\" data-element_type=\"container\" data-e-type=\"container\" data-settings=\"{&quot;background_background&quot;:&quot;classic&quot;}\">\n\t\t\t\t<\/div>\n\t\t\t\t<\/div>\n\t\t<div class=\"elementor-element elementor-element-9fa1533 e-con-full e-grid e-con e-child\" data-id=\"9fa1533\" data-element_type=\"container\" data-e-type=\"container\" data-settings=\"{&quot;background_background&quot;:&quot;classic&quot;}\">\n\t\t<div class=\"elementor-element elementor-element-6d53afe e-con-full e-flex e-con e-child\" data-id=\"6d53afe\" data-element_type=\"container\" data-e-type=\"container\">\n\t\t\t\t<div class=\"elementor-element elementor-element-9f949f9 elementor-widget elementor-widget-heading\" data-id=\"9f949f9\" data-element_type=\"widget\" data-e-type=\"widget\" data-widget_type=\"heading.default\">\n\t\t\t\t\t<h3 class=\"elementor-heading-title elementor-size-default\">Governa\u00e7\u00e3o Democr\u00e1tica<\/h3>\t\t\t\t<\/div>\n\t\t<div class=\"elementor-element elementor-element-0aa12aa e-con-full e-flex e-con e-child\" data-id=\"0aa12aa\" data-element_type=\"container\" data-e-type=\"container\">\n\t\t\t\t<div class=\"elementor-element elementor-element-d39bb7d elementor-widget elementor-widget-text-editor\" data-id=\"d39bb7d\" data-element_type=\"widget\" data-e-type=\"widget\" data-widget_type=\"text-editor.default\">\n\t\t\t\t\t\t\t\t\t<p>Cada grupo Ma&#8217;at elige anualmente a su equipo de liderazgo para asegurar una toma de decisiones transparente y equilibrada. El equipo de direcci\u00f3n generalmente incluye un coordinador y dos tenedores de libros responsables de mantener las actividades del grupo sin problemas.<\/p>\t\t\t\t\t\t\t\t<\/div>\n\t\t\t\t<div class=\"elementor-element elementor-element-89c6e78 elementor-widget elementor-widget-text-editor\" data-id=\"89c6e78\" data-element_type=\"widget\" data-e-type=\"widget\" data-widget_type=\"text-editor.default\">\n\t\t\t\t\t\t\t\t\t<p>Juntos, los miembros definen los roles de liderazgo, los principios de gobernanza y las reglas internas que gu\u00edan las operaciones del grupo. Estas reglas constituyen un acuerdo formal firmado por todos los miembros, garantizando la equidad, la transparencia y la inclusi\u00f3n, al tiempo que permiten que las responsabilidades de liderazgo giren con el tiempo.<\/p>\t\t\t\t\t\t\t\t<\/div>\n\t\t\t\t<div class=\"elementor-element elementor-element-141f493 elementor-widget elementor-widget-text-editor\" data-id=\"141f493\" data-element_type=\"widget\" data-e-type=\"widget\" data-widget_type=\"text-editor.default\">\n\t\t\t\t\t\t\t\t\t<p>Durante la fase inicial, el Grupo recibe orientaci\u00f3n y capacitaci\u00f3n para que est\u00e9 completamente operativo, hasta que adquiera autonom\u00eda y gobernanza autosuficiente.<\/p>\t\t\t\t\t\t\t\t<\/div>\n\t\t\t\t<\/div>\n\t\t\t\t<\/div>\n\t\t<div class=\"elementor-element elementor-element-42c1807 e-con-full e-flex e-con e-child\" data-id=\"42c1807\" data-element_type=\"container\" data-e-type=\"container\" data-settings=\"{&quot;background_background&quot;:&quot;classic&quot;}\">\n\t\t\t\t<\/div>\n\t\t\t\t<\/div>\n\t\t<div class=\"elementor-element elementor-element-38d1a2d e-con-full e-grid e-con e-child\" data-id=\"38d1a2d\" data-element_type=\"container\" data-e-type=\"container\" data-settings=\"{&quot;background_background&quot;:&quot;classic&quot;}\">\n\t\t<div class=\"elementor-element elementor-element-8b6ed33 e-con-full e-flex e-con e-child\" data-id=\"8b6ed33\" data-element_type=\"container\" data-e-type=\"container\">\n\t\t\t\t<div class=\"elementor-element elementor-element-feca9c7 elementor-widget elementor-widget-heading\" data-id=\"feca9c7\" data-element_type=\"widget\" data-e-type=\"widget\" data-widget_type=\"heading.default\">\n\t\t\t\t\t<h3 class=\"elementor-heading-title elementor-size-default\">Formaci\u00f3n y creaci\u00f3n de capacidad<\/h3>\t\t\t\t<\/div>\n\t\t<div class=\"elementor-element elementor-element-436e0a6 e-con-full e-flex e-con e-child\" data-id=\"436e0a6\" data-element_type=\"container\" data-e-type=\"container\">\n\t\t\t\t<div class=\"elementor-element elementor-element-420c6ff elementor-widget elementor-widget-text-editor\" data-id=\"420c6ff\" data-element_type=\"widget\" data-e-type=\"widget\" data-widget_type=\"text-editor.default\">\n\t\t\t\t\t\t\t\t\t<p style=\"margin: 0 0 12px;\"><strong>1. Reflexi\u00f3n comunitaria.<\/strong> Comprender los sistemas financieros actuales y definir valores compartidos.<\/p><p style=\"margin: 0 0 12px;\"><strong>2. Configuraci\u00f3n de gobernanza.<\/strong> Elegir l\u00edderes y definir responsabilidades.<\/p><p style=\"margin: 0 0 12px;\"><strong>3. Reglas internas.<\/strong> Definir contribuciones, avances, salvaguardas y objetivos de grupo.<\/p><p style=\"margin: 0 0 12px;\"><strong>4. Estructura de la reuni\u00f3n.<\/strong> Aprendiendo el proceso de reuni\u00f3n de siete pasos para garantizar la transparencia.<\/p><p style=\"margin: 0;\"><strong>5. Herramientas digitales.<\/strong> Capacitar a los libreros para usar la MAen la aplicaci\u00f3n para gestionar transacciones.<\/p>\t\t\t\t\t\t\t\t<\/div>\n\t\t\t\t<div class=\"elementor-element elementor-element-5bce7f5 elementor-widget elementor-widget-text-editor\" data-id=\"5bce7f5\" data-element_type=\"widget\" data-e-type=\"widget\" data-widget_type=\"text-editor.default\">\n\t\t\t\t\t\t\t\t\t<p>Estos m\u00f3dulos ayudan a los grupos a ser resistentes, aut\u00f3nomos y capaces de aumentar su riqueza colectiva.<\/p>\t\t\t\t\t\t\t\t<\/div>\n\t\t\t\t<\/div>\n\t\t\t\t<\/div>\n\t\t<div class=\"elementor-element elementor-element-6250cce e-con-full e-flex e-con e-child\" data-id=\"6250cce\" data-element_type=\"container\" data-e-type=\"container\" data-settings=\"{&quot;background_background&quot;:&quot;classic&quot;}\">\n\t\t\t\t<\/div>\n\t\t\t\t<\/div>\n\t\t<div class=\"elementor-element elementor-element-f215c64 e-con-full e-grid e-con e-child\" data-id=\"f215c64\" data-element_type=\"container\" data-e-type=\"container\" data-settings=\"{&quot;background_background&quot;:&quot;classic&quot;}\">\n\t\t<div class=\"elementor-element elementor-element-d075ec1 e-con-full e-flex e-con e-child\" data-id=\"d075ec1\" data-element_type=\"container\" data-e-type=\"container\">\n\t\t\t\t<div class=\"elementor-element elementor-element-961183c elementor-widget elementor-widget-heading\" data-id=\"961183c\" data-element_type=\"widget\" data-e-type=\"widget\" data-widget_type=\"heading.default\">\n\t\t\t\t\t<h3 class=\"elementor-heading-title elementor-size-default\">Construyendo el Fondo Colectivo<\/h3>\t\t\t\t<\/div>\n\t\t<div class=\"elementor-element elementor-element-87e5568 e-con-full e-flex e-con e-child\" data-id=\"87e5568\" data-element_type=\"container\" data-e-type=\"container\">\n\t\t\t\t<div class=\"elementor-element elementor-element-ddcd602 elementor-widget elementor-widget-text-editor\" data-id=\"ddcd602\" data-element_type=\"widget\" data-e-type=\"widget\" data-widget_type=\"text-editor.default\">\n\t\t\t\t\t\t\t\t\t<p>Los grupos de Ma&#8217;at se re\u00fanen regularmente, generalmente una vez a la semana, para reuniones cortas que duran alrededor de 20 a 30 minutos. Durante cada reuni\u00f3n:<\/p><p>\u2022 Los miembros contribuyen con fondos de acuerdo con las reglas acordadas\u2028<\/p><p>\u2022 Los miembros pueden solicitar anticipos de capital (MAATS)<\/p><p>\u2022 Todas las transacciones se registran de forma transparente<\/p>\t\t\t\t\t\t\t\t<\/div>\n\t\t\t\t<div class=\"elementor-element elementor-element-b4c2b0b elementor-widget elementor-widget-text-editor\" data-id=\"b4c2b0b\" data-element_type=\"widget\" data-e-type=\"widget\" data-widget_type=\"text-editor.default\">\n\t\t\t\t\t\t\t\t\t<p>El capital circula entre los miembros y regresa al grupo compartido con una prima de sostenibilidad, lo que permite que el fondo colectivo crezca con el tiempo. La aplicaci\u00f3n m\u00f3vil MA&#8217;at ayuda a guiar las reuniones y registrar de forma segura las transacciones, asegurando la transparencia y la rendici\u00f3n de cuentas para todos los participantes.<\/p>\t\t\t\t\t\t\t\t<\/div>\n\t\t\t\t<\/div>\n\t\t\t\t<\/div>\n\t\t<div class=\"elementor-element elementor-element-4af5852 e-con-full e-flex e-con e-child\" data-id=\"4af5852\" data-element_type=\"container\" data-e-type=\"container\" data-settings=\"{&quot;background_background&quot;:&quot;classic&quot;}\">\n\t\t\t\t<\/div>\n\t\t\t\t<\/div>\n\t\t<div class=\"elementor-element elementor-element-2040367 e-con-full e-grid e-con e-child\" data-id=\"2040367\" data-element_type=\"container\" data-e-type=\"container\" data-settings=\"{&quot;background_background&quot;:&quot;classic&quot;}\">\n\t\t<div class=\"elementor-element elementor-element-482188d e-con-full e-flex e-con e-child\" data-id=\"482188d\" data-element_type=\"container\" data-e-type=\"container\">\n\t\t\t\t<div class=\"elementor-element elementor-element-584e7aa elementor-widget elementor-widget-heading\" data-id=\"584e7aa\" data-element_type=\"widget\" data-e-type=\"widget\" data-widget_type=\"heading.default\">\n\t\t\t\t\t<h3 class=\"elementor-heading-title elementor-size-default\">Modelo de autorreplicaci\u00f3n<\/h3>\t\t\t\t<\/div>\n\t\t<div class=\"elementor-element elementor-element-94a5e6f e-con-full e-flex e-con e-child\" data-id=\"94a5e6f\" data-element_type=\"container\" data-e-type=\"container\">\n\t\t\t\t<div class=\"elementor-element elementor-element-d9722f4 elementor-widget elementor-widget-text-editor\" data-id=\"d9722f4\" data-element_type=\"widget\" data-e-type=\"widget\" data-widget_type=\"text-editor.default\">\n\t\t\t\t\t\t\t\t\t<p>Ma&#8217;at se expande a trav\u00e9s de un modelo comunitario autorreplicante.<br>Cada pa\u00eds tiene un administrador de pa\u00eds de Ma&#8217;at que apoya a los facilitadores locales.\u2028<\/p>\t\t\t\t\t\t\t\t<\/div>\n\t\t\t\t<div class=\"elementor-element elementor-element-07356e8 elementor-widget elementor-widget-text-editor\" data-id=\"07356e8\" data-element_type=\"widget\" data-e-type=\"widget\" data-widget_type=\"text-editor.default\">\n\t\t\t\t\t\t\t\t\t<p>Los facilitadores gu\u00edan a los grupos durante las reuniones y ayudan a lanzar nuevos grupos cercanos, al menos de 3 a 5 por a\u00f1o.<\/p>\t\t\t\t\t\t\t\t<\/div>\n\t\t\t\t<div class=\"elementor-element elementor-element-12239d1 elementor-widget elementor-widget-text-editor\" data-id=\"12239d1\" data-element_type=\"widget\" data-e-type=\"widget\" data-widget_type=\"text-editor.default\">\n\t\t\t\t\t\t\t\t\t<p><span style=\"white-space-collapse: preserve;\">A medida que los facilitadores est\u00e1n respaldados por las contribuciones del grupo, el sistema se vuelve financieramente sostenible y se expande org\u00e1nicamente entre las comunidades.<\/span><\/p>\t\t\t\t\t\t\t\t<\/div>\n\t\t\t\t<\/div>\n\t\t\t\t<\/div>\n\t\t<div class=\"elementor-element elementor-element-e9b6a86 e-con-full e-flex e-con e-child\" data-id=\"e9b6a86\" data-element_type=\"container\" data-e-type=\"container\" data-settings=\"{&quot;background_background&quot;:&quot;classic&quot;}\">\n\t\t\t\t<\/div>\n\t\t\t\t<\/div>\n\t\t<div class=\"elementor-element elementor-element-f97785c e-con-full e-grid e-con e-child\" data-id=\"f97785c\" data-element_type=\"container\" data-e-type=\"container\" data-settings=\"{&quot;background_background&quot;:&quot;classic&quot;}\">\n\t\t<div class=\"elementor-element elementor-element-f76d72e e-con-full e-flex e-con e-child\" data-id=\"f76d72e\" data-element_type=\"container\" data-e-type=\"container\">\n\t\t\t\t<div class=\"elementor-element elementor-element-1ac3e43 elementor-widget elementor-widget-heading\" data-id=\"1ac3e43\" data-element_type=\"widget\" data-e-type=\"widget\" data-widget_type=\"heading.default\">\n\t\t\t\t\t<h3 class=\"elementor-heading-title elementor-size-default\">Protecci\u00f3n de datos<\/h3>\t\t\t\t<\/div>\n\t\t<div class=\"elementor-element elementor-element-d5f494e e-con-full e-flex e-con e-child\" data-id=\"d5f494e\" data-element_type=\"container\" data-e-type=\"container\">\n\t\t\t\t<div class=\"elementor-element elementor-element-94c867a elementor-widget elementor-widget-text-editor\" data-id=\"94c867a\" data-element_type=\"widget\" data-e-type=\"widget\" data-widget_type=\"text-editor.default\">\n\t\t\t\t\t\t\t\t\t<p><span style=\"white-space-collapse: preserve;\">Todas las transacciones grupales se almacenan de forma segura utilizando la infraestructura de nube europea que cumple con los est\u00e1ndares de protecci\u00f3n de datos de GDPR. La plataforma asegura:<\/span><\/p><p><span style=\"white-space-collapse: preserve;\">\u2022 Almacenamiento seguro de datos<\/span><\/p><p><span style=\"white-space-collapse: preserve;\">\u2022 Acceso transparente a los miembros del grupo<\/span><\/p><p><span style=\"white-space-collapse: preserve;\">\u2022 Roles y permisos claramente definidos<\/span><\/p>\t\t\t\t\t\t\t\t<\/div>\n\t\t\t\t<div class=\"elementor-element elementor-element-4629d90 elementor-widget elementor-widget-text-editor\" data-id=\"4629d90\" data-element_type=\"widget\" data-e-type=\"widget\" data-widget_type=\"text-editor.default\">\n\t\t\t\t\t\t\t\t\t<p>Los administradores, administradores de pa\u00edses, facilitadores y l\u00edderes de grupo tienen responsabilidades espec\u00edficas dentro del marco de gobernanza de datos.<br>Cada miembro puede acceder a sus datos de grupo en cualquier momento, garantizando una total transparencia.<\/p>\t\t\t\t\t\t\t\t<\/div>\n\t\t\t\t<\/div>\n\t\t\t\t<\/div>\n\t\t<div class=\"elementor-element elementor-element-dba147a e-con-full e-flex e-con e-child\" data-id=\"dba147a\" data-element_type=\"container\" data-e-type=\"container\" data-settings=\"{&quot;background_background&quot;:&quot;classic&quot;}\">\n\t\t\t\t<\/div>\n\t\t\t\t<\/div>\n\t\t\t\t<\/div>\n\t\t\t\t<\/div>\n\t\t\t\t\t<\/div>\n\t\t\t\t<\/div>\n\t\t\t\t<\/div>","protected":false},"excerpt":{"rendered":"<p>Collective wealth through solidarity Desde la formaci\u00f3n de un grupo hasta la gesti\u00f3n de un fondo compartido, el modelo Ma&#8217;at proporciona herramientas, reglas de gobernanza e infraestructura digital para ayudar a las comunidades a aumentar su riqueza colectiva. Empezar C\u00f3mo funciona Maat Seis sencillos pasos que ayudan a las comunidades a construir y administrar su [&hellip;]<\/p>\n","protected":false},"author":3,"featured_media":0,"parent":0,"menu_order":0,"comment_status":"closed","ping_status":"closed","template":"","meta":{"footnotes":""},"class_list":["post-1391","page","type-page","status-publish","hentry"],"_links":{"self":[{"href":"https:\/\/maatpeasant.com\/pt\/wp-json\/wp\/v2\/pages\/1391","targetHints":{"allow":["GET"]}}],"collection":[{"href":"https:\/\/maatpeasant.com\/pt\/wp-json\/wp\/v2\/pages"}],"about":[{"href":"https:\/\/maatpeasant.com\/pt\/wp-json\/wp\/v2\/types\/page"}],"author":[{"embeddable":true,"href":"https:\/\/maatpeasant.com\/pt\/wp-json\/wp\/v2\/users\/3"}],"replies":[{"embeddable":true,"href":"https:\/\/maatpeasant.com\/pt\/wp-json\/wp\/v2\/comments?post=1391"}],"version-history":[{"count":6,"href":"https:\/\/maatpeasant.com\/pt\/wp-json\/wp\/v2\/pages\/1391\/revisions"}],"predecessor-version":[{"id":1421,"href":"https:\/\/maatpeasant.com\/pt\/wp-json\/wp\/v2\/pages\/1391\/revisions\/1421"}],"wp:attachment":[{"href":"https:\/\/maatpeasant.com\/pt\/wp-json\/wp\/v2\/media?parent=1391"}],"curies":[{"name":"wp","href":"https:\/\/api.w.org\/{rel}","templated":true}]}}