{"id":1415,"date":"2026-03-26T11:13:24","date_gmt":"2026-03-26T11:13:24","guid":{"rendered":"https:\/\/dev.maatpeasant.com\/?page_id=1415"},"modified":"2026-04-17T12:27:04","modified_gmt":"2026-04-17T12:27:04","slug":"plate-forme","status":"publish","type":"page","link":"https:\/\/maatpeasant.com\/gl\/plate-forme\/","title":{"rendered":"Plate-forme"},"content":{"rendered":"<div data-elementor-type=\"wp-page\" data-elementor-id=\"1415\" class=\"elementor elementor-1415\" data-elementor-post-type=\"page\">\n\t\t\t\t<div class=\"elementor-element elementor-element-452c20e e-flex e-con-boxed e-con e-parent\" data-id=\"452c20e\" data-element_type=\"container\" data-e-type=\"container\">\n\t\t\t\t\t<div class=\"e-con-inner\">\n\t\t<div class=\"elementor-element elementor-element-05a9f71 e-con-full global-paddings .panels e-flex e-con e-child\" data-id=\"05a9f71\" data-element_type=\"container\" data-e-type=\"container\">\n\t\t<div class=\"elementor-element elementor-element-4b4df8f e-con-full e-flex e-con e-child\" data-id=\"4b4df8f\" data-element_type=\"container\" data-e-type=\"container\" data-settings=\"{&quot;background_background&quot;:&quot;classic&quot;}\">\n\t\t<div class=\"elementor-element elementor-element-ffb0887 e-con-full e-flex e-con e-child\" data-id=\"ffb0887\" data-element_type=\"container\" data-e-type=\"container\">\n\t\t\t\t<div class=\"elementor-element elementor-element-d6ef825 elementor-widget-tablet__width-inherit elementor-widget elementor-widget-heading\" data-id=\"d6ef825\" data-element_type=\"widget\" data-e-type=\"widget\" data-widget_type=\"heading.default\">\n\t\t\t\t\t<h1 class=\"elementor-heading-title elementor-size-default\">Plateforme num\u00e9rique<\/h1>\t\t\t\t<\/div>\n\t\t\t\t<div class=\"elementor-element elementor-element-1f1b8d7 elementor-widget__width-initial elementor-widget elementor-widget-text-editor\" data-id=\"1f1b8d7\" data-element_type=\"widget\" data-e-type=\"widget\" data-widget_type=\"text-editor.default\">\n\t\t\t\t\t\t\t\t\t<p>Une plate-forme mobile et Web qui aide les groupes communautaires \u00e0 g\u00e9rer des fonds, \u00e0 appliquer des r\u00e8gles de gouvernance et \u00e0 fonctionner de mani\u00e8re transparente gr\u00e2ce \u00e0 des processus structur\u00e9s, des donn\u00e9es partag\u00e9es et des sauvegardes int\u00e9gr\u00e9es.<\/p>\t\t\t\t\t\t\t\t<\/div>\n\t\t\t\t<\/div>\n\t\t\t\t<\/div>\n\t\t\t\t<\/div>\n\t\t\t\t\t<\/div>\n\t\t\t\t<\/div>\n\t\t<div class=\"elementor-element elementor-element-16c28de e-flex e-con-boxed e-con e-parent\" data-id=\"16c28de\" data-element_type=\"container\" data-e-type=\"container\">\n\t\t\t\t\t<div class=\"e-con-inner\">\n\t\t<div class=\"elementor-element elementor-element-7b4ef10 e-con-full global-paddings e-flex e-con e-child\" data-id=\"7b4ef10\" data-element_type=\"container\" data-e-type=\"container\">\n\t\t<div class=\"elementor-element elementor-element-7019fdd e-con-full e-flex e-con e-child\" data-id=\"7019fdd\" data-element_type=\"container\" data-e-type=\"container\">\n\t\t<div class=\"elementor-element elementor-element-b665797 e-con-full e-flex e-con e-child\" data-id=\"b665797\" data-element_type=\"container\" data-e-type=\"container\">\n\t\t\t\t<div class=\"elementor-element elementor-element-5282a21 elementor-widget__width-initial elementor-widget elementor-widget-heading\" data-id=\"5282a21\" data-element_type=\"widget\" data-e-type=\"widget\" data-widget_type=\"heading.default\">\n\t\t\t\t\t<h2 class=\"elementor-heading-title elementor-size-default\">S\u00e9curit\u00e9, contr\u00f4le et solidarit\u00e9<\/h2>\t\t\t\t<\/div>\n\t\t\t\t<div class=\"elementor-element elementor-element-239b6cf elementor-widget__width-initial elementor-widget elementor-widget-text-editor\" data-id=\"239b6cf\" data-element_type=\"widget\" data-e-type=\"widget\" data-widget_type=\"text-editor.default\">\n\t\t\t\t\t\t\t\t\t<p>Con\u00e7u pour la gestion financi\u00e8re collective<\/p>\t\t\t\t\t\t\t\t<\/div>\n\t\t\t\t<\/div>\n\t\t<div class=\"elementor-element elementor-element-8a47315 e-con-full e-grid e-con e-child\" data-id=\"8a47315\" data-element_type=\"container\" data-e-type=\"container\" data-settings=\"{&quot;background_background&quot;:&quot;classic&quot;}\">\n\t\t<div class=\"elementor-element elementor-element-f68b5a5 e-con-full e-flex e-con e-child\" data-id=\"f68b5a5\" data-element_type=\"container\" data-e-type=\"container\">\n\t\t\t\t<div class=\"elementor-element elementor-element-f01350f elementor-widget elementor-widget-heading\" data-id=\"f01350f\" data-element_type=\"widget\" data-e-type=\"widget\" data-widget_type=\"heading.default\">\n\t\t\t\t\t<h3 class=\"elementor-heading-title elementor-size-default\">Plateforme mobile (Android)<\/h3>\t\t\t\t<\/div>\n\t\t<div class=\"elementor-element elementor-element-2389fbe e-con-full e-flex e-con e-child\" data-id=\"2389fbe\" data-element_type=\"container\" data-e-type=\"container\">\n\t\t\t\t<div class=\"elementor-element elementor-element-734d008 elementor-widget elementor-widget-text-editor\" data-id=\"734d008\" data-element_type=\"widget\" data-e-type=\"widget\" data-widget_type=\"text-editor.default\">\n\t\t\t\t\t\t\t\t\t<p>L&#8217;application Ma&#8217;at aide les groupes \u00e0 g\u00e9rer leurs activit\u00e9s et leurs transactions financi\u00e8res de mani\u00e8re structur\u00e9e et transparente. Construite autour des r\u00e8gles de gouvernance Ma&#8217;at, l&#8217;application guide les groupes \u00e0 travers leurs r\u00e9unions, enregistre les transactions et alerte les utilisateurs lorsque des risques ou des incoh\u00e9rences apparaissent.<\/p>\t\t\t\t\t\t\t\t<\/div>\n\t\t\t\t<div class=\"elementor-element elementor-element-4c21f9d elementor-widget elementor-widget-text-editor\" data-id=\"4c21f9d\" data-element_type=\"widget\" data-e-type=\"widget\" data-widget_type=\"text-editor.default\">\n\t\t\t\t\t\t\t\t\t<p>Chaque groupe \u00e9lit deux bureaux d&#8217;enregistrement charg\u00e9s de saisir les transactions lors des r\u00e9unions. Cette responsabilit\u00e9 partag\u00e9e assure la continuit\u00e9 et la transparence tout en permettant \u00e0 la plupart des membres d&#8217;apprendre comment le syst\u00e8me fonctionne.<\/p>\t\t\t\t\t\t\t\t<\/div>\n\t\t\t\t<div class=\"elementor-element elementor-element-6a3dcce elementor-widget elementor-widget-text-editor\" data-id=\"6a3dcce\" data-element_type=\"widget\" data-e-type=\"widget\" data-widget_type=\"text-editor.default\">\n\t\t\t\t\t\t\t\t\t<p>Toutes les donn\u00e9es du groupe restent visibles pour les membres, cr\u00e9ant ainsi une transparence et une responsabilit\u00e9 totales.<\/p>\t\t\t\t\t\t\t\t<\/div>\n\t\t\t\t<\/div>\n\t\t\t\t<\/div>\n\t\t<div class=\"elementor-element elementor-element-c2a53ac e-con-full e-flex e-con e-child\" data-id=\"c2a53ac\" data-element_type=\"container\" data-e-type=\"container\" data-settings=\"{&quot;background_background&quot;:&quot;classic&quot;}\">\n\t\t\t\t<\/div>\n\t\t\t\t<\/div>\n\t\t<div class=\"elementor-element elementor-element-c3f3f5e e-con-full e-grid e-con e-child\" data-id=\"c3f3f5e\" data-element_type=\"container\" data-e-type=\"container\" data-settings=\"{&quot;background_background&quot;:&quot;classic&quot;}\">\n\t\t<div class=\"elementor-element elementor-element-a01f91d e-con-full e-flex e-con e-child\" data-id=\"a01f91d\" data-element_type=\"container\" data-e-type=\"container\" data-settings=\"{&quot;background_background&quot;:&quot;classic&quot;}\">\n\t\t\t\t<\/div>\n\t\t<div class=\"elementor-element elementor-element-74c171c e-con-full e-flex e-con e-child\" data-id=\"74c171c\" data-element_type=\"container\" data-e-type=\"container\">\n\t\t\t\t<div class=\"elementor-element elementor-element-558f90b elementor-widget elementor-widget-heading\" data-id=\"558f90b\" data-element_type=\"widget\" data-e-type=\"widget\" data-widget_type=\"heading.default\">\n\t\t\t\t\t<h3 class=\"elementor-heading-title elementor-size-default\">Application Web<\/h3>\t\t\t\t<\/div>\n\t\t<div class=\"elementor-element elementor-element-ec1e863 e-con-full e-flex e-con e-child\" data-id=\"ec1e863\" data-element_type=\"container\" data-e-type=\"container\">\n\t\t\t\t<div class=\"elementor-element elementor-element-10d78ba romb-text-list elementor-widget elementor-widget-text-editor\" data-id=\"10d78ba\" data-element_type=\"widget\" data-e-type=\"widget\" data-widget_type=\"text-editor.default\">\n\t\t\t\t\t\t\t\t\t<p>La plate-forme Ma&#8217;at est administr\u00e9e au niveau mondial par les administrateurs paysans Ma&#8217;at. Ils sont responsables du bon fonctionnement et du bon fonctionnement de l&#8217;enregistrement et du traitement des donn\u00e9es.<\/p><ul><li>Multilingue (EN, FR, ES, PT)<\/li><li>Personnalis\u00e9 pour chaque pays et chaque groupe<\/li><li>Forme, renforce la transparence, encapsule les r\u00e8gles<\/li><li>V\u00e9rifications et alertes pour \u00e9viter les erreurs ou les fraudes<\/li><li>Conserve l&#8217;historique complet et les journaux<\/li><\/ul>\t\t\t\t\t\t\t\t<\/div>\n\t\t\t\t<\/div>\n\t\t\t\t<\/div>\n\t\t\t\t<\/div>\n\t\t<div class=\"elementor-element elementor-element-1223f86 e-con-full e-grid e-con e-child\" data-id=\"1223f86\" data-element_type=\"container\" data-e-type=\"container\" data-settings=\"{&quot;background_background&quot;:&quot;classic&quot;}\">\n\t\t<div class=\"elementor-element elementor-element-1c52eec e-con-full e-flex e-con e-child\" data-id=\"1c52eec\" data-element_type=\"container\" data-e-type=\"container\">\n\t\t\t\t<div class=\"elementor-element elementor-element-97f02ac elementor-widget elementor-widget-heading\" data-id=\"97f02ac\" data-element_type=\"widget\" data-e-type=\"widget\" data-widget_type=\"heading.default\">\n\t\t\t\t\t<h3 class=\"elementor-heading-title elementor-size-default\">infrastructure informatique<\/h3>\t\t\t\t<\/div>\n\t\t<div class=\"elementor-element elementor-element-3c6c29d e-con-full e-flex e-con e-child\" data-id=\"3c6c29d\" data-element_type=\"container\" data-e-type=\"container\">\n\t\t\t\t<div class=\"elementor-element elementor-element-325d00e elementor-widget elementor-widget-text-editor\" data-id=\"325d00e\" data-element_type=\"widget\" data-e-type=\"widget\" data-widget_type=\"text-editor.default\">\n\t\t\t\t\t\t\t\t\t<strong style=\"color: #161514;\">Vitesse<\/strong><br>\nPerformances rapides et r\u00e9actives de la plateforme pour une utilisation transparente lors des r\u00e9unions de groupe et des op\u00e9rations quotidiennes.\t\t\t\t\t\t\t\t<\/div>\n\t\t\t\t<div class=\"elementor-element elementor-element-a413815 elementor-widget elementor-widget-text-editor\" data-id=\"a413815\" data-element_type=\"widget\" data-e-type=\"widget\" data-widget_type=\"text-editor.default\">\n\t\t\t\t\t\t\t\t\t<strong style=\"color: #161514;\">Haute disponibilit\u00e9<\/strong><br>\nCon\u00e7u pour rester accessible chaque fois que les groupes en ont besoin, avec des performances de syst\u00e8me stables et fiables.\t\t\t\t\t\t\t\t<\/div>\n\t\t\t\t<div class=\"elementor-element elementor-element-26510d3 elementor-widget elementor-widget-text-editor\" data-id=\"26510d3\" data-element_type=\"widget\" data-e-type=\"widget\" data-widget_type=\"text-editor.default\">\n\t\t\t\t\t\t\t\t\t<p><strong style=\"color: #161514;\">S\u00e9curit\u00e9 des donn\u00e9es &amp; Redondance<br><\/strong>S\u00e9curisez le stockage des donn\u00e9es avec des syst\u00e8mes de sauvegarde qui prot\u00e8gent les informations et garantissent l&#8217;int\u00e9grit\u00e9 des donn\u00e9es.<\/p>\t\t\t\t\t\t\t\t<\/div>\n\t\t\t\t<div class=\"elementor-element elementor-element-e6ce029 elementor-widget elementor-widget-text-editor\" data-id=\"e6ce029\" data-element_type=\"widget\" data-e-type=\"widget\" data-widget_type=\"text-editor.default\">\n\t\t\t\t\t\t\t\t\t<p><strong style=\"color: #161514;\">Acc\u00e8s global<br><\/strong>Accessible de n&#8217;importe o\u00f9, permettant au r\u00e9seau Ma&#8217;at d&#8217;op\u00e9rer \u00e0 travers les pays et les communaut\u00e9s.<\/p>\t\t\t\t\t\t\t\t<\/div>\n\t\t\t\t<\/div>\n\t\t\t\t<\/div>\n\t\t<div class=\"elementor-element elementor-element-ed10729 e-con-full e-flex e-con e-child\" data-id=\"ed10729\" data-element_type=\"container\" data-e-type=\"container\" data-settings=\"{&quot;background_background&quot;:&quot;classic&quot;}\">\n\t\t\t\t<\/div>\n\t\t\t\t<\/div>\n\t\t<div class=\"elementor-element elementor-element-5006617 e-con-full e-grid e-con e-child\" data-id=\"5006617\" data-element_type=\"container\" data-e-type=\"container\" data-settings=\"{&quot;background_background&quot;:&quot;classic&quot;}\">\n\t\t<div class=\"elementor-element elementor-element-7331935 e-con-full e-flex e-con e-child\" data-id=\"7331935\" data-element_type=\"container\" data-e-type=\"container\" data-settings=\"{&quot;background_background&quot;:&quot;classic&quot;}\">\n\t\t\t\t<\/div>\n\t\t<div class=\"elementor-element elementor-element-e1c1897 e-con-full e-flex e-con e-child\" data-id=\"e1c1897\" data-element_type=\"container\" data-e-type=\"container\">\n\t\t\t\t<div class=\"elementor-element elementor-element-fcd25cd elementor-widget elementor-widget-heading\" data-id=\"fcd25cd\" data-element_type=\"widget\" data-e-type=\"widget\" data-widget_type=\"heading.default\">\n\t\t\t\t\t<h3 class=\"elementor-heading-title elementor-size-default\">Ferramentas de aplicaci\u00f3n da gobernanza<\/h3>\t\t\t\t<\/div>\n\t\t<div class=\"elementor-element elementor-element-4eca6fa e-con-full e-flex e-con e-child\" data-id=\"4eca6fa\" data-element_type=\"container\" data-e-type=\"container\">\n\t\t\t\t<div class=\"elementor-element elementor-element-41bcd7e romb-text-list elementor-widget elementor-widget-text-editor\" data-id=\"41bcd7e\" data-element_type=\"widget\" data-e-type=\"widget\" data-widget_type=\"text-editor.default\">\n\t\t\t\t\t\t\t\t\t<p>La bonne gouvernance est ce qui fait le succ\u00e8s et la p\u00e9rennit\u00e9 du groupe. Avant de lancer le groupe, les membres n\u00e9gocient et signent leur charte de groupe.<\/p><ul><li>Les limites de savoir qui peut participer et ce que le groupe peut atteindre sont clairement d\u00e9finis<\/li><li>Les cultures et les \u00e9cologies locales d\u00e9terminent les choix de groupe<\/li><li>La prise de d\u00e9cision repose sur la participation de tous<\/li><li>Les chefs de groupe sont responsables du bon fonctionnement du groupe<\/li><li>Le Groupe d\u00e9finit des sanctions progressives pour ceux qui ne respectent pas la charte convenue, avec des avertissements et des amendes progressistes<\/li><li>Les proc\u00e9dures de r\u00e9solution de conflits sont bas\u00e9es sur la r\u00e9solution pr\u00e9coce. Un facilitateur externe agit en tant que mod\u00e9rateur en cas de besoin<\/li><li>Le groupe est connu dans la communaut\u00e9 et c\u00e9l\u00e8bre les r\u00e9alisations lors des \u00e9v\u00e9nements de fin de cycle<\/li><li>Le groupe fait partie d&#8217;un r\u00e9seau ma&#8217;at plus large, au niveau local et international, qui le soutient et l&#8217;accompagne.<\/li><\/ul>\t\t\t\t\t\t\t\t<\/div>\n\t\t\t\t<\/div>\n\t\t\t\t<\/div>\n\t\t\t\t<\/div>\n\t\t<div class=\"elementor-element elementor-element-76eeda1 e-con-full e-grid e-con e-child\" data-id=\"76eeda1\" data-element_type=\"container\" data-e-type=\"container\" data-settings=\"{&quot;background_background&quot;:&quot;classic&quot;}\">\n\t\t<div class=\"elementor-element elementor-element-b8cef4b e-con-full e-flex e-con e-child\" data-id=\"b8cef4b\" data-element_type=\"container\" data-e-type=\"container\">\n\t\t\t\t<div class=\"elementor-element elementor-element-151b9eb elementor-widget elementor-widget-heading\" data-id=\"151b9eb\" data-element_type=\"widget\" data-e-type=\"widget\" data-widget_type=\"heading.default\">\n\t\t\t\t\t<h3 class=\"elementor-heading-title elementor-size-default\">Transparence des donn\u00e9es<\/h3>\t\t\t\t<\/div>\n\t\t<div class=\"elementor-element elementor-element-b3d443b e-con-full e-flex e-con e-child\" data-id=\"b3d443b\" data-element_type=\"container\" data-e-type=\"container\">\n\t\t<div class=\"elementor-element elementor-element-f746b5e e-con-full e-flex e-con e-child\" data-id=\"f746b5e\" data-element_type=\"container\" data-e-type=\"container\">\n\t\t\t\t<div class=\"elementor-element elementor-element-babe497 romb-text-list elementor-widget elementor-widget-text-editor\" data-id=\"babe497\" data-element_type=\"widget\" data-e-type=\"widget\" data-widget_type=\"text-editor.default\">\n\t\t\t\t\t\t\t\t\t<ul><li>Les donn\u00e9es sont enregistr\u00e9es dans les ordinateurs portables et les smartphones de groupe et sont transf\u00e9r\u00e9es sur le serveur g\u00e9r\u00e9 par les administrateurs Ma\u2019at de l\u2019organisation \u00e0 but non lucratif Ma\u2019at Paysan (bas\u00e9e en France)<\/li><li>Les donn\u00e9es sont enti\u00e8rement transparentes pour les membres du groupe et disponibles \u00e0 tout moment<\/li><li>Aucune donn\u00e9e personnelle collect\u00e9e ou partag\u00e9e<\/li><li>Le Groupe d\u00e9finit des sanctions progressives pour ceux qui ne respectent pas la charte convenue, avec des avertissements et des amendes progressistes<\/li><li>La confidentialit\u00e9 est garantie<\/li><li>Diff\u00e9rents niveaux d&#8217;acc\u00e8s aux fonctions et aux donn\u00e9es en fonction des r\u00f4les (administrateur, gestionnaire, registraire, utilisateur)<\/li><\/ul>\t\t\t\t\t\t\t\t<\/div>\n\t\t\t\t<\/div>\n\t\t\t\t<\/div>\n\t\t\t\t<\/div>\n\t\t<div class=\"elementor-element elementor-element-958cdf0 e-con-full e-flex e-con e-child\" data-id=\"958cdf0\" data-element_type=\"container\" data-e-type=\"container\" data-settings=\"{&quot;background_background&quot;:&quot;classic&quot;}\">\n\t\t\t\t<\/div>\n\t\t\t\t<\/div>\n\t\t<div class=\"elementor-element elementor-element-c66f3cf e-con-full e-grid e-con e-child\" data-id=\"c66f3cf\" data-element_type=\"container\" data-e-type=\"container\" data-settings=\"{&quot;background_background&quot;:&quot;classic&quot;}\">\n\t\t<div class=\"elementor-element elementor-element-826995d e-con-full e-flex e-con e-child\" data-id=\"826995d\" data-element_type=\"container\" data-e-type=\"container\" data-settings=\"{&quot;background_background&quot;:&quot;classic&quot;}\">\n\t\t\t\t<\/div>\n\t\t<div class=\"elementor-element elementor-element-86df049 e-con-full e-flex e-con e-child\" data-id=\"86df049\" data-element_type=\"container\" data-e-type=\"container\">\n\t\t\t\t<div class=\"elementor-element elementor-element-7bbcdee elementor-widget elementor-widget-heading\" data-id=\"7bbcdee\" data-element_type=\"widget\" data-e-type=\"widget\" data-widget_type=\"heading.default\">\n\t\t\t\t\t<h3 class=\"elementor-heading-title elementor-size-default\">S\u00e9curit\u00e9 et contr\u00f4le des risques<\/h3>\t\t\t\t<\/div>\n\t\t<div class=\"elementor-element elementor-element-2022679 e-con-full e-flex e-con e-child\" data-id=\"2022679\" data-element_type=\"container\" data-e-type=\"container\">\n\t\t\t\t<div class=\"elementor-element elementor-element-4522453 romb-text-list elementor-widget elementor-widget-text-editor\" data-id=\"4522453\" data-element_type=\"widget\" data-e-type=\"widget\" data-widget_type=\"text-editor.default\">\n\t\t\t\t\t\t\t\t\t<ul><li>La plateforme OVHcloud (l\u00e9galement OVH Groupe SA) est un important fournisseur fran\u00e7ais de cloud computing et d&#8217;h\u00e9bergement. Sert des millions de clients dans le monde avec des services cloud, des VPS, des serveurs d\u00e9di\u00e9s, etc. OVH se positionne comme une alternative europ\u00e9enne aux hyperscalers am\u00e9ricains comme AWS\/Azure, en mettant l&#8217;accent sur la souverainet\u00e9 des donn\u00e9es pour les utilisateurs de l&#8217;UE. OVH s&#8217;engage \u00e0 se conformer aux normes europ\u00e9ennes de protection des donn\u00e9es telles que l&#8217;UE <strong>R\u00e8glement g\u00e9n\u00e9ral sur la protection des donn\u00e9es (RGPD)<\/strong>, qui impose des exigences strictes sur la mani\u00e8re dont les donn\u00e9es personnelles sont trait\u00e9es.<\/li><li><strong>Cadres de s\u00e9curit\u00e9<\/strong>: L&#8217;entreprise maintient un syst\u00e8me de gestion de la s\u00e9curit\u00e9 de l&#8217;information (ISMS) avec des audits internes et externes r\u00e9guliers, une analyse des vuln\u00e9rabilit\u00e9s et des \u00e9valuations des risques.<\/li><li>Certains services OVH ont des qualifications de s\u00e9curit\u00e9 de haut niveau comme <strong>secNumcloud<\/strong>, une certification de l&#8217;agence fran\u00e7aise de cybers\u00e9curit\u00e9 ANSSI pour les offres cloud s\u00e9curis\u00e9es.<\/li><li><strong>S\u00e9curit\u00e9 du centre de donn\u00e9es physique<\/strong>: Les centres de donn\u00e9es ont des contr\u00f4les physiques forts (acc\u00e8s aux badges, surveillance, syst\u00e8mes d&#8217;incendie, alimentation redondante).<\/li><li><strong>Souverainet\u00e9 des donn\u00e9es<\/strong><\/li><li><strong>OVH n&#8217;acc\u00e8de pas aux donn\u00e9es des clients, sauf autorisation expresse<\/strong>, et lorsque le support ou la maintenance n\u00e9cessite un acc\u00e8s, toutes les actions sont trac\u00e9es pour des raisons de responsabilit\u00e9.<\/li><\/ul>\t\t\t\t\t\t\t\t<\/div>\n\t\t\t\t<\/div>\n\t\t\t\t<\/div>\n\t\t\t\t<\/div>\n\t\t\t\t<\/div>\n\t\t\t\t<\/div>\n\t\t\t\t\t<\/div>\n\t\t\t\t<\/div>\n\t\t\t\t<\/div>","protected":false},"excerpt":{"rendered":"<p>Plateforme num\u00e9rique Une plate-forme mobile et Web qui aide les groupes communautaires \u00e0 g\u00e9rer des fonds, \u00e0 appliquer des r\u00e8gles de gouvernance et \u00e0 fonctionner de mani\u00e8re transparente gr\u00e2ce \u00e0 des processus structur\u00e9s, des donn\u00e9es partag\u00e9es et des sauvegardes int\u00e9gr\u00e9es. S\u00e9curit\u00e9, contr\u00f4le et solidarit\u00e9 Con\u00e7u pour la gestion financi\u00e8re collective Plateforme mobile (Android) L&#8217;application Ma&#8217;at [&hellip;]<\/p>\n","protected":false},"author":3,"featured_media":0,"parent":0,"menu_order":0,"comment_status":"closed","ping_status":"closed","template":"","meta":{"footnotes":""},"class_list":["post-1415","page","type-page","status-publish","hentry"],"_links":{"self":[{"href":"https:\/\/maatpeasant.com\/gl\/wp-json\/wp\/v2\/pages\/1415","targetHints":{"allow":["GET"]}}],"collection":[{"href":"https:\/\/maatpeasant.com\/gl\/wp-json\/wp\/v2\/pages"}],"about":[{"href":"https:\/\/maatpeasant.com\/gl\/wp-json\/wp\/v2\/types\/page"}],"author":[{"embeddable":true,"href":"https:\/\/maatpeasant.com\/gl\/wp-json\/wp\/v2\/users\/3"}],"replies":[{"embeddable":true,"href":"https:\/\/maatpeasant.com\/gl\/wp-json\/wp\/v2\/comments?post=1415"}],"version-history":[{"count":5,"href":"https:\/\/maatpeasant.com\/gl\/wp-json\/wp\/v2\/pages\/1415\/revisions"}],"predecessor-version":[{"id":1420,"href":"https:\/\/maatpeasant.com\/gl\/wp-json\/wp\/v2\/pages\/1415\/revisions\/1420"}],"wp:attachment":[{"href":"https:\/\/maatpeasant.com\/gl\/wp-json\/wp\/v2\/media?parent=1415"}],"curies":[{"name":"wp","href":"https:\/\/api.w.org\/{rel}","templated":true}]}}