{"id":269,"date":"2026-03-26T11:13:24","date_gmt":"2026-03-26T11:13:24","guid":{"rendered":"https:\/\/dev.maatpeasant.com\/?page_id=269"},"modified":"2026-04-22T15:14:59","modified_gmt":"2026-04-22T15:14:59","slug":"platform","status":"publish","type":"page","link":"https:\/\/maatpeasant.com\/fr\/platform\/","title":{"rendered":"Plateforme"},"content":{"rendered":"<div data-elementor-type=\"wp-page\" data-elementor-id=\"269\" class=\"elementor elementor-269\" data-elementor-post-type=\"page\">\n\t\t\t\t<div class=\"elementor-element elementor-element-452c20e e-flex e-con-boxed e-con e-parent\" data-id=\"452c20e\" data-element_type=\"container\" data-e-type=\"container\">\n\t\t\t\t\t<div class=\"e-con-inner\">\n\t\t<div class=\"elementor-element elementor-element-05a9f71 e-con-full global-paddings .panels e-flex e-con e-child\" data-id=\"05a9f71\" data-element_type=\"container\" data-e-type=\"container\">\n\t\t<div class=\"elementor-element elementor-element-4b4df8f e-con-full e-flex e-con e-child\" data-id=\"4b4df8f\" data-element_type=\"container\" data-e-type=\"container\" data-settings=\"{&quot;background_background&quot;:&quot;classic&quot;}\">\n\t\t<div class=\"elementor-element elementor-element-ffb0887 e-con-full e-flex e-con e-child\" data-id=\"ffb0887\" data-element_type=\"container\" data-e-type=\"container\">\n\t\t\t\t<div class=\"elementor-element elementor-element-d6ef825 elementor-widget-tablet__width-inherit elementor-widget elementor-widget-heading\" data-id=\"d6ef825\" data-element_type=\"widget\" data-e-type=\"widget\" data-widget_type=\"heading.default\">\n\t\t\t\t\t<h1 class=\"elementor-heading-title elementor-size-default\">Plateforme num\u00e9rique<\/h1>\t\t\t\t<\/div>\n\t\t\t\t<div class=\"elementor-element elementor-element-1f1b8d7 elementor-widget__width-initial elementor-widget elementor-widget-text-editor\" data-id=\"1f1b8d7\" data-element_type=\"widget\" data-e-type=\"widget\" data-widget_type=\"text-editor.default\">\n\t\t\t\t\t\t\t\t\t<p>Une plateforme mobile et web qui aide les groupes communautaires \u00e0 g\u00e9rer leurs fonds, \u00e0 faire respecter les r\u00e8gles de gouvernance et \u00e0 fonctionner de mani\u00e8re transparente gr\u00e2ce \u00e0 des processus structur\u00e9s, des donn\u00e9es partag\u00e9es et des garanties int\u00e9gr\u00e9es.<\/p>\t\t\t\t\t\t\t\t<\/div>\n\t\t\t\t<\/div>\n\t\t\t\t<\/div>\n\t\t\t\t<\/div>\n\t\t\t\t\t<\/div>\n\t\t\t\t<\/div>\n\t\t<div class=\"elementor-element elementor-element-16c28de e-flex e-con-boxed e-con e-parent\" data-id=\"16c28de\" data-element_type=\"container\" data-e-type=\"container\">\n\t\t\t\t\t<div class=\"e-con-inner\">\n\t\t<div class=\"elementor-element elementor-element-7b4ef10 e-con-full global-paddings e-flex e-con e-child\" data-id=\"7b4ef10\" data-element_type=\"container\" data-e-type=\"container\">\n\t\t<div class=\"elementor-element elementor-element-7019fdd e-con-full e-flex e-con e-child\" data-id=\"7019fdd\" data-element_type=\"container\" data-e-type=\"container\">\n\t\t<div class=\"elementor-element elementor-element-b665797 e-con-full e-flex e-con e-child\" data-id=\"b665797\" data-element_type=\"container\" data-e-type=\"container\">\n\t\t\t\t<div class=\"elementor-element elementor-element-5282a21 elementor-widget__width-initial elementor-widget elementor-widget-heading\" data-id=\"5282a21\" data-element_type=\"widget\" data-e-type=\"widget\" data-widget_type=\"heading.default\">\n\t\t\t\t\t<h2 class=\"elementor-heading-title elementor-size-default\">S\u00e9curit\u00e9, Contr\u00f4le et Solidarit\u00e9<\/h2>\t\t\t\t<\/div>\n\t\t\t\t<div class=\"elementor-element elementor-element-239b6cf elementor-widget__width-initial elementor-widget elementor-widget-text-editor\" data-id=\"239b6cf\" data-element_type=\"widget\" data-e-type=\"widget\" data-widget_type=\"text-editor.default\">\n\t\t\t\t\t\t\t\t\t<p>Con\u00e7u pour la gestion financi\u00e8re collective<\/p>\t\t\t\t\t\t\t\t<\/div>\n\t\t\t\t<\/div>\n\t\t<div class=\"elementor-element elementor-element-8a47315 e-con-full e-grid e-con e-child\" data-id=\"8a47315\" data-element_type=\"container\" data-e-type=\"container\" data-settings=\"{&quot;background_background&quot;:&quot;classic&quot;}\">\n\t\t<div class=\"elementor-element elementor-element-f68b5a5 e-con-full e-flex e-con e-child\" data-id=\"f68b5a5\" data-element_type=\"container\" data-e-type=\"container\">\n\t\t\t\t<div class=\"elementor-element elementor-element-f01350f elementor-widget elementor-widget-heading\" data-id=\"f01350f\" data-element_type=\"widget\" data-e-type=\"widget\" data-widget_type=\"heading.default\">\n\t\t\t\t\t<h3 class=\"elementor-heading-title elementor-size-default\">Plateforme mobile (Android)<\/h3>\t\t\t\t<\/div>\n\t\t<div class=\"elementor-element elementor-element-2389fbe e-con-full e-flex e-con e-child\" data-id=\"2389fbe\" data-element_type=\"container\" data-e-type=\"container\">\n\t\t\t\t<div class=\"elementor-element elementor-element-734d008 elementor-widget elementor-widget-text-editor\" data-id=\"734d008\" data-element_type=\"widget\" data-e-type=\"widget\" data-widget_type=\"text-editor.default\">\n\t\t\t\t\t\t\t\t\t<p>L'application Ma\u2019at aide les groupes \u00e0 g\u00e9rer leurs activit\u00e9s et leurs transactions financi\u00e8res de mani\u00e8re structur\u00e9e et transparente. Construite autour des r\u00e8gles de gouvernance Ma\u2019at, l'application guide les groupes tout au long de leurs r\u00e9unions, enregistre les transactions et alerte les utilisateurs en cas de risques ou d'incoh\u00e9rences.<\/p>\t\t\t\t\t\t\t\t<\/div>\n\t\t\t\t<div class=\"elementor-element elementor-element-4c21f9d elementor-widget elementor-widget-text-editor\" data-id=\"4c21f9d\" data-element_type=\"widget\" data-e-type=\"widget\" data-widget_type=\"text-editor.default\">\n\t\t\t\t\t\t\t\t\t<p>Chaque groupe \u00e9lit deux secr\u00e9taires charg\u00e9s d'enregistrer les transactions lors des r\u00e9unions. Cette responsabilit\u00e9 partag\u00e9e assure la continuit\u00e9 et la transparence tout en permettant \u00e0 la plupart des membres d'apprendre le fonctionnement du syst\u00e8me.<\/p>\t\t\t\t\t\t\t\t<\/div>\n\t\t\t\t<div class=\"elementor-element elementor-element-6a3dcce elementor-widget elementor-widget-text-editor\" data-id=\"6a3dcce\" data-element_type=\"widget\" data-e-type=\"widget\" data-widget_type=\"text-editor.default\">\n\t\t\t\t\t\t\t\t\t<p>Toutes les donn\u00e9es du groupe restent visibles par les membres, cr\u00e9ant une transparence et une responsabilit\u00e9 compl\u00e8tes.<\/p>\t\t\t\t\t\t\t\t<\/div>\n\t\t\t\t<\/div>\n\t\t\t\t<\/div>\n\t\t<div class=\"elementor-element elementor-element-c2a53ac e-con-full e-flex e-con e-child\" data-id=\"c2a53ac\" data-element_type=\"container\" data-e-type=\"container\" data-settings=\"{&quot;background_background&quot;:&quot;classic&quot;}\">\n\t\t\t\t<\/div>\n\t\t\t\t<\/div>\n\t\t<div class=\"elementor-element elementor-element-c3f3f5e e-con-full e-grid e-con e-child\" data-id=\"c3f3f5e\" data-element_type=\"container\" data-e-type=\"container\" data-settings=\"{&quot;background_background&quot;:&quot;classic&quot;}\">\n\t\t<div class=\"elementor-element elementor-element-a01f91d e-con-full e-flex e-con e-child\" data-id=\"a01f91d\" data-element_type=\"container\" data-e-type=\"container\" data-settings=\"{&quot;background_background&quot;:&quot;classic&quot;}\">\n\t\t\t\t<\/div>\n\t\t<div class=\"elementor-element elementor-element-74c171c e-con-full e-flex e-con e-child\" data-id=\"74c171c\" data-element_type=\"container\" data-e-type=\"container\">\n\t\t\t\t<div class=\"elementor-element elementor-element-558f90b elementor-widget elementor-widget-heading\" data-id=\"558f90b\" data-element_type=\"widget\" data-e-type=\"widget\" data-widget_type=\"heading.default\">\n\t\t\t\t\t<h3 class=\"elementor-heading-title elementor-size-default\">Application Web<\/h3>\t\t\t\t<\/div>\n\t\t<div class=\"elementor-element elementor-element-ec1e863 e-con-full e-flex e-con e-child\" data-id=\"ec1e863\" data-element_type=\"container\" data-e-type=\"container\">\n\t\t\t\t<div class=\"elementor-element elementor-element-10d78ba romb-text-list elementor-widget elementor-widget-text-editor\" data-id=\"10d78ba\" data-element_type=\"widget\" data-e-type=\"widget\" data-widget_type=\"text-editor.default\">\n\t\t\t\t\t\t\t\t\t<p>La plateforme Ma\u2019at est administr\u00e9e au niveau mondial par les administrateurs paysans de Ma\u2019at. Ils sont responsables du bon fonctionnement de l\u2019enregistrement et du traitement des donn\u00e9es.<\/p><ul><li>Multilingue (EN, FR, ES, GL, PT, ZH)<\/li><li>Adapt\u00e9 \u00e0 chaque pays et \u00e0 chaque groupe<\/li><li>Trains, applique la transparence, encapsule les r\u00e8gles<\/li><li>Contr\u00f4les et alertes pour pr\u00e9venir les erreurs ou la fraude<\/li><li>Conserve l'historique complet et les journaux<\/li><\/ul>\t\t\t\t\t\t\t\t<\/div>\n\t\t\t\t<\/div>\n\t\t\t\t<\/div>\n\t\t\t\t<\/div>\n\t\t<div class=\"elementor-element elementor-element-1223f86 e-con-full e-grid e-con e-child\" data-id=\"1223f86\" data-element_type=\"container\" data-e-type=\"container\" data-settings=\"{&quot;background_background&quot;:&quot;classic&quot;}\">\n\t\t<div class=\"elementor-element elementor-element-1c52eec e-con-full e-flex e-con e-child\" data-id=\"1c52eec\" data-element_type=\"container\" data-e-type=\"container\">\n\t\t\t\t<div class=\"elementor-element elementor-element-97f02ac elementor-widget elementor-widget-heading\" data-id=\"97f02ac\" data-element_type=\"widget\" data-e-type=\"widget\" data-widget_type=\"heading.default\">\n\t\t\t\t\t<h3 class=\"elementor-heading-title elementor-size-default\">Infrastructure informatique<\/h3>\t\t\t\t<\/div>\n\t\t<div class=\"elementor-element elementor-element-3c6c29d e-con-full e-flex e-con e-child\" data-id=\"3c6c29d\" data-element_type=\"container\" data-e-type=\"container\">\n\t\t\t\t<div class=\"elementor-element elementor-element-325d00e elementor-widget elementor-widget-text-editor\" data-id=\"325d00e\" data-element_type=\"widget\" data-e-type=\"widget\" data-widget_type=\"text-editor.default\">\n\t\t\t\t\t\t\t\t\t<strong style=\"color: #161514;\">Vitesse<\/strong><\/br>\nPerformances rapides et r\u00e9actives de la plateforme pour une utilisation fluide lors des r\u00e9unions de groupe et des op\u00e9rations quotidiennes.\t\t\t\t\t\t\t\t<\/div>\n\t\t\t\t<div class=\"elementor-element elementor-element-a413815 elementor-widget elementor-widget-text-editor\" data-id=\"a413815\" data-element_type=\"widget\" data-e-type=\"widget\" data-widget_type=\"text-editor.default\">\n\t\t\t\t\t\t\t\t\t<strong style=\"color: #161514;\">Haute disponibilit\u00e9<\/strong><\/br>\nCon\u00e7u pour rester accessible chaque fois que les groupes en ont besoin, avec des performances syst\u00e8me stables et fiables.\t\t\t\t\t\t\t\t<\/div>\n\t\t\t\t<div class=\"elementor-element elementor-element-26510d3 elementor-widget elementor-widget-text-editor\" data-id=\"26510d3\" data-element_type=\"widget\" data-e-type=\"widget\" data-widget_type=\"text-editor.default\">\n\t\t\t\t\t\t\t\t\t<p><strong style=\"color: #161514;\">S\u00e9curit\u00e9 des donn\u00e9es et redondance<br \/><\/strong>Stockage de donn\u00e9es s\u00e9curis\u00e9 avec des syst\u00e8mes de sauvegarde qui prot\u00e8gent les informations et garantissent l'int\u00e9grit\u00e9 des donn\u00e9es.<\/p>\t\t\t\t\t\t\t\t<\/div>\n\t\t\t\t<div class=\"elementor-element elementor-element-e6ce029 elementor-widget elementor-widget-text-editor\" data-id=\"e6ce029\" data-element_type=\"widget\" data-e-type=\"widget\" data-widget_type=\"text-editor.default\">\n\t\t\t\t\t\t\t\t\t<p><strong style=\"color: #161514;\">Acc\u00e8s Global<br \/><\/strong>Accessible de partout, permettant au r\u00e9seau Ma'at de fonctionner \u00e0 travers les pays et les communaut\u00e9s.<\/p>\t\t\t\t\t\t\t\t<\/div>\n\t\t\t\t<\/div>\n\t\t\t\t<\/div>\n\t\t<div class=\"elementor-element elementor-element-ed10729 e-con-full e-flex e-con e-child\" data-id=\"ed10729\" data-element_type=\"container\" data-e-type=\"container\" data-settings=\"{&quot;background_background&quot;:&quot;classic&quot;}\">\n\t\t\t\t<\/div>\n\t\t\t\t<\/div>\n\t\t<div class=\"elementor-element elementor-element-5006617 e-con-full e-grid e-con e-child\" data-id=\"5006617\" data-element_type=\"container\" data-e-type=\"container\" data-settings=\"{&quot;background_background&quot;:&quot;classic&quot;}\">\n\t\t<div class=\"elementor-element elementor-element-7331935 e-con-full e-flex e-con e-child\" data-id=\"7331935\" data-element_type=\"container\" data-e-type=\"container\" data-settings=\"{&quot;background_background&quot;:&quot;classic&quot;}\">\n\t\t\t\t<\/div>\n\t\t<div class=\"elementor-element elementor-element-e1c1897 e-con-full e-flex e-con e-child\" data-id=\"e1c1897\" data-element_type=\"container\" data-e-type=\"container\">\n\t\t\t\t<div class=\"elementor-element elementor-element-fcd25cd elementor-widget elementor-widget-heading\" data-id=\"fcd25cd\" data-element_type=\"widget\" data-e-type=\"widget\" data-widget_type=\"heading.default\">\n\t\t\t\t\t<h3 class=\"elementor-heading-title elementor-size-default\">Outils d'application de la gouvernance<\/h3>\t\t\t\t<\/div>\n\t\t<div class=\"elementor-element elementor-element-4eca6fa e-con-full e-flex e-con e-child\" data-id=\"4eca6fa\" data-element_type=\"container\" data-e-type=\"container\">\n\t\t\t\t<div class=\"elementor-element elementor-element-41bcd7e romb-text-list elementor-widget elementor-widget-text-editor\" data-id=\"41bcd7e\" data-element_type=\"widget\" data-e-type=\"widget\" data-widget_type=\"text-editor.default\">\n\t\t\t\t\t\t\t\t\t<p>Une bonne gouvernance est ce qui rend le groupe performant et durable. Avant le lancement du groupe, les membres n\u00e9gocient et signent leur Charte de groupe.<\/p><ul><li>Les limites quant \u00e0 qui peut participer et \u00e0 ce que le groupe peut accomplir sont clairement d\u00e9finies.<\/li><li>Les cultures et les \u00e9cologies locales d\u00e9terminent les choix des groupes<\/li><li>La prise de d\u00e9cision est bas\u00e9e sur la participation de tous<\/li><li>Les chefs de groupe sont responsables du bon fonctionnement du groupe<\/li><li>Le Groupe d\u00e9finit des sanctions progressives pour ceux qui ne respectent pas la Charte convenue, avec des avertissements et des amendes progressifs.<\/li><li>Les proc\u00e9dures de r\u00e9solution des conflits reposent sur une r\u00e9solution pr\u00e9coce. Un facilitateur externe agit comme m\u00e9diateur en cas de besoin.<\/li><li>Le Groupe est connu dans la communaut\u00e9 et c\u00e9l\u00e8bre les r\u00e9alisations lors des \u00e9v\u00e9nements de fin de cycle<\/li><li>Le Groupe fait partie d'un r\u00e9seau Ma'at plus large, local et international, qui le soutient et l'accompagne.<\/li><\/ul>\t\t\t\t\t\t\t\t<\/div>\n\t\t\t\t<\/div>\n\t\t\t\t<\/div>\n\t\t\t\t<\/div>\n\t\t<div class=\"elementor-element elementor-element-76eeda1 e-con-full e-grid e-con e-child\" data-id=\"76eeda1\" data-element_type=\"container\" data-e-type=\"container\" data-settings=\"{&quot;background_background&quot;:&quot;classic&quot;}\">\n\t\t<div class=\"elementor-element elementor-element-b8cef4b e-con-full e-flex e-con e-child\" data-id=\"b8cef4b\" data-element_type=\"container\" data-e-type=\"container\">\n\t\t\t\t<div class=\"elementor-element elementor-element-151b9eb elementor-widget elementor-widget-heading\" data-id=\"151b9eb\" data-element_type=\"widget\" data-e-type=\"widget\" data-widget_type=\"heading.default\">\n\t\t\t\t\t<h3 class=\"elementor-heading-title elementor-size-default\">Transparence des donn\u00e9es<\/h3>\t\t\t\t<\/div>\n\t\t<div class=\"elementor-element elementor-element-b3d443b e-con-full e-flex e-con e-child\" data-id=\"b3d443b\" data-element_type=\"container\" data-e-type=\"container\">\n\t\t<div class=\"elementor-element elementor-element-f746b5e e-con-full e-flex e-con e-child\" data-id=\"f746b5e\" data-element_type=\"container\" data-e-type=\"container\">\n\t\t\t\t<div class=\"elementor-element elementor-element-babe497 romb-text-list elementor-widget elementor-widget-text-editor\" data-id=\"babe497\" data-element_type=\"widget\" data-e-type=\"widget\" data-widget_type=\"text-editor.default\">\n\t\t\t\t\t\t\t\t\t<ul><li>Les donn\u00e9es sont enregistr\u00e9es dans des carnets et les smartphones des groupes et transf\u00e9r\u00e9es vers le serveur g\u00e9r\u00e9 par les administrateurs de Ma'at au sein de l'association paysanne Ma'at (bas\u00e9e en France).<\/li><li>Les donn\u00e9es sont enti\u00e8rement transparentes pour les membres du groupe et disponibles \u00e0 tout moment<\/li><li>Aucune donn\u00e9e personnelle collect\u00e9e ou partag\u00e9e<\/li><li>Le Groupe d\u00e9finit des sanctions progressives pour ceux qui ne respectent pas la Charte convenue, avec des avertissements et des amendes progressifs.<\/li><li>La confidentialit\u00e9 est garantie<\/li><li>Niveaux d'acc\u00e8s diff\u00e9rents aux fonctions et aux donn\u00e9es en fonction des r\u00f4les (administrateur, responsable, registraire, utilisateur)<\/li><\/ul>\t\t\t\t\t\t\t\t<\/div>\n\t\t\t\t<\/div>\n\t\t\t\t<\/div>\n\t\t\t\t<\/div>\n\t\t<div class=\"elementor-element elementor-element-958cdf0 e-con-full e-flex e-con e-child\" data-id=\"958cdf0\" data-element_type=\"container\" data-e-type=\"container\" data-settings=\"{&quot;background_background&quot;:&quot;classic&quot;}\">\n\t\t\t\t<\/div>\n\t\t\t\t<\/div>\n\t\t<div class=\"elementor-element elementor-element-c66f3cf e-con-full e-grid e-con e-child\" data-id=\"c66f3cf\" data-element_type=\"container\" data-e-type=\"container\" data-settings=\"{&quot;background_background&quot;:&quot;classic&quot;}\">\n\t\t<div class=\"elementor-element elementor-element-826995d e-con-full e-flex e-con e-child\" data-id=\"826995d\" data-element_type=\"container\" data-e-type=\"container\" data-settings=\"{&quot;background_background&quot;:&quot;classic&quot;}\">\n\t\t\t\t<\/div>\n\t\t<div class=\"elementor-element elementor-element-86df049 e-con-full e-flex e-con e-child\" data-id=\"86df049\" data-element_type=\"container\" data-e-type=\"container\">\n\t\t\t\t<div class=\"elementor-element elementor-element-7bbcdee elementor-widget elementor-widget-heading\" data-id=\"7bbcdee\" data-element_type=\"widget\" data-e-type=\"widget\" data-widget_type=\"heading.default\">\n\t\t\t\t\t<h3 class=\"elementor-heading-title elementor-size-default\">S\u00e9curit\u00e9 et contr\u00f4le des risques<\/h3>\t\t\t\t<\/div>\n\t\t<div class=\"elementor-element elementor-element-2022679 e-con-full e-flex e-con e-child\" data-id=\"2022679\" data-element_type=\"container\" data-e-type=\"container\">\n\t\t\t\t<div class=\"elementor-element elementor-element-4522453 romb-text-list elementor-widget elementor-widget-text-editor\" data-id=\"4522453\" data-element_type=\"widget\" data-e-type=\"widget\" data-widget_type=\"text-editor.default\">\n\t\t\t\t\t\t\t\t\t<ul><li>La plateforme OVHcloud (l\u00e9galement OVH Groupe SA) est un fournisseur majeur fran\u00e7ais de cloud computing et d'h\u00e9bergement. Elle dessert des millions de clients dans le monde avec des services cloud, des VPS, des serveurs d\u00e9di\u00e9s et plus encore. OVH se positionne comme une alternative europ\u00e9enne aux hyperscalers am\u00e9ricains tels qu'AWS\/Azure, en mettant l'accent sur la souverainet\u00e9 des donn\u00e9es pour les utilisateurs europ\u00e9ens. OVH s'engage \u00e0 respecter les normes europ\u00e9ennes de protection des donn\u00e9es telles que le RGPD. <strong>R\u00e8glement G\u00e9n\u00e9ral sur la Protection des Donn\u00e9es (RGPD)<\/strong>, qui impose des exigences strictes quant \u00e0 la mani\u00e8re dont les donn\u00e9es personnelles sont trait\u00e9es.<\/li><li><strong>Cadres de s\u00e9curit\u00e9<\/strong>L'entreprise maintient un syst\u00e8me de management de la s\u00e9curit\u00e9 de l'information (SMSI) avec des audits internes et externes r\u00e9guliers, des analyses de vuln\u00e9rabilit\u00e9 et des \u00e9valuations des risques.<\/li><li>Certains services OVH disposent de qualifications de s\u00e9curit\u00e9 de haut niveau telles que <strong>SecNumCloud<\/strong>, une certification de l'agence fran\u00e7aise de cybers\u00e9curit\u00e9 ANSSI pour des offres cloud s\u00e9curis\u00e9es.<\/li><li><strong>S\u00e9curit\u00e9 physique du centre de donn\u00e9es<\/strong>Les centres de donn\u00e9es disposent de contr\u00f4les physiques robustes (acc\u00e8s par badge, surveillance, syst\u00e8mes anti-incendie, alimentation redondante).<\/li><li><strong>Souverainet\u00e9 des donn\u00e9es<\/strong><\/li><li><strong>OVH n'acc\u00e8de pas aux donn\u00e9es des clients, sauf autorisation expresse<\/strong>, et lorsque le support ou la maintenance n\u00e9cessite un acc\u00e8s, toutes les actions sont trac\u00e9es pour la responsabilit\u00e9.<\/li><\/ul>\t\t\t\t\t\t\t\t<\/div>\n\t\t\t\t<\/div>\n\t\t\t\t<\/div>\n\t\t\t\t<\/div>\n\t\t\t\t<\/div>\n\t\t\t\t<\/div>\n\t\t\t\t\t<\/div>\n\t\t\t\t<\/div>\n\t\t\t\t<\/div>","protected":false},"excerpt":{"rendered":"<p>Digital platform\u200b A mobile and web platform that helps community groups manage funds, enforce governance rules, and operate transparently through structured processes, shared data, and built-in safeguards. Security, Control &amp; Solidarity Designed for Collective Financial Management Mobile platform (Android) The Ma\u2019at App helps groups manage their activities and financial transactions in a structured and transparent [&hellip;]<\/p>\n","protected":false},"author":3,"featured_media":0,"parent":0,"menu_order":0,"comment_status":"closed","ping_status":"closed","template":"","meta":{"footnotes":""},"class_list":["post-269","page","type-page","status-publish","hentry"],"_links":{"self":[{"href":"https:\/\/maatpeasant.com\/fr\/wp-json\/wp\/v2\/pages\/269","targetHints":{"allow":["GET"]}}],"collection":[{"href":"https:\/\/maatpeasant.com\/fr\/wp-json\/wp\/v2\/pages"}],"about":[{"href":"https:\/\/maatpeasant.com\/fr\/wp-json\/wp\/v2\/types\/page"}],"author":[{"embeddable":true,"href":"https:\/\/maatpeasant.com\/fr\/wp-json\/wp\/v2\/users\/3"}],"replies":[{"embeddable":true,"href":"https:\/\/maatpeasant.com\/fr\/wp-json\/wp\/v2\/comments?post=269"}],"version-history":[{"count":58,"href":"https:\/\/maatpeasant.com\/fr\/wp-json\/wp\/v2\/pages\/269\/revisions"}],"predecessor-version":[{"id":1561,"href":"https:\/\/maatpeasant.com\/fr\/wp-json\/wp\/v2\/pages\/269\/revisions\/1561"}],"wp:attachment":[{"href":"https:\/\/maatpeasant.com\/fr\/wp-json\/wp\/v2\/media?parent=269"}],"curies":[{"name":"wp","href":"https:\/\/api.w.org\/{rel}","templated":true}]}}