{"id":264,"date":"2026-03-26T11:12:11","date_gmt":"2026-03-26T11:12:11","guid":{"rendered":"https:\/\/dev.maatpeasant.com\/?page_id=264"},"modified":"2026-04-14T11:41:36","modified_gmt":"2026-04-14T11:41:36","slug":"how-it-works","status":"publish","type":"page","link":"https:\/\/maatpeasant.com\/fr\/how-it-works\/","title":{"rendered":"Comment \u00e7a marche"},"content":{"rendered":"<div data-elementor-type=\"wp-page\" data-elementor-id=\"264\" class=\"elementor elementor-264\" data-elementor-post-type=\"page\">\n\t\t\t\t<div class=\"elementor-element elementor-element-dbe62df e-flex e-con-boxed e-con e-parent\" data-id=\"dbe62df\" data-element_type=\"container\" data-e-type=\"container\">\n\t\t\t\t\t<div class=\"e-con-inner\">\n\t\t<div class=\"elementor-element elementor-element-dfb660c e-con-full global-paddings e-flex e-con e-child\" data-id=\"dfb660c\" data-element_type=\"container\" data-e-type=\"container\">\n\t\t<div class=\"elementor-element elementor-element-d76f391 e-con-full e-grid e-con e-child\" data-id=\"d76f391\" data-element_type=\"container\" data-e-type=\"container\">\n\t\t<div class=\"elementor-element elementor-element-f2f8436 e-con-full e-flex e-con e-child\" data-id=\"f2f8436\" data-element_type=\"container\" data-e-type=\"container\">\n\t\t\t\t<div class=\"elementor-element elementor-element-81d0a07 elementor-widget elementor-widget-heading\" data-id=\"81d0a07\" data-element_type=\"widget\" data-e-type=\"widget\" data-widget_type=\"heading.default\">\n\t\t\t\t\t<h2 class=\"elementor-heading-title elementor-size-default\">Richesse collective par la solidarit\u00e9<\/h2>\t\t\t\t<\/div>\n\t\t\t\t<div class=\"elementor-element elementor-element-bd5a485 elementor-widget__width-initial elementor-widget elementor-widget-text-editor\" data-id=\"bd5a485\" data-element_type=\"widget\" data-e-type=\"widget\" data-widget_type=\"text-editor.default\">\n\t\t\t\t\t\t\t\t\t<p>De la formation d'un groupe \u00e0 la gestion d'un fonds partag\u00e9, le mod\u00e8le Ma\u2019at fournit des outils, des r\u00e8gles de gouvernance et une infrastructure num\u00e9rique pour aider les communaut\u00e9s \u00e0 faire cro\u00eetre leur richesse collective.<\/p>\t\t\t\t\t\t\t\t<\/div>\n\t\t<div class=\"elementor-element elementor-element-56553ac e-con-full e-flex e-con e-child\" data-id=\"56553ac\" data-element_type=\"container\" data-e-type=\"container\">\n\t\t\t\t<div class=\"elementor-element elementor-element-0de1e8e elementor-widget elementor-widget-button\" data-id=\"0de1e8e\" data-element_type=\"widget\" data-e-type=\"widget\" data-widget_type=\"button.default\">\n\t\t\t\t\t\t\t\t\t\t<a class=\"elementor-button elementor-button-link elementor-size-sm\" href=\"mailto:info@maatpeasant.com\" target=\"_blank\">\n\t\t\t\t\t\t<span class=\"elementor-button-content-wrapper\">\n\t\t\t\t\t\t\t\t\t<span class=\"elementor-button-text\">D\u00e9marrer<\/span>\n\t\t\t\t\t<\/span>\n\t\t\t\t\t<\/a>\n\t\t\t\t\t\t\t\t<\/div>\n\t\t\t\t<\/div>\n\t\t\t\t<\/div>\n\t\t<div class=\"elementor-element elementor-element-a80e63b e-con-full e-flex e-con e-child\" data-id=\"a80e63b\" data-element_type=\"container\" data-e-type=\"container\" data-settings=\"{&quot;background_background&quot;:&quot;classic&quot;}\">\n\t\t\t\t<\/div>\n\t\t\t\t<\/div>\n\t\t\t\t<\/div>\n\t\t\t\t\t<\/div>\n\t\t\t\t<\/div>\n\t\t<div class=\"elementor-element elementor-element-d91f651 e-flex e-con-boxed e-con e-parent\" data-id=\"d91f651\" data-element_type=\"container\" data-e-type=\"container\">\n\t\t\t\t\t<div class=\"e-con-inner\">\n\t\t<div class=\"elementor-element elementor-element-894461a e-con-full global-paddings e-flex e-con e-child\" data-id=\"894461a\" data-element_type=\"container\" data-e-type=\"container\">\n\t\t<div class=\"elementor-element elementor-element-328b50a e-con-full e-flex e-con e-child\" data-id=\"328b50a\" data-element_type=\"container\" data-e-type=\"container\">\n\t\t<div class=\"elementor-element elementor-element-9440bc9 e-con-full e-flex e-con e-child\" data-id=\"9440bc9\" data-element_type=\"container\" data-e-type=\"container\">\n\t\t\t\t<div class=\"elementor-element elementor-element-9ca0715 elementor-widget elementor-widget-heading\" data-id=\"9ca0715\" data-element_type=\"widget\" data-e-type=\"widget\" data-widget_type=\"heading.default\">\n\t\t\t\t\t<h2 class=\"elementor-heading-title elementor-size-default\">Comment fonctionne Ma'at<\/h2>\t\t\t\t<\/div>\n\t\t\t\t<div class=\"elementor-element elementor-element-057241b elementor-widget__width-initial elementor-widget elementor-widget-text-editor\" data-id=\"057241b\" data-element_type=\"widget\" data-e-type=\"widget\" data-widget_type=\"text-editor.default\">\n\t\t\t\t\t\t\t\t\t<p>Six \u00e9tapes simples pour aider les communaut\u00e9s \u00e0 b\u00e2tir et g\u00e9rer leur fonds collectif.<\/p>\t\t\t\t\t\t\t\t<\/div>\n\t\t\t\t<div class=\"elementor-element elementor-element-fab60ad elementor-absolute elementor-widget-mobile__width-initial elementor-widget elementor-widget-image\" data-id=\"fab60ad\" data-element_type=\"widget\" data-e-type=\"widget\" data-settings=\"{&quot;_position&quot;:&quot;absolute&quot;}\" data-widget_type=\"image.default\">\n\t\t\t\t\t\t\t\t\t\t\t\t\t\t\t<img decoding=\"async\" src=\"https:\/\/maatpeasant.com\/wp-content\/uploads\/elementor\/thumbs\/Mata-element-title-rkzc0e31i42wvre903jppmysau7e56wkpc70bugg5e.png\" title=\"Titre de l&#039;\u00e9l\u00e9ment Mata\" alt=\"Titre de l&#039;\u00e9l\u00e9ment Mata\" loading=\"lazy\" \/>\t\t\t\t\t\t\t\t\t\t\t\t\t\t\t<\/div>\n\t\t\t\t<\/div>\n\t\t<div class=\"elementor-element elementor-element-4877d0e e-con-full e-grid e-con e-child\" data-id=\"4877d0e\" data-element_type=\"container\" data-e-type=\"container\" data-settings=\"{&quot;background_background&quot;:&quot;classic&quot;}\">\n\t\t<div class=\"elementor-element elementor-element-5652e9c e-con-full e-flex e-con e-child\" data-id=\"5652e9c\" data-element_type=\"container\" data-e-type=\"container\">\n\t\t\t\t<div class=\"elementor-element elementor-element-4c24d18 elementor-widget elementor-widget-heading\" data-id=\"4c24d18\" data-element_type=\"widget\" data-e-type=\"widget\" data-widget_type=\"heading.default\">\n\t\t\t\t\t<h3 class=\"elementor-heading-title elementor-size-default\">Formation de groupe<\/h3>\t\t\t\t<\/div>\n\t\t<div class=\"elementor-element elementor-element-c43d6ca e-con-full e-flex e-con e-child\" data-id=\"c43d6ca\" data-element_type=\"container\" data-e-type=\"container\">\n\t\t\t\t<div class=\"elementor-element elementor-element-3171856 elementor-widget elementor-widget-text-editor\" data-id=\"3171856\" data-element_type=\"widget\" data-e-type=\"widget\" data-widget_type=\"text-editor.default\">\n\t\t\t\t\t\t\t\t\t<p>Les communaut\u00e9s int\u00e9ress\u00e9es \u00e0 rejoindre le r\u00e9seau Ma'at commencent par une s\u00e9rie de s\u00e9ances de brainstorming pour d\u00e9finir leurs objectifs communs, leurs valeurs et leurs principes de coop\u00e9ration.<\/p>\t\t\t\t\t\t\t\t<\/div>\n\t\t\t\t<div class=\"elementor-element elementor-element-0f56ce3 elementor-widget elementor-widget-text-editor\" data-id=\"0f56ce3\" data-element_type=\"widget\" data-e-type=\"widget\" data-widget_type=\"text-editor.default\">\n\t\t\t\t\t\t\t\t\t<p>Avec le soutien de l'\u00e9quipe Ma'at et d'un responsable pays local, le groupe se forme autour de 10 \u00e0 30 membres, choisit un nom et \u00e9tablit ses objectifs collectifs.<\/p>\t\t\t\t\t\t\t\t<\/div>\n\t\t\t\t<div class=\"elementor-element elementor-element-24be4b8 elementor-widget elementor-widget-text-editor\" data-id=\"24be4b8\" data-element_type=\"widget\" data-e-type=\"widget\" data-widget_type=\"text-editor.default\">\n\t\t\t\t\t\t\t\t\t<p>Au cours de la phase initiale, le groupe re\u00e7oit des conseils et une formation pour devenir pleinement op\u00e9rationnel, jusqu'\u00e0 ce qu'il acqui\u00e8re une autonomie et une gouvernance autonome.<\/p>\t\t\t\t\t\t\t\t<\/div>\n\t\t\t\t<\/div>\n\t\t\t\t<\/div>\n\t\t<div class=\"elementor-element elementor-element-7cc1b15 e-con-full e-flex e-con e-child\" data-id=\"7cc1b15\" data-element_type=\"container\" data-e-type=\"container\" data-settings=\"{&quot;background_background&quot;:&quot;classic&quot;}\">\n\t\t\t\t<\/div>\n\t\t\t\t<\/div>\n\t\t<div class=\"elementor-element elementor-element-9fa1533 e-con-full e-grid e-con e-child\" data-id=\"9fa1533\" data-element_type=\"container\" data-e-type=\"container\" data-settings=\"{&quot;background_background&quot;:&quot;classic&quot;}\">\n\t\t<div class=\"elementor-element elementor-element-6d53afe e-con-full e-flex e-con e-child\" data-id=\"6d53afe\" data-element_type=\"container\" data-e-type=\"container\">\n\t\t\t\t<div class=\"elementor-element elementor-element-9f949f9 elementor-widget elementor-widget-heading\" data-id=\"9f949f9\" data-element_type=\"widget\" data-e-type=\"widget\" data-widget_type=\"heading.default\">\n\t\t\t\t\t<h3 class=\"elementor-heading-title elementor-size-default\">Gouvernance d\u00e9mocratique<\/h3>\t\t\t\t<\/div>\n\t\t<div class=\"elementor-element elementor-element-0aa12aa e-con-full e-flex e-con e-child\" data-id=\"0aa12aa\" data-element_type=\"container\" data-e-type=\"container\">\n\t\t\t\t<div class=\"elementor-element elementor-element-d39bb7d elementor-widget elementor-widget-text-editor\" data-id=\"d39bb7d\" data-element_type=\"widget\" data-e-type=\"widget\" data-widget_type=\"text-editor.default\">\n\t\t\t\t\t\t\t\t\t<p>Chaque groupe Ma\u2019at \u00e9lit son \u00e9quipe de direction annuellement pour garantir une prise de d\u00e9cision transparente et \u00e9quilibr\u00e9e. L'\u00e9quipe de direction comprend g\u00e9n\u00e9ralement un coordinateur et deux tr\u00e9soriers responsables du bon d\u00e9roulement des activit\u00e9s du groupe.<\/p>\t\t\t\t\t\t\t\t<\/div>\n\t\t\t\t<div class=\"elementor-element elementor-element-89c6e78 elementor-widget elementor-widget-text-editor\" data-id=\"89c6e78\" data-element_type=\"widget\" data-e-type=\"widget\" data-widget_type=\"text-editor.default\">\n\t\t\t\t\t\t\t\t\t<p>Ensemble, les membres d\u00e9finissent les r\u00f4les de leadership, les principes de gouvernance et les r\u00e8gles internes qui guident les op\u00e9rations du groupe. Ces r\u00e8gles constituent un accord formel sign\u00e9 par tous les membres, garantissant l'\u00e9quit\u00e9, la transparence et l'inclusion tout en permettant la rotation des responsabilit\u00e9s de leadership au fil du temps.<\/p>\t\t\t\t\t\t\t\t<\/div>\n\t\t\t\t<div class=\"elementor-element elementor-element-141f493 elementor-widget elementor-widget-text-editor\" data-id=\"141f493\" data-element_type=\"widget\" data-e-type=\"widget\" data-widget_type=\"text-editor.default\">\n\t\t\t\t\t\t\t\t\t<p>Au cours de la phase initiale, le groupe re\u00e7oit des conseils et une formation pour devenir pleinement op\u00e9rationnel, jusqu'\u00e0 ce qu'il acqui\u00e8re une autonomie et une gouvernance autonome.<\/p>\t\t\t\t\t\t\t\t<\/div>\n\t\t\t\t<\/div>\n\t\t\t\t<\/div>\n\t\t<div class=\"elementor-element elementor-element-42c1807 e-con-full e-flex e-con e-child\" data-id=\"42c1807\" data-element_type=\"container\" data-e-type=\"container\" data-settings=\"{&quot;background_background&quot;:&quot;classic&quot;}\">\n\t\t\t\t<\/div>\n\t\t\t\t<\/div>\n\t\t<div class=\"elementor-element elementor-element-38d1a2d e-con-full e-grid e-con e-child\" data-id=\"38d1a2d\" data-element_type=\"container\" data-e-type=\"container\" data-settings=\"{&quot;background_background&quot;:&quot;classic&quot;}\">\n\t\t<div class=\"elementor-element elementor-element-8b6ed33 e-con-full e-flex e-con e-child\" data-id=\"8b6ed33\" data-element_type=\"container\" data-e-type=\"container\">\n\t\t\t\t<div class=\"elementor-element elementor-element-feca9c7 elementor-widget elementor-widget-heading\" data-id=\"feca9c7\" data-element_type=\"widget\" data-e-type=\"widget\" data-widget_type=\"heading.default\">\n\t\t\t\t\t<h3 class=\"elementor-heading-title elementor-size-default\">Formation et renforcement des capacit\u00e9s<\/h3>\t\t\t\t<\/div>\n\t\t<div class=\"elementor-element elementor-element-436e0a6 e-con-full e-flex e-con e-child\" data-id=\"436e0a6\" data-element_type=\"container\" data-e-type=\"container\">\n\t\t\t\t<div class=\"elementor-element elementor-element-420c6ff elementor-widget elementor-widget-text-editor\" data-id=\"420c6ff\" data-element_type=\"widget\" data-e-type=\"widget\" data-widget_type=\"text-editor.default\">\n\t\t\t\t\t\t\t\t\t<p style=\"margin: 0 0 12px;\"><strong>1. R\u00e9flexion communautaire.<\/strong> Comprendre les syst\u00e8mes financiers actuels et d\u00e9finir des valeurs communes.<\/p><p style=\"margin: 0 0 12px;\"><strong>2. Configuration de la gouvernance.<\/strong> \u00c9lire des dirigeants et d\u00e9finir des responsabilit\u00e9s.<\/p><p style=\"margin: 0 0 12px;\"><strong>3. R\u00e8glement int\u00e9rieur.<\/strong> D\u00e9finir les contributions, les avanc\u00e9es, les garanties et les objectifs du groupe.<\/p><p style=\"margin: 0 0 12px;\"><strong>4. Structure de la r\u00e9union.<\/strong> Apprendre le processus de r\u00e9union en sept \u00e9tapes pour garantir la transparence.<\/p><p style=\"margin: 0;\"><strong>5. Outils num\u00e9riques.<\/strong> Formation des comptables \u00e0 l'utilisation de l'application Ma\u2019at pour la gestion des transactions.<\/p>\t\t\t\t\t\t\t\t<\/div>\n\t\t\t\t<div class=\"elementor-element elementor-element-5bce7f5 elementor-widget elementor-widget-text-editor\" data-id=\"5bce7f5\" data-element_type=\"widget\" data-e-type=\"widget\" data-widget_type=\"text-editor.default\">\n\t\t\t\t\t\t\t\t\t<p>Ces modules aident les groupes \u00e0 devenir r\u00e9silients, autonomes et capables d'accro\u00eetre leur richesse collective.<\/p>\t\t\t\t\t\t\t\t<\/div>\n\t\t\t\t<\/div>\n\t\t\t\t<\/div>\n\t\t<div class=\"elementor-element elementor-element-6250cce e-con-full e-flex e-con e-child\" data-id=\"6250cce\" data-element_type=\"container\" data-e-type=\"container\" data-settings=\"{&quot;background_background&quot;:&quot;classic&quot;}\">\n\t\t\t\t<\/div>\n\t\t\t\t<\/div>\n\t\t<div class=\"elementor-element elementor-element-f215c64 e-con-full e-grid e-con e-child\" data-id=\"f215c64\" data-element_type=\"container\" data-e-type=\"container\" data-settings=\"{&quot;background_background&quot;:&quot;classic&quot;}\">\n\t\t<div class=\"elementor-element elementor-element-d075ec1 e-con-full e-flex e-con e-child\" data-id=\"d075ec1\" data-element_type=\"container\" data-e-type=\"container\">\n\t\t\t\t<div class=\"elementor-element elementor-element-961183c elementor-widget elementor-widget-heading\" data-id=\"961183c\" data-element_type=\"widget\" data-e-type=\"widget\" data-widget_type=\"heading.default\">\n\t\t\t\t\t<h3 class=\"elementor-heading-title elementor-size-default\">La construction du Fonds Collectif<\/h3>\t\t\t\t<\/div>\n\t\t<div class=\"elementor-element elementor-element-87e5568 e-con-full e-flex e-con e-child\" data-id=\"87e5568\" data-element_type=\"container\" data-e-type=\"container\">\n\t\t\t\t<div class=\"elementor-element elementor-element-ddcd602 elementor-widget elementor-widget-text-editor\" data-id=\"ddcd602\" data-element_type=\"widget\" data-e-type=\"widget\" data-widget_type=\"text-editor.default\">\n\t\t\t\t\t\t\t\t\t<p>Les groupes Ma'at se r\u00e9unissent r\u00e9guli\u00e8rement, g\u00e9n\u00e9ralement une fois par semaine, pour de courtes r\u00e9unions d'environ 20 \u00e0 30 minutes. Lors de chaque r\u00e9union :<\/p><p>\u2022 Les membres cotisent selon des r\u00e8gles convenues<\/p><p>\u2022 Les membres peuvent demander des avances de capital (maats)<\/p><p>\u2022 Toutes les transactions sont enregistr\u00e9es de mani\u00e8re transparente<\/p>\t\t\t\t\t\t\t\t<\/div>\n\t\t\t\t<div class=\"elementor-element elementor-element-b4c2b0b elementor-widget elementor-widget-text-editor\" data-id=\"b4c2b0b\" data-element_type=\"widget\" data-e-type=\"widget\" data-widget_type=\"text-editor.default\">\n\t\t\t\t\t\t\t\t\t<p>Le capital circule parmi les membres et retourne dans le pool commun avec une prime de durabilit\u00e9, permettant au fonds collectif de cro\u00eetre au fil du temps. L'application mobile Ma'at aide \u00e0 guider les r\u00e9unions et enregistre de mani\u00e8re s\u00e9curis\u00e9e les transactions, assurant la transparence et la responsabilit\u00e9 de tous les participants.<\/p>\t\t\t\t\t\t\t\t<\/div>\n\t\t\t\t<\/div>\n\t\t\t\t<\/div>\n\t\t<div class=\"elementor-element elementor-element-4af5852 e-con-full e-flex e-con e-child\" data-id=\"4af5852\" data-element_type=\"container\" data-e-type=\"container\" data-settings=\"{&quot;background_background&quot;:&quot;classic&quot;}\">\n\t\t\t\t<\/div>\n\t\t\t\t<\/div>\n\t\t<div class=\"elementor-element elementor-element-2040367 e-con-full e-grid e-con e-child\" data-id=\"2040367\" data-element_type=\"container\" data-e-type=\"container\" data-settings=\"{&quot;background_background&quot;:&quot;classic&quot;}\">\n\t\t<div class=\"elementor-element elementor-element-482188d e-con-full e-flex e-con e-child\" data-id=\"482188d\" data-element_type=\"container\" data-e-type=\"container\">\n\t\t\t\t<div class=\"elementor-element elementor-element-584e7aa elementor-widget elementor-widget-heading\" data-id=\"584e7aa\" data-element_type=\"widget\" data-e-type=\"widget\" data-widget_type=\"heading.default\">\n\t\t\t\t\t<h3 class=\"elementor-heading-title elementor-size-default\">Mod\u00e8le d'autor\u00e9plication<\/h3>\t\t\t\t<\/div>\n\t\t<div class=\"elementor-element elementor-element-94a5e6f e-con-full e-flex e-con e-child\" data-id=\"94a5e6f\" data-element_type=\"container\" data-e-type=\"container\">\n\t\t\t\t<div class=\"elementor-element elementor-element-d9722f4 elementor-widget elementor-widget-text-editor\" data-id=\"d9722f4\" data-element_type=\"widget\" data-e-type=\"widget\" data-widget_type=\"text-editor.default\">\n\t\t\t\t\t\t\t\t\t<p>Ma'at s'\u00e9tend \u00e0 travers un mod\u00e8le communautaire auto-r\u00e9plicateur.<br \/>Chaque pays a un gestionnaire de pays Ma'at qui soutient les animateurs locaux.<\/p>\t\t\t\t\t\t\t\t<\/div>\n\t\t\t\t<div class=\"elementor-element elementor-element-07356e8 elementor-widget elementor-widget-text-editor\" data-id=\"07356e8\" data-element_type=\"widget\" data-e-type=\"widget\" data-widget_type=\"text-editor.default\">\n\t\t\t\t\t\t\t\t\t<p>Les facilitateurs guident des groupes lors de r\u00e9unions et aident \u00e0 lancer de nouveaux groupes \u00e0 proximit\u00e9, au moins 3 \u00e0 5 par an.<\/p>\t\t\t\t\t\t\t\t<\/div>\n\t\t\t\t<div class=\"elementor-element elementor-element-12239d1 elementor-widget elementor-widget-text-editor\" data-id=\"12239d1\" data-element_type=\"widget\" data-e-type=\"widget\" data-widget_type=\"text-editor.default\">\n\t\t\t\t\t\t\t\t\t<p><span style=\"white-space-collapse: preserve;\">Alors que les facilitateurs sont soutenus par les contributions du groupe, le syst\u00e8me devient financi\u00e8rement viable tout en s'\u00e9tendant organiquement \u00e0 travers les communaut\u00e9s.<\/span><\/p>\t\t\t\t\t\t\t\t<\/div>\n\t\t\t\t<\/div>\n\t\t\t\t<\/div>\n\t\t<div class=\"elementor-element elementor-element-e9b6a86 e-con-full e-flex e-con e-child\" data-id=\"e9b6a86\" data-element_type=\"container\" data-e-type=\"container\" data-settings=\"{&quot;background_background&quot;:&quot;classic&quot;}\">\n\t\t\t\t<\/div>\n\t\t\t\t<\/div>\n\t\t<div class=\"elementor-element elementor-element-f97785c e-con-full e-grid e-con e-child\" data-id=\"f97785c\" data-element_type=\"container\" data-e-type=\"container\" data-settings=\"{&quot;background_background&quot;:&quot;classic&quot;}\">\n\t\t<div class=\"elementor-element elementor-element-f76d72e e-con-full e-flex e-con e-child\" data-id=\"f76d72e\" data-element_type=\"container\" data-e-type=\"container\">\n\t\t\t\t<div class=\"elementor-element elementor-element-1ac3e43 elementor-widget elementor-widget-heading\" data-id=\"1ac3e43\" data-element_type=\"widget\" data-e-type=\"widget\" data-widget_type=\"heading.default\">\n\t\t\t\t\t<h3 class=\"elementor-heading-title elementor-size-default\">Protection des donn\u00e9es<\/h3>\t\t\t\t<\/div>\n\t\t<div class=\"elementor-element elementor-element-d5f494e e-con-full e-flex e-con e-child\" data-id=\"d5f494e\" data-element_type=\"container\" data-e-type=\"container\">\n\t\t\t\t<div class=\"elementor-element elementor-element-94c867a elementor-widget elementor-widget-text-editor\" data-id=\"94c867a\" data-element_type=\"widget\" data-e-type=\"widget\" data-widget_type=\"text-editor.default\">\n\t\t\t\t\t\t\t\t\t<p><span style=\"white-space-collapse: preserve;\">Toutes les transactions de groupe sont stock\u00e9es en toute s\u00e9curit\u00e9 en utilisant une infrastructure cloud europ\u00e9enne conforme aux normes de protection des donn\u00e9es du RGPD. La plateforme garantit :<\/span><\/p><p><span style=\"white-space-collapse: preserve;\">\u2022 stockage de donn\u00e9es s\u00e9curis\u00e9<\/span><\/p><p><span style=\"white-space-collapse: preserve;\">\u2022 acc\u00e8s transparent pour les membres du groupe<\/span><\/p><p><span style=\"white-space-collapse: preserve;\">\u2022 r\u00f4les et autorisations clairement d\u00e9finis<\/span><\/p>\t\t\t\t\t\t\t\t<\/div>\n\t\t\t\t<div class=\"elementor-element elementor-element-4629d90 elementor-widget elementor-widget-text-editor\" data-id=\"4629d90\" data-element_type=\"widget\" data-e-type=\"widget\" data-widget_type=\"text-editor.default\">\n\t\t\t\t\t\t\t\t\t<p>Les administrateurs, les responsables pays, les facilitateurs et les chefs de groupe ont chacun des responsabilit\u00e9s sp\u00e9cifiques au sein du cadre de gouvernance des donn\u00e9es.<br \/>Chaque membre peut acc\u00e9der aux donn\u00e9es de son groupe \u00e0 tout moment, garantissant une transparence totale.<\/p>\t\t\t\t\t\t\t\t<\/div>\n\t\t\t\t<\/div>\n\t\t\t\t<\/div>\n\t\t<div class=\"elementor-element elementor-element-dba147a e-con-full e-flex e-con e-child\" data-id=\"dba147a\" data-element_type=\"container\" data-e-type=\"container\" data-settings=\"{&quot;background_background&quot;:&quot;classic&quot;}\">\n\t\t\t\t<\/div>\n\t\t\t\t<\/div>\n\t\t\t\t<\/div>\n\t\t\t\t<\/div>\n\t\t\t\t\t<\/div>\n\t\t\t\t<\/div>\n\t\t\t\t<\/div>","protected":false},"excerpt":{"rendered":"<p>Collective wealth through solidarity From forming a group to managing a shared fund, the Ma\u2019at model provides tools, governance rules and digital infrastructure to help communities grow their collective wealth. Get Started How Ma\u2019at works Six simple steps that help communities build and manage their collective fund. Group Formation Communities interested in joining the Ma\u2019at [&hellip;]<\/p>\n","protected":false},"author":3,"featured_media":0,"parent":0,"menu_order":0,"comment_status":"closed","ping_status":"closed","template":"","meta":{"footnotes":""},"class_list":["post-264","page","type-page","status-publish","hentry"],"_links":{"self":[{"href":"https:\/\/maatpeasant.com\/fr\/wp-json\/wp\/v2\/pages\/264","targetHints":{"allow":["GET"]}}],"collection":[{"href":"https:\/\/maatpeasant.com\/fr\/wp-json\/wp\/v2\/pages"}],"about":[{"href":"https:\/\/maatpeasant.com\/fr\/wp-json\/wp\/v2\/types\/page"}],"author":[{"embeddable":true,"href":"https:\/\/maatpeasant.com\/fr\/wp-json\/wp\/v2\/users\/3"}],"replies":[{"embeddable":true,"href":"https:\/\/maatpeasant.com\/fr\/wp-json\/wp\/v2\/comments?post=264"}],"version-history":[{"count":31,"href":"https:\/\/maatpeasant.com\/fr\/wp-json\/wp\/v2\/pages\/264\/revisions"}],"predecessor-version":[{"id":1257,"href":"https:\/\/maatpeasant.com\/fr\/wp-json\/wp\/v2\/pages\/264\/revisions\/1257"}],"wp:attachment":[{"href":"https:\/\/maatpeasant.com\/fr\/wp-json\/wp\/v2\/media?parent=264"}],"curies":[{"name":"wp","href":"https:\/\/api.w.org\/{rel}","templated":true}]}}