{"id":1422,"date":"2026-04-17T12:28:24","date_gmt":"2026-04-17T12:28:24","guid":{"rendered":"https:\/\/dev.maatpeasant.com\/?page_id=1422"},"modified":"2026-04-17T12:28:37","modified_gmt":"2026-04-17T12:28:37","slug":"comment-cela-fonctionne","status":"publish","type":"page","link":"https:\/\/maatpeasant.com\/fr\/comment-cela-fonctionne\/","title":{"rendered":"Comment \u00e7a marche"},"content":{"rendered":"<div data-elementor-type=\"wp-page\" data-elementor-id=\"1422\" class=\"elementor elementor-1422\" data-elementor-post-type=\"page\">\n\t\t\t\t<div class=\"elementor-element elementor-element-dbe62df e-flex e-con-boxed e-con e-parent\" data-id=\"dbe62df\" data-element_type=\"container\" data-e-type=\"container\">\n\t\t\t\t\t<div class=\"e-con-inner\">\n\t\t<div class=\"elementor-element elementor-element-dfb660c e-con-full global-paddings e-flex e-con e-child\" data-id=\"dfb660c\" data-element_type=\"container\" data-e-type=\"container\">\n\t\t<div class=\"elementor-element elementor-element-d76f391 e-con-full e-grid e-con e-child\" data-id=\"d76f391\" data-element_type=\"container\" data-e-type=\"container\">\n\t\t<div class=\"elementor-element elementor-element-f2f8436 e-con-full e-flex e-con e-child\" data-id=\"f2f8436\" data-element_type=\"container\" data-e-type=\"container\">\n\t\t\t\t<div class=\"elementor-element elementor-element-81d0a07 elementor-widget elementor-widget-heading\" data-id=\"81d0a07\" data-element_type=\"widget\" data-e-type=\"widget\" data-widget_type=\"heading.default\">\n\t\t\t\t\t<h2 class=\"elementor-heading-title elementor-size-default\">Richesse collective par la solidarit\u00e9<\/h2>\t\t\t\t<\/div>\n\t\t\t\t<div class=\"elementor-element elementor-element-bd5a485 elementor-widget__width-initial elementor-widget elementor-widget-text-editor\" data-id=\"bd5a485\" data-element_type=\"widget\" data-e-type=\"widget\" data-widget_type=\"text-editor.default\">\n\t\t\t\t\t\t\t\t\t<p>De la formation d&#8217;un groupe \u00e0 la gestion d&#8217;un fonds partag\u00e9, le mod\u00e8le Ma&#8217;at fournit des outils, des r\u00e8gles de gouvernance et une infrastructure num\u00e9rique pour aider les communaut\u00e9s \u00e0 d\u00e9velopper leur richesse collective.<\/p>\t\t\t\t\t\t\t\t<\/div>\n\t\t<div class=\"elementor-element elementor-element-56553ac e-con-full e-flex e-con e-child\" data-id=\"56553ac\" data-element_type=\"container\" data-e-type=\"container\">\n\t\t\t\t<div class=\"elementor-element elementor-element-0de1e8e elementor-widget elementor-widget-button\" data-id=\"0de1e8e\" data-element_type=\"widget\" data-e-type=\"widget\" data-widget_type=\"button.default\">\n\t\t\t\t\t\t\t\t\t\t<a class=\"elementor-button elementor-button-link elementor-size-sm\" href=\"mailto:info@maatpeasant.com\" target=\"_blank\">\n\t\t\t\t\t\t<span class=\"elementor-button-content-wrapper\">\n\t\t\t\t\t\t\t\t\t<span class=\"elementor-button-text\">Commencer<\/span>\n\t\t\t\t\t<\/span>\n\t\t\t\t\t<\/a>\n\t\t\t\t\t\t\t\t<\/div>\n\t\t\t\t<\/div>\n\t\t\t\t<\/div>\n\t\t<div class=\"elementor-element elementor-element-a80e63b e-con-full e-flex e-con e-child\" data-id=\"a80e63b\" data-element_type=\"container\" data-e-type=\"container\" data-settings=\"{&quot;background_background&quot;:&quot;classic&quot;}\">\n\t\t\t\t<\/div>\n\t\t\t\t<\/div>\n\t\t\t\t<\/div>\n\t\t\t\t\t<\/div>\n\t\t\t\t<\/div>\n\t\t<div class=\"elementor-element elementor-element-d91f651 e-flex e-con-boxed e-con e-parent\" data-id=\"d91f651\" data-element_type=\"container\" data-e-type=\"container\">\n\t\t\t\t\t<div class=\"e-con-inner\">\n\t\t<div class=\"elementor-element elementor-element-894461a e-con-full global-paddings e-flex e-con e-child\" data-id=\"894461a\" data-element_type=\"container\" data-e-type=\"container\">\n\t\t<div class=\"elementor-element elementor-element-328b50a e-con-full e-flex e-con e-child\" data-id=\"328b50a\" data-element_type=\"container\" data-e-type=\"container\">\n\t\t<div class=\"elementor-element elementor-element-9440bc9 e-con-full e-flex e-con e-child\" data-id=\"9440bc9\" data-element_type=\"container\" data-e-type=\"container\">\n\t\t\t\t<div class=\"elementor-element elementor-element-9ca0715 elementor-widget elementor-widget-heading\" data-id=\"9ca0715\" data-element_type=\"widget\" data-e-type=\"widget\" data-widget_type=\"heading.default\">\n\t\t\t\t\t<h2 class=\"elementor-heading-title elementor-size-default\">Comment fonctionne Ma'at<\/h2>\t\t\t\t<\/div>\n\t\t\t\t<div class=\"elementor-element elementor-element-057241b elementor-widget__width-initial elementor-widget elementor-widget-text-editor\" data-id=\"057241b\" data-element_type=\"widget\" data-e-type=\"widget\" data-widget_type=\"text-editor.default\">\n\t\t\t\t\t\t\t\t\t<p>Six \u00e9tapes simples qui aident les communaut\u00e9s \u00e0 construire et \u00e0 g\u00e9rer leur fonds collectif.<\/p>\t\t\t\t\t\t\t\t<\/div>\n\t\t\t\t<div class=\"elementor-element elementor-element-fab60ad elementor-absolute elementor-widget-mobile__width-initial elementor-widget elementor-widget-image\" data-id=\"fab60ad\" data-element_type=\"widget\" data-e-type=\"widget\" data-settings=\"{&quot;_position&quot;:&quot;absolute&quot;}\" data-widget_type=\"image.default\">\n\t\t\t\t\t\t\t\t\t\t\t\t\t\t\t<img decoding=\"async\" src=\"https:\/\/maatpeasant.com\/wp-content\/uploads\/elementor\/thumbs\/Mata-element-title-rkzc0e31i42wvre903jppmysau7e56wkpc70bugg5e.png\" title=\"Titre de l&#039;\u00e9l\u00e9ment Mata\" alt=\"Titre de l&#039;\u00e9l\u00e9ment Mata\" loading=\"lazy\" \/>\t\t\t\t\t\t\t\t\t\t\t\t\t\t\t<\/div>\n\t\t\t\t<\/div>\n\t\t<div class=\"elementor-element elementor-element-4877d0e e-con-full e-grid e-con e-child\" data-id=\"4877d0e\" data-element_type=\"container\" data-e-type=\"container\" data-settings=\"{&quot;background_background&quot;:&quot;classic&quot;}\">\n\t\t<div class=\"elementor-element elementor-element-5652e9c e-con-full e-flex e-con e-child\" data-id=\"5652e9c\" data-element_type=\"container\" data-e-type=\"container\">\n\t\t\t\t<div class=\"elementor-element elementor-element-4c24d18 elementor-widget elementor-widget-heading\" data-id=\"4c24d18\" data-element_type=\"widget\" data-e-type=\"widget\" data-widget_type=\"heading.default\">\n\t\t\t\t\t<h3 class=\"elementor-heading-title elementor-size-default\">Formation de groupe<\/h3>\t\t\t\t<\/div>\n\t\t<div class=\"elementor-element elementor-element-c43d6ca e-con-full e-flex e-con e-child\" data-id=\"c43d6ca\" data-element_type=\"container\" data-e-type=\"container\">\n\t\t\t\t<div class=\"elementor-element elementor-element-3171856 elementor-widget elementor-widget-text-editor\" data-id=\"3171856\" data-element_type=\"widget\" data-e-type=\"widget\" data-widget_type=\"text-editor.default\">\n\t\t\t\t\t\t\t\t\t<p>Les communaut\u00e9s int\u00e9ress\u00e9es \u00e0 rejoindre le r\u00e9seau Ma&#8217;at commencent par une s\u00e9rie de sessions de remue-m\u00e9ninges pour d\u00e9finir leurs objectifs, leurs valeurs et leurs principes de coop\u00e9ration.<\/p>\t\t\t\t\t\t\t\t<\/div>\n\t\t\t\t<div class=\"elementor-element elementor-element-0f56ce3 elementor-widget elementor-widget-text-editor\" data-id=\"0f56ce3\" data-element_type=\"widget\" data-e-type=\"widget\" data-widget_type=\"text-editor.default\">\n\t\t\t\t\t\t\t\t\t<p>Avec le soutien de l&#8217;\u00e9quipe Ma&#8217;at et d&#8217;un directeur de pays local, le groupe forme environ 10 \u00e0 30 membres, choisit un nom et \u00e9tablit ses objectifs collectifs.<\/p>\t\t\t\t\t\t\t\t<\/div>\n\t\t\t\t<div class=\"elementor-element elementor-element-24be4b8 elementor-widget elementor-widget-text-editor\" data-id=\"24be4b8\" data-element_type=\"widget\" data-e-type=\"widget\" data-widget_type=\"text-editor.default\">\n\t\t\t\t\t\t\t\t\t<p>Au cours de la phase initiale, le groupe re\u00e7oit des conseils et une formation pour devenir pleinement op\u00e9rationnels, jusqu&#8217;\u00e0 ce qu&#8217;il gagne en autonomie et en gouvernance.<\/p>\t\t\t\t\t\t\t\t<\/div>\n\t\t\t\t<\/div>\n\t\t\t\t<\/div>\n\t\t<div class=\"elementor-element elementor-element-7cc1b15 e-con-full e-flex e-con e-child\" data-id=\"7cc1b15\" data-element_type=\"container\" data-e-type=\"container\" data-settings=\"{&quot;background_background&quot;:&quot;classic&quot;}\">\n\t\t\t\t<\/div>\n\t\t\t\t<\/div>\n\t\t<div class=\"elementor-element elementor-element-9fa1533 e-con-full e-grid e-con e-child\" data-id=\"9fa1533\" data-element_type=\"container\" data-e-type=\"container\" data-settings=\"{&quot;background_background&quot;:&quot;classic&quot;}\">\n\t\t<div class=\"elementor-element elementor-element-6d53afe e-con-full e-flex e-con e-child\" data-id=\"6d53afe\" data-element_type=\"container\" data-e-type=\"container\">\n\t\t\t\t<div class=\"elementor-element elementor-element-9f949f9 elementor-widget elementor-widget-heading\" data-id=\"9f949f9\" data-element_type=\"widget\" data-e-type=\"widget\" data-widget_type=\"heading.default\">\n\t\t\t\t\t<h3 class=\"elementor-heading-title elementor-size-default\">Gouvernance d\u00e9mocratique<\/h3>\t\t\t\t<\/div>\n\t\t<div class=\"elementor-element elementor-element-0aa12aa e-con-full e-flex e-con e-child\" data-id=\"0aa12aa\" data-element_type=\"container\" data-e-type=\"container\">\n\t\t\t\t<div class=\"elementor-element elementor-element-d39bb7d elementor-widget elementor-widget-text-editor\" data-id=\"d39bb7d\" data-element_type=\"widget\" data-e-type=\"widget\" data-widget_type=\"text-editor.default\">\n\t\t\t\t\t\t\t\t\t<p>Chaque groupe Ma&#8217;at \u00e9lit son \u00e9quipe de direction chaque ann\u00e9e pour assurer une prise de d\u00e9cision transparente et \u00e9quilibr\u00e9e. L&#8217;\u00e9quipe de pilotage comprend g\u00e9n\u00e9ralement un coordinateur et deux comptables charg\u00e9s de maintenir les activit\u00e9s du groupe en douceur.<\/p>\t\t\t\t\t\t\t\t<\/div>\n\t\t\t\t<div class=\"elementor-element elementor-element-89c6e78 elementor-widget elementor-widget-text-editor\" data-id=\"89c6e78\" data-element_type=\"widget\" data-e-type=\"widget\" data-widget_type=\"text-editor.default\">\n\t\t\t\t\t\t\t\t\t<p>Ensemble, les membres d\u00e9finissent les r\u00f4les de leadership, les principes de gouvernance et les r\u00e8gles internes qui guident les op\u00e9rations du Groupe. Ces r\u00e8gles constituent un accord formel sign\u00e9 par tous les membres, garantissant l&#8217;\u00e9quit\u00e9, la transparence et l&#8217;inclusion tout en permettant aux responsables de tourner au fil du temps.<\/p>\t\t\t\t\t\t\t\t<\/div>\n\t\t\t\t<div class=\"elementor-element elementor-element-141f493 elementor-widget elementor-widget-text-editor\" data-id=\"141f493\" data-element_type=\"widget\" data-e-type=\"widget\" data-widget_type=\"text-editor.default\">\n\t\t\t\t\t\t\t\t\t<p>Au cours de la phase initiale, le groupe re\u00e7oit des conseils et une formation pour devenir pleinement op\u00e9rationnels, jusqu&#8217;\u00e0 ce qu&#8217;il gagne en autonomie et en gouvernance.<\/p>\t\t\t\t\t\t\t\t<\/div>\n\t\t\t\t<\/div>\n\t\t\t\t<\/div>\n\t\t<div class=\"elementor-element elementor-element-42c1807 e-con-full e-flex e-con e-child\" data-id=\"42c1807\" data-element_type=\"container\" data-e-type=\"container\" data-settings=\"{&quot;background_background&quot;:&quot;classic&quot;}\">\n\t\t\t\t<\/div>\n\t\t\t\t<\/div>\n\t\t<div class=\"elementor-element elementor-element-38d1a2d e-con-full e-grid e-con e-child\" data-id=\"38d1a2d\" data-element_type=\"container\" data-e-type=\"container\" data-settings=\"{&quot;background_background&quot;:&quot;classic&quot;}\">\n\t\t<div class=\"elementor-element elementor-element-8b6ed33 e-con-full e-flex e-con e-child\" data-id=\"8b6ed33\" data-element_type=\"container\" data-e-type=\"container\">\n\t\t\t\t<div class=\"elementor-element elementor-element-feca9c7 elementor-widget elementor-widget-heading\" data-id=\"feca9c7\" data-element_type=\"widget\" data-e-type=\"widget\" data-widget_type=\"heading.default\">\n\t\t\t\t\t<h3 class=\"elementor-heading-title elementor-size-default\">Formation et renforcement des capacit\u00e9s<\/h3>\t\t\t\t<\/div>\n\t\t<div class=\"elementor-element elementor-element-436e0a6 e-con-full e-flex e-con e-child\" data-id=\"436e0a6\" data-element_type=\"container\" data-e-type=\"container\">\n\t\t\t\t<div class=\"elementor-element elementor-element-420c6ff elementor-widget elementor-widget-text-editor\" data-id=\"420c6ff\" data-element_type=\"widget\" data-e-type=\"widget\" data-widget_type=\"text-editor.default\">\n\t\t\t\t\t\t\t\t\t<p style=\"margin: 0 0 12px;\"><strong>1. R\u00e9flexion communautaire.<\/strong> Comprendre les syst\u00e8mes financiers actuels et d\u00e9finir des valeurs partag\u00e9es.<\/p><p style=\"margin: 0 0 12px;\"><strong>2. Configuration de la gouvernance.<\/strong> \u00c9lire les dirigeants et d\u00e9finir les responsabilit\u00e9s.<\/p><p style=\"margin: 0 0 12px;\"><strong>3. R\u00e8gles internes.<\/strong> D\u00e9finir les contributions, les avances, les sauvegardes et les objectifs du Groupe.<\/p><p style=\"margin: 0 0 12px;\"><strong>4. Structure de la r\u00e9union.<\/strong> Apprendre le processus de r\u00e9union en sept \u00e9tapes pour assurer la transparence.<\/p><p style=\"margin: 0;\"><strong>5. Outils num\u00e9riques.<\/strong> Tenue de livres de formation pour utiliser le MA\u00e0 l&#8217;application pour g\u00e9rer les transactions.<\/p>\t\t\t\t\t\t\t\t<\/div>\n\t\t\t\t<div class=\"elementor-element elementor-element-5bce7f5 elementor-widget elementor-widget-text-editor\" data-id=\"5bce7f5\" data-element_type=\"widget\" data-e-type=\"widget\" data-widget_type=\"text-editor.default\">\n\t\t\t\t\t\t\t\t\t<p>Ces modules aident les groupes \u00e0 devenir r\u00e9silients, autonomes et capables de d\u00e9velopper leur richesse collective.<\/p>\t\t\t\t\t\t\t\t<\/div>\n\t\t\t\t<\/div>\n\t\t\t\t<\/div>\n\t\t<div class=\"elementor-element elementor-element-6250cce e-con-full e-flex e-con e-child\" data-id=\"6250cce\" data-element_type=\"container\" data-e-type=\"container\" data-settings=\"{&quot;background_background&quot;:&quot;classic&quot;}\">\n\t\t\t\t<\/div>\n\t\t\t\t<\/div>\n\t\t<div class=\"elementor-element elementor-element-f215c64 e-con-full e-grid e-con e-child\" data-id=\"f215c64\" data-element_type=\"container\" data-e-type=\"container\" data-settings=\"{&quot;background_background&quot;:&quot;classic&quot;}\">\n\t\t<div class=\"elementor-element elementor-element-d075ec1 e-con-full e-flex e-con e-child\" data-id=\"d075ec1\" data-element_type=\"container\" data-e-type=\"container\">\n\t\t\t\t<div class=\"elementor-element elementor-element-961183c elementor-widget elementor-widget-heading\" data-id=\"961183c\" data-element_type=\"widget\" data-e-type=\"widget\" data-widget_type=\"heading.default\">\n\t\t\t\t\t<h3 class=\"elementor-heading-title elementor-size-default\">Construire le fonds collectif<\/h3>\t\t\t\t<\/div>\n\t\t<div class=\"elementor-element elementor-element-87e5568 e-con-full e-flex e-con e-child\" data-id=\"87e5568\" data-element_type=\"container\" data-e-type=\"container\">\n\t\t\t\t<div class=\"elementor-element elementor-element-ddcd602 elementor-widget elementor-widget-text-editor\" data-id=\"ddcd602\" data-element_type=\"widget\" data-e-type=\"widget\" data-widget_type=\"text-editor.default\">\n\t\t\t\t\t\t\t\t\t<p>Les groupes Ma&#8217;at se r\u00e9unissent r\u00e9guli\u00e8rement, g\u00e9n\u00e9ralement une fois par semaine, pour de courtes r\u00e9unions d&#8217;une dur\u00e9e de 20 \u00e0 30 minutes.<\/p><p>\u2022 Les membres versent des fonds selon les r\u00e8gles convenues\u2028<\/p><p>\u2022 Les membres peuvent demander des avances de capital (MAATS)<\/p><p>\u2022 Toutes les transactions sont enregistr\u00e9es de mani\u00e8re transparente<\/p>\t\t\t\t\t\t\t\t<\/div>\n\t\t\t\t<div class=\"elementor-element elementor-element-b4c2b0b elementor-widget elementor-widget-text-editor\" data-id=\"b4c2b0b\" data-element_type=\"widget\" data-e-type=\"widget\" data-widget_type=\"text-editor.default\">\n\t\t\t\t\t\t\t\t\t<p>Le capital circule parmi les membres et revient au groupe partag\u00e9 avec une prime de durabilit\u00e9, permettant au fonds collectif de cro\u00eetre au fil du temps.<\/p>\t\t\t\t\t\t\t\t<\/div>\n\t\t\t\t<\/div>\n\t\t\t\t<\/div>\n\t\t<div class=\"elementor-element elementor-element-4af5852 e-con-full e-flex e-con e-child\" data-id=\"4af5852\" data-element_type=\"container\" data-e-type=\"container\" data-settings=\"{&quot;background_background&quot;:&quot;classic&quot;}\">\n\t\t\t\t<\/div>\n\t\t\t\t<\/div>\n\t\t<div class=\"elementor-element elementor-element-2040367 e-con-full e-grid e-con e-child\" data-id=\"2040367\" data-element_type=\"container\" data-e-type=\"container\" data-settings=\"{&quot;background_background&quot;:&quot;classic&quot;}\">\n\t\t<div class=\"elementor-element elementor-element-482188d e-con-full e-flex e-con e-child\" data-id=\"482188d\" data-element_type=\"container\" data-e-type=\"container\">\n\t\t\t\t<div class=\"elementor-element elementor-element-584e7aa elementor-widget elementor-widget-heading\" data-id=\"584e7aa\" data-element_type=\"widget\" data-e-type=\"widget\" data-widget_type=\"heading.default\">\n\t\t\t\t\t<h3 class=\"elementor-heading-title elementor-size-default\">Mod\u00e8le d'auto-r\u00e9plication<\/h3>\t\t\t\t<\/div>\n\t\t<div class=\"elementor-element elementor-element-94a5e6f e-con-full e-flex e-con e-child\" data-id=\"94a5e6f\" data-element_type=\"container\" data-e-type=\"container\">\n\t\t\t\t<div class=\"elementor-element elementor-element-d9722f4 elementor-widget elementor-widget-text-editor\" data-id=\"d9722f4\" data-element_type=\"widget\" data-e-type=\"widget\" data-widget_type=\"text-editor.default\">\n\t\t\t\t\t\t\t\t\t<p>Ma&#8217;at s&#8217;\u00e9tend \u00e0 travers un mod\u00e8le communautaire d&#8217;auto-r\u00e9plication.<br>Chaque pays a un ma&#8217;at country manager qui soutient les facilitateurs locaux.\u2028<\/p>\t\t\t\t\t\t\t\t<\/div>\n\t\t\t\t<div class=\"elementor-element elementor-element-07356e8 elementor-widget elementor-widget-text-editor\" data-id=\"07356e8\" data-element_type=\"widget\" data-e-type=\"widget\" data-widget_type=\"text-editor.default\">\n\t\t\t\t\t\t\t\t\t<p>Les animateurs guident les groupes lors des r\u00e9unions et aident \u00e0 lancer de nouveaux groupes \u00e0 proximit\u00e9, au moins 3 \u00e0 5 par an.<\/p>\t\t\t\t\t\t\t\t<\/div>\n\t\t\t\t<div class=\"elementor-element elementor-element-12239d1 elementor-widget elementor-widget-text-editor\" data-id=\"12239d1\" data-element_type=\"widget\" data-e-type=\"widget\" data-widget_type=\"text-editor.default\">\n\t\t\t\t\t\t\t\t\t<p><span style=\"white-space-collapse: preserve;\">Comme les facilitateurs sont soutenus par les contributions du groupe, le syst\u00e8me devient financi\u00e8rement viable tout en se d\u00e9veloppant de mani\u00e8re organique dans toutes les communaut\u00e9s.<\/span><\/p>\t\t\t\t\t\t\t\t<\/div>\n\t\t\t\t<\/div>\n\t\t\t\t<\/div>\n\t\t<div class=\"elementor-element elementor-element-e9b6a86 e-con-full e-flex e-con e-child\" data-id=\"e9b6a86\" data-element_type=\"container\" data-e-type=\"container\" data-settings=\"{&quot;background_background&quot;:&quot;classic&quot;}\">\n\t\t\t\t<\/div>\n\t\t\t\t<\/div>\n\t\t<div class=\"elementor-element elementor-element-f97785c e-con-full e-grid e-con e-child\" data-id=\"f97785c\" data-element_type=\"container\" data-e-type=\"container\" data-settings=\"{&quot;background_background&quot;:&quot;classic&quot;}\">\n\t\t<div class=\"elementor-element elementor-element-f76d72e e-con-full e-flex e-con e-child\" data-id=\"f76d72e\" data-element_type=\"container\" data-e-type=\"container\">\n\t\t\t\t<div class=\"elementor-element elementor-element-1ac3e43 elementor-widget elementor-widget-heading\" data-id=\"1ac3e43\" data-element_type=\"widget\" data-e-type=\"widget\" data-widget_type=\"heading.default\">\n\t\t\t\t\t<h3 class=\"elementor-heading-title elementor-size-default\">Protection des donn\u00e9es<\/h3>\t\t\t\t<\/div>\n\t\t<div class=\"elementor-element elementor-element-d5f494e e-con-full e-flex e-con e-child\" data-id=\"d5f494e\" data-element_type=\"container\" data-e-type=\"container\">\n\t\t\t\t<div class=\"elementor-element elementor-element-94c867a elementor-widget elementor-widget-text-editor\" data-id=\"94c867a\" data-element_type=\"widget\" data-e-type=\"widget\" data-widget_type=\"text-editor.default\">\n\t\t\t\t\t\t\t\t\t<p><span style=\"white-space-collapse: preserve;\">Toutes les transactions de groupe sont stock\u00e9es en toute s\u00e9curit\u00e9 \u00e0 l&#8217;aide d&#8217;une infrastructure cloud europ\u00e9enne conforme aux normes de protection des donn\u00e9es GDPR. La plateforme assure :<\/span><\/p><p><span style=\"white-space-collapse: preserve;\">\u2022 Stockage s\u00e9curis\u00e9 des donn\u00e9es<\/span><\/p><p><span style=\"white-space-collapse: preserve;\">\u2022 Acc\u00e8s transparent pour les membres du groupe<\/span><\/p><p><span style=\"white-space-collapse: preserve;\">\u2022 R\u00f4les et autorisations clairement d\u00e9finis<\/span><\/p>\t\t\t\t\t\t\t\t<\/div>\n\t\t\t\t<div class=\"elementor-element elementor-element-4629d90 elementor-widget elementor-widget-text-editor\" data-id=\"4629d90\" data-element_type=\"widget\" data-e-type=\"widget\" data-widget_type=\"text-editor.default\">\n\t\t\t\t\t\t\t\t\t<p>Les administrateurs, les directeurs de pays, les animateurs et les chefs de groupe ont chacun des responsabilit\u00e9s sp\u00e9cifiques dans le cadre de la gouvernance des donn\u00e9es.<br>Chaque membre peut acc\u00e9der \u00e0 ses donn\u00e9es de groupe \u00e0 tout moment, en assurant une transparence totale.<\/p>\t\t\t\t\t\t\t\t<\/div>\n\t\t\t\t<\/div>\n\t\t\t\t<\/div>\n\t\t<div class=\"elementor-element elementor-element-dba147a e-con-full e-flex e-con e-child\" data-id=\"dba147a\" data-element_type=\"container\" data-e-type=\"container\" data-settings=\"{&quot;background_background&quot;:&quot;classic&quot;}\">\n\t\t\t\t<\/div>\n\t\t\t\t<\/div>\n\t\t\t\t<\/div>\n\t\t\t\t<\/div>\n\t\t\t\t\t<\/div>\n\t\t\t\t<\/div>\n\t\t\t\t<\/div>","protected":false},"excerpt":{"rendered":"<p>Richesse collective par la solidarit\u00e9 De la formation d&#8217;un groupe \u00e0 la gestion d&#8217;un fonds partag\u00e9, le mod\u00e8le Ma&#8217;at fournit des outils, des r\u00e8gles de gouvernance et une infrastructure num\u00e9rique pour aider les communaut\u00e9s \u00e0 d\u00e9velopper leur richesse collective. D\u00e9marrer Comment fonctionne Ma&#8217;at Six \u00e9tapes simples qui aident les communaut\u00e9s \u00e0 construire et \u00e0 g\u00e9rer [&hellip;]<\/p>\n","protected":false},"author":3,"featured_media":0,"parent":0,"menu_order":0,"comment_status":"closed","ping_status":"closed","template":"","meta":{"footnotes":""},"class_list":["post-1422","page","type-page","status-publish","hentry"],"_links":{"self":[{"href":"https:\/\/maatpeasant.com\/fr\/wp-json\/wp\/v2\/pages\/1422","targetHints":{"allow":["GET"]}}],"collection":[{"href":"https:\/\/maatpeasant.com\/fr\/wp-json\/wp\/v2\/pages"}],"about":[{"href":"https:\/\/maatpeasant.com\/fr\/wp-json\/wp\/v2\/types\/page"}],"author":[{"embeddable":true,"href":"https:\/\/maatpeasant.com\/fr\/wp-json\/wp\/v2\/users\/3"}],"replies":[{"embeddable":true,"href":"https:\/\/maatpeasant.com\/fr\/wp-json\/wp\/v2\/comments?post=1422"}],"version-history":[{"count":5,"href":"https:\/\/maatpeasant.com\/fr\/wp-json\/wp\/v2\/pages\/1422\/revisions"}],"predecessor-version":[{"id":1427,"href":"https:\/\/maatpeasant.com\/fr\/wp-json\/wp\/v2\/pages\/1422\/revisions\/1427"}],"wp:attachment":[{"href":"https:\/\/maatpeasant.com\/fr\/wp-json\/wp\/v2\/media?parent=1422"}],"curies":[{"name":"wp","href":"https:\/\/api.w.org\/{rel}","templated":true}]}}