{"id":269,"date":"2026-03-26T11:13:24","date_gmt":"2026-03-26T11:13:24","guid":{"rendered":"https:\/\/dev.maatpeasant.com\/?page_id=269"},"modified":"2026-04-22T15:14:59","modified_gmt":"2026-04-22T15:14:59","slug":"platform","status":"publish","type":"page","link":"https:\/\/maatpeasant.com\/es\/platform\/","title":{"rendered":"Plataforma"},"content":{"rendered":"<div data-elementor-type=\"wp-page\" data-elementor-id=\"269\" class=\"elementor elementor-269\" data-elementor-post-type=\"page\">\n\t\t\t\t<div class=\"elementor-element elementor-element-452c20e e-flex e-con-boxed e-con e-parent\" data-id=\"452c20e\" data-element_type=\"container\" data-e-type=\"container\">\n\t\t\t\t\t<div class=\"e-con-inner\">\n\t\t<div class=\"elementor-element elementor-element-05a9f71 e-con-full global-paddings .panels e-flex e-con e-child\" data-id=\"05a9f71\" data-element_type=\"container\" data-e-type=\"container\">\n\t\t<div class=\"elementor-element elementor-element-4b4df8f e-con-full e-flex e-con e-child\" data-id=\"4b4df8f\" data-element_type=\"container\" data-e-type=\"container\" data-settings=\"{&quot;background_background&quot;:&quot;classic&quot;}\">\n\t\t<div class=\"elementor-element elementor-element-ffb0887 e-con-full e-flex e-con e-child\" data-id=\"ffb0887\" data-element_type=\"container\" data-e-type=\"container\">\n\t\t\t\t<div class=\"elementor-element elementor-element-d6ef825 elementor-widget-tablet__width-inherit elementor-widget elementor-widget-heading\" data-id=\"d6ef825\" data-element_type=\"widget\" data-e-type=\"widget\" data-widget_type=\"heading.default\">\n\t\t\t\t\t<h1 class=\"elementor-heading-title elementor-size-default\">Plataforma digital<\/h1>\t\t\t\t<\/div>\n\t\t\t\t<div class=\"elementor-element elementor-element-1f1b8d7 elementor-widget__width-initial elementor-widget elementor-widget-text-editor\" data-id=\"1f1b8d7\" data-element_type=\"widget\" data-e-type=\"widget\" data-widget_type=\"text-editor.default\">\n\t\t\t\t\t\t\t\t\t<p>Una plataforma m\u00f3vil y web que ayuda a los grupos comunitarios a administrar fondos, hacer cumplir las reglas de gobernanza y operar con transparencia a trav\u00e9s de procesos estructurados, datos compartidos y salvaguardias integradas.<\/p>\t\t\t\t\t\t\t\t<\/div>\n\t\t\t\t<\/div>\n\t\t\t\t<\/div>\n\t\t\t\t<\/div>\n\t\t\t\t\t<\/div>\n\t\t\t\t<\/div>\n\t\t<div class=\"elementor-element elementor-element-16c28de e-flex e-con-boxed e-con e-parent\" data-id=\"16c28de\" data-element_type=\"container\" data-e-type=\"container\">\n\t\t\t\t\t<div class=\"e-con-inner\">\n\t\t<div class=\"elementor-element elementor-element-7b4ef10 e-con-full global-paddings e-flex e-con e-child\" data-id=\"7b4ef10\" data-element_type=\"container\" data-e-type=\"container\">\n\t\t<div class=\"elementor-element elementor-element-7019fdd e-con-full e-flex e-con e-child\" data-id=\"7019fdd\" data-element_type=\"container\" data-e-type=\"container\">\n\t\t<div class=\"elementor-element elementor-element-b665797 e-con-full e-flex e-con e-child\" data-id=\"b665797\" data-element_type=\"container\" data-e-type=\"container\">\n\t\t\t\t<div class=\"elementor-element elementor-element-5282a21 elementor-widget__width-initial elementor-widget elementor-widget-heading\" data-id=\"5282a21\" data-element_type=\"widget\" data-e-type=\"widget\" data-widget_type=\"heading.default\">\n\t\t\t\t\t<h2 class=\"elementor-heading-title elementor-size-default\">Seguridad, Control y Solidaridad<\/h2>\t\t\t\t<\/div>\n\t\t\t\t<div class=\"elementor-element elementor-element-239b6cf elementor-widget__width-initial elementor-widget elementor-widget-text-editor\" data-id=\"239b6cf\" data-element_type=\"widget\" data-e-type=\"widget\" data-widget_type=\"text-editor.default\">\n\t\t\t\t\t\t\t\t\t<p>Dise\u00f1ado para la Gesti\u00f3n Financiera Colectiva<\/p>\t\t\t\t\t\t\t\t<\/div>\n\t\t\t\t<\/div>\n\t\t<div class=\"elementor-element elementor-element-8a47315 e-con-full e-grid e-con e-child\" data-id=\"8a47315\" data-element_type=\"container\" data-e-type=\"container\" data-settings=\"{&quot;background_background&quot;:&quot;classic&quot;}\">\n\t\t<div class=\"elementor-element elementor-element-f68b5a5 e-con-full e-flex e-con e-child\" data-id=\"f68b5a5\" data-element_type=\"container\" data-e-type=\"container\">\n\t\t\t\t<div class=\"elementor-element elementor-element-f01350f elementor-widget elementor-widget-heading\" data-id=\"f01350f\" data-element_type=\"widget\" data-e-type=\"widget\" data-widget_type=\"heading.default\">\n\t\t\t\t\t<h3 class=\"elementor-heading-title elementor-size-default\">Plataforma m\u00f3vil (Android)<\/h3>\t\t\t\t<\/div>\n\t\t<div class=\"elementor-element elementor-element-2389fbe e-con-full e-flex e-con e-child\" data-id=\"2389fbe\" data-element_type=\"container\" data-e-type=\"container\">\n\t\t\t\t<div class=\"elementor-element elementor-element-734d008 elementor-widget elementor-widget-text-editor\" data-id=\"734d008\" data-element_type=\"widget\" data-e-type=\"widget\" data-widget_type=\"text-editor.default\">\n\t\t\t\t\t\t\t\t\t<p>La App Ma\u2019at ayuda a los grupos a gestionar sus actividades y transacciones financieras de forma estructurada y transparente. Basada en las reglas de gobernanza Ma\u2019at, la app gu\u00eda a los grupos a trav\u00e9s de sus reuniones, registra transacciones y alerta a los usuarios cuando aparecen riesgos o inconsistencias.<\/p>\t\t\t\t\t\t\t\t<\/div>\n\t\t\t\t<div class=\"elementor-element elementor-element-4c21f9d elementor-widget elementor-widget-text-editor\" data-id=\"4c21f9d\" data-element_type=\"widget\" data-e-type=\"widget\" data-widget_type=\"text-editor.default\">\n\t\t\t\t\t\t\t\t\t<p>Cada grupo elige dos registradores responsables de ingresar las transacciones durante las reuniones. Esta responsabilidad compartida garantiza la continuidad y la transparencia, al tiempo que permite que la mayor\u00eda de los miembros aprendan c\u00f3mo funciona el sistema.<\/p>\t\t\t\t\t\t\t\t<\/div>\n\t\t\t\t<div class=\"elementor-element elementor-element-6a3dcce elementor-widget elementor-widget-text-editor\" data-id=\"6a3dcce\" data-element_type=\"widget\" data-e-type=\"widget\" data-widget_type=\"text-editor.default\">\n\t\t\t\t\t\t\t\t\t<p>Todos los datos del grupo permanecen visibles para los miembros, creando total transparencia y rendici\u00f3n de cuentas.<\/p>\t\t\t\t\t\t\t\t<\/div>\n\t\t\t\t<\/div>\n\t\t\t\t<\/div>\n\t\t<div class=\"elementor-element elementor-element-c2a53ac e-con-full e-flex e-con e-child\" data-id=\"c2a53ac\" data-element_type=\"container\" data-e-type=\"container\" data-settings=\"{&quot;background_background&quot;:&quot;classic&quot;}\">\n\t\t\t\t<\/div>\n\t\t\t\t<\/div>\n\t\t<div class=\"elementor-element elementor-element-c3f3f5e e-con-full e-grid e-con e-child\" data-id=\"c3f3f5e\" data-element_type=\"container\" data-e-type=\"container\" data-settings=\"{&quot;background_background&quot;:&quot;classic&quot;}\">\n\t\t<div class=\"elementor-element elementor-element-a01f91d e-con-full e-flex e-con e-child\" data-id=\"a01f91d\" data-element_type=\"container\" data-e-type=\"container\" data-settings=\"{&quot;background_background&quot;:&quot;classic&quot;}\">\n\t\t\t\t<\/div>\n\t\t<div class=\"elementor-element elementor-element-74c171c e-con-full e-flex e-con e-child\" data-id=\"74c171c\" data-element_type=\"container\" data-e-type=\"container\">\n\t\t\t\t<div class=\"elementor-element elementor-element-558f90b elementor-widget elementor-widget-heading\" data-id=\"558f90b\" data-element_type=\"widget\" data-e-type=\"widget\" data-widget_type=\"heading.default\">\n\t\t\t\t\t<h3 class=\"elementor-heading-title elementor-size-default\">Aplicaci\u00f3n web<\/h3>\t\t\t\t<\/div>\n\t\t<div class=\"elementor-element elementor-element-ec1e863 e-con-full e-flex e-con e-child\" data-id=\"ec1e863\" data-element_type=\"container\" data-e-type=\"container\">\n\t\t\t\t<div class=\"elementor-element elementor-element-10d78ba romb-text-list elementor-widget elementor-widget-text-editor\" data-id=\"10d78ba\" data-element_type=\"widget\" data-e-type=\"widget\" data-widget_type=\"text-editor.default\">\n\t\t\t\t\t\t\t\t\t<p>La plataforma Ma\u2019at es administrada a nivel global por los administradores campesinos de Ma\u2019at. Ellos son responsables del funcionamiento fluido y correcto del registro y procesamiento de datos.<\/p><ul><li>Multiling\u00fce (EN, FR, ES, GL, PT, ZH)<\/li><li>Personalizado para cada pa\u00eds y cada grupo<\/li><li>Trenes, impone transparencia, encapsula las reglas<\/li><li>Controles y alertas para prevenir errores o fraudes<\/li><li>Mantiene el historial y los registros completos<\/li><\/ul>\t\t\t\t\t\t\t\t<\/div>\n\t\t\t\t<\/div>\n\t\t\t\t<\/div>\n\t\t\t\t<\/div>\n\t\t<div class=\"elementor-element elementor-element-1223f86 e-con-full e-grid e-con e-child\" data-id=\"1223f86\" data-element_type=\"container\" data-e-type=\"container\" data-settings=\"{&quot;background_background&quot;:&quot;classic&quot;}\">\n\t\t<div class=\"elementor-element elementor-element-1c52eec e-con-full e-flex e-con e-child\" data-id=\"1c52eec\" data-element_type=\"container\" data-e-type=\"container\">\n\t\t\t\t<div class=\"elementor-element elementor-element-97f02ac elementor-widget elementor-widget-heading\" data-id=\"97f02ac\" data-element_type=\"widget\" data-e-type=\"widget\" data-widget_type=\"heading.default\">\n\t\t\t\t\t<h3 class=\"elementor-heading-title elementor-size-default\">Infraestructura de TI<\/h3>\t\t\t\t<\/div>\n\t\t<div class=\"elementor-element elementor-element-3c6c29d e-con-full e-flex e-con e-child\" data-id=\"3c6c29d\" data-element_type=\"container\" data-e-type=\"container\">\n\t\t\t\t<div class=\"elementor-element elementor-element-325d00e elementor-widget elementor-widget-text-editor\" data-id=\"325d00e\" data-element_type=\"widget\" data-e-type=\"widget\" data-widget_type=\"text-editor.default\">\n\t\t\t\t\t\t\t\t\t<strong style=\"color: #161514;\">Velocidad<\/strong><\/br>\nRendimiento r\u00e1pido y receptivo de la plataforma para un uso sin interrupciones durante reuniones grupales y operaciones diarias.\t\t\t\t\t\t\t\t<\/div>\n\t\t\t\t<div class=\"elementor-element elementor-element-a413815 elementor-widget elementor-widget-text-editor\" data-id=\"a413815\" data-element_type=\"widget\" data-e-type=\"widget\" data-widget_type=\"text-editor.default\">\n\t\t\t\t\t\t\t\t\t<strong style=\"color: #161514;\">Alta disponibilidad<\/strong><\/br>\nDise\u00f1ado para permanecer accesible siempre que los grupos lo necesiten, con un rendimiento de sistema estable y confiable.\t\t\t\t\t\t\t\t<\/div>\n\t\t\t\t<div class=\"elementor-element elementor-element-26510d3 elementor-widget elementor-widget-text-editor\" data-id=\"26510d3\" data-element_type=\"widget\" data-e-type=\"widget\" data-widget_type=\"text-editor.default\">\n\t\t\t\t\t\t\t\t\t<p><strong style=\"color: #161514;\">Seguridad y Redundancia de Datos<br \/><\/strong>Almacenamiento seguro de datos con sistemas de respaldo que protegen la informaci\u00f3n y garantizan la integridad de los datos.<\/p>\t\t\t\t\t\t\t\t<\/div>\n\t\t\t\t<div class=\"elementor-element elementor-element-e6ce029 elementor-widget elementor-widget-text-editor\" data-id=\"e6ce029\" data-element_type=\"widget\" data-e-type=\"widget\" data-widget_type=\"text-editor.default\">\n\t\t\t\t\t\t\t\t\t<p><strong style=\"color: #161514;\">Acceso Global<br \/><\/strong>Accesible desde cualquier lugar, permitiendo que la red Ma\u2019at opere en diferentes pa\u00edses y comunidades.<\/p>\t\t\t\t\t\t\t\t<\/div>\n\t\t\t\t<\/div>\n\t\t\t\t<\/div>\n\t\t<div class=\"elementor-element elementor-element-ed10729 e-con-full e-flex e-con e-child\" data-id=\"ed10729\" data-element_type=\"container\" data-e-type=\"container\" data-settings=\"{&quot;background_background&quot;:&quot;classic&quot;}\">\n\t\t\t\t<\/div>\n\t\t\t\t<\/div>\n\t\t<div class=\"elementor-element elementor-element-5006617 e-con-full e-grid e-con e-child\" data-id=\"5006617\" data-element_type=\"container\" data-e-type=\"container\" data-settings=\"{&quot;background_background&quot;:&quot;classic&quot;}\">\n\t\t<div class=\"elementor-element elementor-element-7331935 e-con-full e-flex e-con e-child\" data-id=\"7331935\" data-element_type=\"container\" data-e-type=\"container\" data-settings=\"{&quot;background_background&quot;:&quot;classic&quot;}\">\n\t\t\t\t<\/div>\n\t\t<div class=\"elementor-element elementor-element-e1c1897 e-con-full e-flex e-con e-child\" data-id=\"e1c1897\" data-element_type=\"container\" data-e-type=\"container\">\n\t\t\t\t<div class=\"elementor-element elementor-element-fcd25cd elementor-widget elementor-widget-heading\" data-id=\"fcd25cd\" data-element_type=\"widget\" data-e-type=\"widget\" data-widget_type=\"heading.default\">\n\t\t\t\t\t<h3 class=\"elementor-heading-title elementor-size-default\">Herramientas de aplicaci\u00f3n de gobernanza<\/h3>\t\t\t\t<\/div>\n\t\t<div class=\"elementor-element elementor-element-4eca6fa e-con-full e-flex e-con e-child\" data-id=\"4eca6fa\" data-element_type=\"container\" data-e-type=\"container\">\n\t\t\t\t<div class=\"elementor-element elementor-element-41bcd7e romb-text-list elementor-widget elementor-widget-text-editor\" data-id=\"41bcd7e\" data-element_type=\"widget\" data-e-type=\"widget\" data-widget_type=\"text-editor.default\">\n\t\t\t\t\t\t\t\t\t<p>La buena gobernanza es lo que hace que el grupo sea exitoso y duradero. Antes de lanzar el grupo, los miembros negocian y firman su Carta Grupal.<\/p><ul><li>Los l\u00edmites sobre qui\u00e9n puede participar y qu\u00e9 puede lograr el grupo est\u00e1n claramente definidos.<\/li><li>Las culturas y ecolog\u00edas locales determinan las elecciones grupales<\/li><li>La toma de decisiones se basa en la participaci\u00f3n de todos<\/li><li>Los l\u00edderes de grupo son responsables del correcto funcionamiento del grupo.<\/li><li>El Grupo define sanciones progresivas para quienes no respeten la Carta acordada, con advertencias y multas progresivas.<\/li><li>Los procedimientos de resoluci\u00f3n de conflictos se basan en la resoluci\u00f3n en etapas tempranas. Un facilitador externo act\u00faa como moderador en caso de necesidad.<\/li><li>El Grupo es conocido en la comunidad y celebra los logros en eventos de fin de ciclo.<\/li><li>El Grupo forma parte de una red Ma\u2019at m\u00e1s grande, a nivel local e internacional, que lo apoya y acompa\u00f1a.<\/li><\/ul>\t\t\t\t\t\t\t\t<\/div>\n\t\t\t\t<\/div>\n\t\t\t\t<\/div>\n\t\t\t\t<\/div>\n\t\t<div class=\"elementor-element elementor-element-76eeda1 e-con-full e-grid e-con e-child\" data-id=\"76eeda1\" data-element_type=\"container\" data-e-type=\"container\" data-settings=\"{&quot;background_background&quot;:&quot;classic&quot;}\">\n\t\t<div class=\"elementor-element elementor-element-b8cef4b e-con-full e-flex e-con e-child\" data-id=\"b8cef4b\" data-element_type=\"container\" data-e-type=\"container\">\n\t\t\t\t<div class=\"elementor-element elementor-element-151b9eb elementor-widget elementor-widget-heading\" data-id=\"151b9eb\" data-element_type=\"widget\" data-e-type=\"widget\" data-widget_type=\"heading.default\">\n\t\t\t\t\t<h3 class=\"elementor-heading-title elementor-size-default\">Transparencia de datos<\/h3>\t\t\t\t<\/div>\n\t\t<div class=\"elementor-element elementor-element-b3d443b e-con-full e-flex e-con e-child\" data-id=\"b3d443b\" data-element_type=\"container\" data-e-type=\"container\">\n\t\t<div class=\"elementor-element elementor-element-f746b5e e-con-full e-flex e-con e-child\" data-id=\"f746b5e\" data-element_type=\"container\" data-e-type=\"container\">\n\t\t\t\t<div class=\"elementor-element elementor-element-babe497 romb-text-list elementor-widget elementor-widget-text-editor\" data-id=\"babe497\" data-element_type=\"widget\" data-e-type=\"widget\" data-widget_type=\"text-editor.default\">\n\t\t\t\t\t\t\t\t\t<ul><li>Los datos se registran en cuadernos y tel\u00e9fonos inteligentes grupales y se transfieren al servidor administrado por los administradores de Ma\u2019at en la organizaci\u00f3n sin fines de lucro Ma\u2019at Peasant (con sede en Francia).<\/li><li>Los datos son completamente transparentes para los miembros del grupo y est\u00e1n disponibles en cualquier momento.<\/li><li>No se recopilan ni comparten datos personales<\/li><li>El Grupo define sanciones progresivas para quienes no respeten la Carta acordada, con advertencias y multas progresivas.<\/li><li>La privacidad est\u00e1 garantizada<\/li><li>Diferentes niveles de acceso a funciones y datos seg\u00fan roles (administrador, gerente, registrador, usuario)<\/li><\/ul>\t\t\t\t\t\t\t\t<\/div>\n\t\t\t\t<\/div>\n\t\t\t\t<\/div>\n\t\t\t\t<\/div>\n\t\t<div class=\"elementor-element elementor-element-958cdf0 e-con-full e-flex e-con e-child\" data-id=\"958cdf0\" data-element_type=\"container\" data-e-type=\"container\" data-settings=\"{&quot;background_background&quot;:&quot;classic&quot;}\">\n\t\t\t\t<\/div>\n\t\t\t\t<\/div>\n\t\t<div class=\"elementor-element elementor-element-c66f3cf e-con-full e-grid e-con e-child\" data-id=\"c66f3cf\" data-element_type=\"container\" data-e-type=\"container\" data-settings=\"{&quot;background_background&quot;:&quot;classic&quot;}\">\n\t\t<div class=\"elementor-element elementor-element-826995d e-con-full e-flex e-con e-child\" data-id=\"826995d\" data-element_type=\"container\" data-e-type=\"container\" data-settings=\"{&quot;background_background&quot;:&quot;classic&quot;}\">\n\t\t\t\t<\/div>\n\t\t<div class=\"elementor-element elementor-element-86df049 e-con-full e-flex e-con e-child\" data-id=\"86df049\" data-element_type=\"container\" data-e-type=\"container\">\n\t\t\t\t<div class=\"elementor-element elementor-element-7bbcdee elementor-widget elementor-widget-heading\" data-id=\"7bbcdee\" data-element_type=\"widget\" data-e-type=\"widget\" data-widget_type=\"heading.default\">\n\t\t\t\t\t<h3 class=\"elementor-heading-title elementor-size-default\">Seguridad y control de riesgos<\/h3>\t\t\t\t<\/div>\n\t\t<div class=\"elementor-element elementor-element-2022679 e-con-full e-flex e-con e-child\" data-id=\"2022679\" data-element_type=\"container\" data-e-type=\"container\">\n\t\t\t\t<div class=\"elementor-element elementor-element-4522453 romb-text-list elementor-widget elementor-widget-text-editor\" data-id=\"4522453\" data-element_type=\"widget\" data-e-type=\"widget\" data-widget_type=\"text-editor.default\">\n\t\t\t\t\t\t\t\t\t<ul><li>La plataforma OVHcloud (legalmente OVH Groupe SA) es un importante proveedor franc\u00e9s de computaci\u00f3n en la nube y alojamiento. Sirve a millones de clientes a nivel mundial con servicios en la nube, VPS, servidores dedicados y m\u00e1s. OVH se posiciona como una alternativa europea a los hiperscaladores estadounidenses como AWS\/Azure, con \u00e9nfasis en la soberan\u00eda de datos para usuarios de la UE. OVH se compromete a cumplir con los est\u00e1ndares europeos de protecci\u00f3n de datos como el Reglamento General de Protecci\u00f3n de Datos (RGPD) de la UE. <strong>Reglamento General de Protecci\u00f3n de Datos (RGPD)<\/strong>, que establece requisitos estrictos sobre c\u00f3mo se manejan los datos personales.<\/li><li><strong>Marcos de seguridad<\/strong>La empresa mantiene un Sistema de Gesti\u00f3n de Seguridad de la Informaci\u00f3n (SGSI) con auditor\u00edas internas y externas regulares, escaneo de vulnerabilidades y evaluaciones de riesgos.<\/li><li>Ciertos servicios de OVH tienen cualificaciones de alta seguridad como <strong>SecNumCloud<\/strong>, una certificaci\u00f3n de la agencia francesa de ciberseguridad ANSSI para ofertas de nube seguras.<\/li><li><strong>Seguridad f\u00edsica del centro de datos<\/strong>Los centros de datos cuentan con fuertes controles f\u00edsicos (acceso con credencial, vigilancia, sistemas contra incendios, energ\u00eda redundante).<\/li><li><strong>Soberan\u00eda de datos<\/strong><\/li><li><strong>OVH no accede a los datos de los clientes a menos que se le permita expresamente<\/strong>, y cuando el soporte o el mantenimiento requieren acceso, todas las acciones se rastrean para fines de rendici\u00f3n de cuentas.<\/li><\/ul>\t\t\t\t\t\t\t\t<\/div>\n\t\t\t\t<\/div>\n\t\t\t\t<\/div>\n\t\t\t\t<\/div>\n\t\t\t\t<\/div>\n\t\t\t\t<\/div>\n\t\t\t\t\t<\/div>\n\t\t\t\t<\/div>\n\t\t\t\t<\/div>","protected":false},"excerpt":{"rendered":"<p>Digital platform\u200b A mobile and web platform that helps community groups manage funds, enforce governance rules, and operate transparently through structured processes, shared data, and built-in safeguards. Security, Control &amp; Solidarity Designed for Collective Financial Management Mobile platform (Android) The Ma\u2019at App helps groups manage their activities and financial transactions in a structured and transparent [&hellip;]<\/p>\n","protected":false},"author":3,"featured_media":0,"parent":0,"menu_order":0,"comment_status":"closed","ping_status":"closed","template":"","meta":{"footnotes":""},"class_list":["post-269","page","type-page","status-publish","hentry"],"_links":{"self":[{"href":"https:\/\/maatpeasant.com\/es\/wp-json\/wp\/v2\/pages\/269","targetHints":{"allow":["GET"]}}],"collection":[{"href":"https:\/\/maatpeasant.com\/es\/wp-json\/wp\/v2\/pages"}],"about":[{"href":"https:\/\/maatpeasant.com\/es\/wp-json\/wp\/v2\/types\/page"}],"author":[{"embeddable":true,"href":"https:\/\/maatpeasant.com\/es\/wp-json\/wp\/v2\/users\/3"}],"replies":[{"embeddable":true,"href":"https:\/\/maatpeasant.com\/es\/wp-json\/wp\/v2\/comments?post=269"}],"version-history":[{"count":58,"href":"https:\/\/maatpeasant.com\/es\/wp-json\/wp\/v2\/pages\/269\/revisions"}],"predecessor-version":[{"id":1561,"href":"https:\/\/maatpeasant.com\/es\/wp-json\/wp\/v2\/pages\/269\/revisions\/1561"}],"wp:attachment":[{"href":"https:\/\/maatpeasant.com\/es\/wp-json\/wp\/v2\/media?parent=269"}],"curies":[{"name":"wp","href":"https:\/\/api.w.org\/{rel}","templated":true}]}}