{"id":264,"date":"2026-03-26T11:12:11","date_gmt":"2026-03-26T11:12:11","guid":{"rendered":"https:\/\/dev.maatpeasant.com\/?page_id=264"},"modified":"2026-04-14T11:41:36","modified_gmt":"2026-04-14T11:41:36","slug":"how-it-works","status":"publish","type":"page","link":"https:\/\/maatpeasant.com\/es\/how-it-works\/","title":{"rendered":"C\u00f3mo funciona"},"content":{"rendered":"<div data-elementor-type=\"wp-page\" data-elementor-id=\"264\" class=\"elementor elementor-264\" data-elementor-post-type=\"page\">\n\t\t\t\t<div class=\"elementor-element elementor-element-dbe62df e-flex e-con-boxed e-con e-parent\" data-id=\"dbe62df\" data-element_type=\"container\" data-e-type=\"container\">\n\t\t\t\t\t<div class=\"e-con-inner\">\n\t\t<div class=\"elementor-element elementor-element-dfb660c e-con-full global-paddings e-flex e-con e-child\" data-id=\"dfb660c\" data-element_type=\"container\" data-e-type=\"container\">\n\t\t<div class=\"elementor-element elementor-element-d76f391 e-con-full e-grid e-con e-child\" data-id=\"d76f391\" data-element_type=\"container\" data-e-type=\"container\">\n\t\t<div class=\"elementor-element elementor-element-f2f8436 e-con-full e-flex e-con e-child\" data-id=\"f2f8436\" data-element_type=\"container\" data-e-type=\"container\">\n\t\t\t\t<div class=\"elementor-element elementor-element-81d0a07 elementor-widget elementor-widget-heading\" data-id=\"81d0a07\" data-element_type=\"widget\" data-e-type=\"widget\" data-widget_type=\"heading.default\">\n\t\t\t\t\t<h2 class=\"elementor-heading-title elementor-size-default\">Riqueza colectiva a trav\u00e9s de la solidaridad<\/h2>\t\t\t\t<\/div>\n\t\t\t\t<div class=\"elementor-element elementor-element-bd5a485 elementor-widget__width-initial elementor-widget elementor-widget-text-editor\" data-id=\"bd5a485\" data-element_type=\"widget\" data-e-type=\"widget\" data-widget_type=\"text-editor.default\">\n\t\t\t\t\t\t\t\t\t<p>Desde la formaci\u00f3n de un grupo hasta la gesti\u00f3n de un fondo compartido, el modelo Ma'at proporciona herramientas, reglas de gobernanza e infraestructura digital para ayudar a las comunidades a aumentar su riqueza colectiva.<\/p>\t\t\t\t\t\t\t\t<\/div>\n\t\t<div class=\"elementor-element elementor-element-56553ac e-con-full e-flex e-con e-child\" data-id=\"56553ac\" data-element_type=\"container\" data-e-type=\"container\">\n\t\t\t\t<div class=\"elementor-element elementor-element-0de1e8e elementor-widget elementor-widget-button\" data-id=\"0de1e8e\" data-element_type=\"widget\" data-e-type=\"widget\" data-widget_type=\"button.default\">\n\t\t\t\t\t\t\t\t\t\t<a class=\"elementor-button elementor-button-link elementor-size-sm\" href=\"mailto:info@maatpeasant.com\" target=\"_blank\">\n\t\t\t\t\t\t<span class=\"elementor-button-content-wrapper\">\n\t\t\t\t\t\t\t\t\t<span class=\"elementor-button-text\">Empezar<\/span>\n\t\t\t\t\t<\/span>\n\t\t\t\t\t<\/a>\n\t\t\t\t\t\t\t\t<\/div>\n\t\t\t\t<\/div>\n\t\t\t\t<\/div>\n\t\t<div class=\"elementor-element elementor-element-a80e63b e-con-full e-flex e-con e-child\" data-id=\"a80e63b\" data-element_type=\"container\" data-e-type=\"container\" data-settings=\"{&quot;background_background&quot;:&quot;classic&quot;}\">\n\t\t\t\t<\/div>\n\t\t\t\t<\/div>\n\t\t\t\t<\/div>\n\t\t\t\t\t<\/div>\n\t\t\t\t<\/div>\n\t\t<div class=\"elementor-element elementor-element-d91f651 e-flex e-con-boxed e-con e-parent\" data-id=\"d91f651\" data-element_type=\"container\" data-e-type=\"container\">\n\t\t\t\t\t<div class=\"e-con-inner\">\n\t\t<div class=\"elementor-element elementor-element-894461a e-con-full global-paddings e-flex e-con e-child\" data-id=\"894461a\" data-element_type=\"container\" data-e-type=\"container\">\n\t\t<div class=\"elementor-element elementor-element-328b50a e-con-full e-flex e-con e-child\" data-id=\"328b50a\" data-element_type=\"container\" data-e-type=\"container\">\n\t\t<div class=\"elementor-element elementor-element-9440bc9 e-con-full e-flex e-con e-child\" data-id=\"9440bc9\" data-element_type=\"container\" data-e-type=\"container\">\n\t\t\t\t<div class=\"elementor-element elementor-element-9ca0715 elementor-widget elementor-widget-heading\" data-id=\"9ca0715\" data-element_type=\"widget\" data-e-type=\"widget\" data-widget_type=\"heading.default\">\n\t\t\t\t\t<h2 class=\"elementor-heading-title elementor-size-default\">C\u00f3mo funciona Ma'at<\/h2>\t\t\t\t<\/div>\n\t\t\t\t<div class=\"elementor-element elementor-element-057241b elementor-widget__width-initial elementor-widget elementor-widget-text-editor\" data-id=\"057241b\" data-element_type=\"widget\" data-e-type=\"widget\" data-widget_type=\"text-editor.default\">\n\t\t\t\t\t\t\t\t\t<p>Seis pasos sencillos que ayudan a las comunidades a crear y gestionar su fondo colectivo.<\/p>\t\t\t\t\t\t\t\t<\/div>\n\t\t\t\t<div class=\"elementor-element elementor-element-fab60ad elementor-absolute elementor-widget-mobile__width-initial elementor-widget elementor-widget-image\" data-id=\"fab60ad\" data-element_type=\"widget\" data-e-type=\"widget\" data-settings=\"{&quot;_position&quot;:&quot;absolute&quot;}\" data-widget_type=\"image.default\">\n\t\t\t\t\t\t\t\t\t\t\t\t\t\t\t<img decoding=\"async\" src=\"https:\/\/maatpeasant.com\/wp-content\/uploads\/elementor\/thumbs\/Mata-element-title-rkzc0e31i42wvre903jppmysau7e56wkpc70bugg5e.png\" title=\"T\u00edtulo del elemento de mata\" alt=\"T\u00edtulo del elemento de mata\" loading=\"lazy\" \/>\t\t\t\t\t\t\t\t\t\t\t\t\t\t\t<\/div>\n\t\t\t\t<\/div>\n\t\t<div class=\"elementor-element elementor-element-4877d0e e-con-full e-grid e-con e-child\" data-id=\"4877d0e\" data-element_type=\"container\" data-e-type=\"container\" data-settings=\"{&quot;background_background&quot;:&quot;classic&quot;}\">\n\t\t<div class=\"elementor-element elementor-element-5652e9c e-con-full e-flex e-con e-child\" data-id=\"5652e9c\" data-element_type=\"container\" data-e-type=\"container\">\n\t\t\t\t<div class=\"elementor-element elementor-element-4c24d18 elementor-widget elementor-widget-heading\" data-id=\"4c24d18\" data-element_type=\"widget\" data-e-type=\"widget\" data-widget_type=\"heading.default\">\n\t\t\t\t\t<h3 class=\"elementor-heading-title elementor-size-default\">Formaci\u00f3n de grupos<\/h3>\t\t\t\t<\/div>\n\t\t<div class=\"elementor-element elementor-element-c43d6ca e-con-full e-flex e-con e-child\" data-id=\"c43d6ca\" data-element_type=\"container\" data-e-type=\"container\">\n\t\t\t\t<div class=\"elementor-element elementor-element-3171856 elementor-widget elementor-widget-text-editor\" data-id=\"3171856\" data-element_type=\"widget\" data-e-type=\"widget\" data-widget_type=\"text-editor.default\">\n\t\t\t\t\t\t\t\t\t<p>Las comunidades interesadas en unirse a la red Ma\u2019at comienzan con una serie de sesiones de lluvia de ideas para definir sus metas, valores y principios de cooperaci\u00f3n compartidos.<\/p>\t\t\t\t\t\t\t\t<\/div>\n\t\t\t\t<div class=\"elementor-element elementor-element-0f56ce3 elementor-widget elementor-widget-text-editor\" data-id=\"0f56ce3\" data-element_type=\"widget\" data-e-type=\"widget\" data-widget_type=\"text-editor.default\">\n\t\t\t\t\t\t\t\t\t<p>Con el apoyo del equipo de Ma\u2019at y un gerente de pa\u00eds local, el grupo se forma alrededor de 10 a 30 miembros, elige un nombre y establece sus objetivos colectivos.<\/p>\t\t\t\t\t\t\t\t<\/div>\n\t\t\t\t<div class=\"elementor-element elementor-element-24be4b8 elementor-widget elementor-widget-text-editor\" data-id=\"24be4b8\" data-element_type=\"widget\" data-e-type=\"widget\" data-widget_type=\"text-editor.default\">\n\t\t\t\t\t\t\t\t\t<p>Durante la fase inicial, el grupo recibe orientaci\u00f3n y capacitaci\u00f3n para operar plenamente, hasta que adquiere autonom\u00eda y un gobierno autosostenible.<\/p>\t\t\t\t\t\t\t\t<\/div>\n\t\t\t\t<\/div>\n\t\t\t\t<\/div>\n\t\t<div class=\"elementor-element elementor-element-7cc1b15 e-con-full e-flex e-con e-child\" data-id=\"7cc1b15\" data-element_type=\"container\" data-e-type=\"container\" data-settings=\"{&quot;background_background&quot;:&quot;classic&quot;}\">\n\t\t\t\t<\/div>\n\t\t\t\t<\/div>\n\t\t<div class=\"elementor-element elementor-element-9fa1533 e-con-full e-grid e-con e-child\" data-id=\"9fa1533\" data-element_type=\"container\" data-e-type=\"container\" data-settings=\"{&quot;background_background&quot;:&quot;classic&quot;}\">\n\t\t<div class=\"elementor-element elementor-element-6d53afe e-con-full e-flex e-con e-child\" data-id=\"6d53afe\" data-element_type=\"container\" data-e-type=\"container\">\n\t\t\t\t<div class=\"elementor-element elementor-element-9f949f9 elementor-widget elementor-widget-heading\" data-id=\"9f949f9\" data-element_type=\"widget\" data-e-type=\"widget\" data-widget_type=\"heading.default\">\n\t\t\t\t\t<h3 class=\"elementor-heading-title elementor-size-default\">Gobernanza democr\u00e1tica<\/h3>\t\t\t\t<\/div>\n\t\t<div class=\"elementor-element elementor-element-0aa12aa e-con-full e-flex e-con e-child\" data-id=\"0aa12aa\" data-element_type=\"container\" data-e-type=\"container\">\n\t\t\t\t<div class=\"elementor-element elementor-element-d39bb7d elementor-widget elementor-widget-text-editor\" data-id=\"d39bb7d\" data-element_type=\"widget\" data-e-type=\"widget\" data-widget_type=\"text-editor.default\">\n\t\t\t\t\t\t\t\t\t<p>Cada grupo de Ma\u2019at elige su equipo de liderazgo anualmente para garantizar una toma de decisiones transparente y equilibrada. El equipo directivo suele incluir un coordinador y dos contadores responsables de mantener el buen funcionamiento de las actividades del grupo.<\/p>\t\t\t\t\t\t\t\t<\/div>\n\t\t\t\t<div class=\"elementor-element elementor-element-89c6e78 elementor-widget elementor-widget-text-editor\" data-id=\"89c6e78\" data-element_type=\"widget\" data-e-type=\"widget\" data-widget_type=\"text-editor.default\">\n\t\t\t\t\t\t\t\t\t<p>Juntos, los miembros definen roles de liderazgo, principios de gobernanza y reglas internas que gu\u00edan las operaciones del grupo. Estas reglas constituyen un acuerdo formal firmado por todos los miembros, asegurando equidad, transparencia e inclusi\u00f3n, al tiempo que permiten que las responsabilidades de liderazgo roten con el tiempo.<\/p>\t\t\t\t\t\t\t\t<\/div>\n\t\t\t\t<div class=\"elementor-element elementor-element-141f493 elementor-widget elementor-widget-text-editor\" data-id=\"141f493\" data-element_type=\"widget\" data-e-type=\"widget\" data-widget_type=\"text-editor.default\">\n\t\t\t\t\t\t\t\t\t<p>Durante la fase inicial, el grupo recibe orientaci\u00f3n y capacitaci\u00f3n para operar plenamente, hasta que adquiere autonom\u00eda y un gobierno autosostenible.<\/p>\t\t\t\t\t\t\t\t<\/div>\n\t\t\t\t<\/div>\n\t\t\t\t<\/div>\n\t\t<div class=\"elementor-element elementor-element-42c1807 e-con-full e-flex e-con e-child\" data-id=\"42c1807\" data-element_type=\"container\" data-e-type=\"container\" data-settings=\"{&quot;background_background&quot;:&quot;classic&quot;}\">\n\t\t\t\t<\/div>\n\t\t\t\t<\/div>\n\t\t<div class=\"elementor-element elementor-element-38d1a2d e-con-full e-grid e-con e-child\" data-id=\"38d1a2d\" data-element_type=\"container\" data-e-type=\"container\" data-settings=\"{&quot;background_background&quot;:&quot;classic&quot;}\">\n\t\t<div class=\"elementor-element elementor-element-8b6ed33 e-con-full e-flex e-con e-child\" data-id=\"8b6ed33\" data-element_type=\"container\" data-e-type=\"container\">\n\t\t\t\t<div class=\"elementor-element elementor-element-feca9c7 elementor-widget elementor-widget-heading\" data-id=\"feca9c7\" data-element_type=\"widget\" data-e-type=\"widget\" data-widget_type=\"heading.default\">\n\t\t\t\t\t<h3 class=\"elementor-heading-title elementor-size-default\">Capacitaci\u00f3n y desarrollo de capacidades<\/h3>\t\t\t\t<\/div>\n\t\t<div class=\"elementor-element elementor-element-436e0a6 e-con-full e-flex e-con e-child\" data-id=\"436e0a6\" data-element_type=\"container\" data-e-type=\"container\">\n\t\t\t\t<div class=\"elementor-element elementor-element-420c6ff elementor-widget elementor-widget-text-editor\" data-id=\"420c6ff\" data-element_type=\"widget\" data-e-type=\"widget\" data-widget_type=\"text-editor.default\">\n\t\t\t\t\t\t\t\t\t<p style=\"margin: 0 0 12px;\"><strong>1. Reflexi\u00f3n comunitaria.<\/strong> Entender los sistemas financieros actuales y definir valores compartidos.<\/p><p style=\"margin: 0 0 12px;\"><strong>2. Configuraci\u00f3n de gobernanza.<\/strong> Elegir l\u00edderes y definir responsabilidades.<\/p><p style=\"margin: 0 0 12px;\"><strong>3. Reglamento interno.<\/strong> Definir contribuciones, avances, salvaguardas y objetivos grupales.<\/p><p style=\"margin: 0 0 12px;\"><strong>4. Estructura de la reuni\u00f3n.<\/strong> Aprender el proceso de siete pasos para reuniones y asegurar la transparencia.<\/p><p style=\"margin: 0;\"><strong>5. Herramientas digitales.<\/strong> Capacitar a contadores para usar la Aplicaci\u00f3n Ma\u2019at para gestionar transacciones.<\/p>\t\t\t\t\t\t\t\t<\/div>\n\t\t\t\t<div class=\"elementor-element elementor-element-5bce7f5 elementor-widget elementor-widget-text-editor\" data-id=\"5bce7f5\" data-element_type=\"widget\" data-e-type=\"widget\" data-widget_type=\"text-editor.default\">\n\t\t\t\t\t\t\t\t\t<p>Estos m\u00f3dulos ayudan a los grupos a ser resilientes, aut\u00f3nomos y capaces de aumentar su riqueza colectiva.<\/p>\t\t\t\t\t\t\t\t<\/div>\n\t\t\t\t<\/div>\n\t\t\t\t<\/div>\n\t\t<div class=\"elementor-element elementor-element-6250cce e-con-full e-flex e-con e-child\" data-id=\"6250cce\" data-element_type=\"container\" data-e-type=\"container\" data-settings=\"{&quot;background_background&quot;:&quot;classic&quot;}\">\n\t\t\t\t<\/div>\n\t\t\t\t<\/div>\n\t\t<div class=\"elementor-element elementor-element-f215c64 e-con-full e-grid e-con e-child\" data-id=\"f215c64\" data-element_type=\"container\" data-e-type=\"container\" data-settings=\"{&quot;background_background&quot;:&quot;classic&quot;}\">\n\t\t<div class=\"elementor-element elementor-element-d075ec1 e-con-full e-flex e-con e-child\" data-id=\"d075ec1\" data-element_type=\"container\" data-e-type=\"container\">\n\t\t\t\t<div class=\"elementor-element elementor-element-961183c elementor-widget elementor-widget-heading\" data-id=\"961183c\" data-element_type=\"widget\" data-e-type=\"widget\" data-widget_type=\"heading.default\">\n\t\t\t\t\t<h3 class=\"elementor-heading-title elementor-size-default\">Construcci\u00f3n del Fondo Colectivo<\/h3>\t\t\t\t<\/div>\n\t\t<div class=\"elementor-element elementor-element-87e5568 e-con-full e-flex e-con e-child\" data-id=\"87e5568\" data-element_type=\"container\" data-e-type=\"container\">\n\t\t\t\t<div class=\"elementor-element elementor-element-ddcd602 elementor-widget elementor-widget-text-editor\" data-id=\"ddcd602\" data-element_type=\"widget\" data-e-type=\"widget\" data-widget_type=\"text-editor.default\">\n\t\t\t\t\t\t\t\t\t<p>Los grupos Ma'at se re\u00fanen regularmente, generalmente una vez por semana, para realizar reuniones cortas que duran entre 20 y 30 minutos. Durante cada reuni\u00f3n:<\/p><p>\u2022 Los miembros aportan fondos seg\u00fan las reglas acordadas<\/p><p>\u2022 Los miembros pueden solicitar anticipos de capital (maats)<\/p><p>\u2022 Todas las transacciones se registran de forma transparente<\/p>\t\t\t\t\t\t\t\t<\/div>\n\t\t\t\t<div class=\"elementor-element elementor-element-b4c2b0b elementor-widget elementor-widget-text-editor\" data-id=\"b4c2b0b\" data-element_type=\"widget\" data-e-type=\"widget\" data-widget_type=\"text-editor.default\">\n\t\t\t\t\t\t\t\t\t<p>El capital circula entre los miembros y regresa al fondo com\u00fan con una prima de sostenibilidad, lo que permite que el fondo colectivo crezca con el tiempo. La aplicaci\u00f3n m\u00f3vil Ma\u2019at ayuda a guiar las reuniones y registra de forma segura las transacciones, garantizando la transparencia y la rendici\u00f3n de cuentas para todos los participantes.<\/p>\t\t\t\t\t\t\t\t<\/div>\n\t\t\t\t<\/div>\n\t\t\t\t<\/div>\n\t\t<div class=\"elementor-element elementor-element-4af5852 e-con-full e-flex e-con e-child\" data-id=\"4af5852\" data-element_type=\"container\" data-e-type=\"container\" data-settings=\"{&quot;background_background&quot;:&quot;classic&quot;}\">\n\t\t\t\t<\/div>\n\t\t\t\t<\/div>\n\t\t<div class=\"elementor-element elementor-element-2040367 e-con-full e-grid e-con e-child\" data-id=\"2040367\" data-element_type=\"container\" data-e-type=\"container\" data-settings=\"{&quot;background_background&quot;:&quot;classic&quot;}\">\n\t\t<div class=\"elementor-element elementor-element-482188d e-con-full e-flex e-con e-child\" data-id=\"482188d\" data-element_type=\"container\" data-e-type=\"container\">\n\t\t\t\t<div class=\"elementor-element elementor-element-584e7aa elementor-widget elementor-widget-heading\" data-id=\"584e7aa\" data-element_type=\"widget\" data-e-type=\"widget\" data-widget_type=\"heading.default\">\n\t\t\t\t\t<h3 class=\"elementor-heading-title elementor-size-default\">Modelo de Autorreplicaci\u00f3n<\/h3>\t\t\t\t<\/div>\n\t\t<div class=\"elementor-element elementor-element-94a5e6f e-con-full e-flex e-con e-child\" data-id=\"94a5e6f\" data-element_type=\"container\" data-e-type=\"container\">\n\t\t\t\t<div class=\"elementor-element elementor-element-d9722f4 elementor-widget elementor-widget-text-editor\" data-id=\"d9722f4\" data-element_type=\"widget\" data-e-type=\"widget\" data-widget_type=\"text-editor.default\">\n\t\t\t\t\t\t\t\t\t<p>Ma'at se expande a trav\u00e9s de un modelo de comunidad autorreplicante.<br \/>Cada pa\u00eds cuenta con un Gerente de Pa\u00eds de Ma\u2019at que apoya a los facilitadores locales.<\/p>\t\t\t\t\t\t\t\t<\/div>\n\t\t\t\t<div class=\"elementor-element elementor-element-07356e8 elementor-widget elementor-widget-text-editor\" data-id=\"07356e8\" data-element_type=\"widget\" data-e-type=\"widget\" data-widget_type=\"text-editor.default\">\n\t\t\t\t\t\t\t\t\t<p>Los facilitadores gu\u00edan a los grupos durante las reuniones y ayudan a lanzar nuevos grupos en las cercan\u00edas, al menos 3 a 5 por a\u00f1o.<\/p>\t\t\t\t\t\t\t\t<\/div>\n\t\t\t\t<div class=\"elementor-element elementor-element-12239d1 elementor-widget elementor-widget-text-editor\" data-id=\"12239d1\" data-element_type=\"widget\" data-e-type=\"widget\" data-widget_type=\"text-editor.default\">\n\t\t\t\t\t\t\t\t\t<p><span style=\"white-space-collapse: preserve;\">Dado que los facilitadores reciben apoyo a trav\u00e9s de contribuciones grupales, el sistema se vuelve financieramente sostenible mientras se expande org\u00e1nicamente entre comunidades.<\/span><\/p>\t\t\t\t\t\t\t\t<\/div>\n\t\t\t\t<\/div>\n\t\t\t\t<\/div>\n\t\t<div class=\"elementor-element elementor-element-e9b6a86 e-con-full e-flex e-con e-child\" data-id=\"e9b6a86\" data-element_type=\"container\" data-e-type=\"container\" data-settings=\"{&quot;background_background&quot;:&quot;classic&quot;}\">\n\t\t\t\t<\/div>\n\t\t\t\t<\/div>\n\t\t<div class=\"elementor-element elementor-element-f97785c e-con-full e-grid e-con e-child\" data-id=\"f97785c\" data-element_type=\"container\" data-e-type=\"container\" data-settings=\"{&quot;background_background&quot;:&quot;classic&quot;}\">\n\t\t<div class=\"elementor-element elementor-element-f76d72e e-con-full e-flex e-con e-child\" data-id=\"f76d72e\" data-element_type=\"container\" data-e-type=\"container\">\n\t\t\t\t<div class=\"elementor-element elementor-element-1ac3e43 elementor-widget elementor-widget-heading\" data-id=\"1ac3e43\" data-element_type=\"widget\" data-e-type=\"widget\" data-widget_type=\"heading.default\">\n\t\t\t\t\t<h3 class=\"elementor-heading-title elementor-size-default\">Protecci\u00f3n de datos<\/h3>\t\t\t\t<\/div>\n\t\t<div class=\"elementor-element elementor-element-d5f494e e-con-full e-flex e-con e-child\" data-id=\"d5f494e\" data-element_type=\"container\" data-e-type=\"container\">\n\t\t\t\t<div class=\"elementor-element elementor-element-94c867a elementor-widget elementor-widget-text-editor\" data-id=\"94c867a\" data-element_type=\"widget\" data-e-type=\"widget\" data-widget_type=\"text-editor.default\">\n\t\t\t\t\t\t\t\t\t<p><span style=\"white-space-collapse: preserve;\">Todas las transacciones grupales se almacenan de forma segura utilizando infraestructura en la nube europea que cumple con los est\u00e1ndares de protecci\u00f3n de datos del RGPD. La plataforma garantiza:<\/span><\/p><p><span style=\"white-space-collapse: preserve;\">\u2022 almacenamiento seguro de datos<\/span><\/p><p><span style=\"white-space-collapse: preserve;\">\u2022 acceso transparente para los miembros del grupo<\/span><\/p><p><span style=\"white-space-collapse: preserve;\">\u2022 roles y permisos claramente definidos<\/span><\/p>\t\t\t\t\t\t\t\t<\/div>\n\t\t\t\t<div class=\"elementor-element elementor-element-4629d90 elementor-widget elementor-widget-text-editor\" data-id=\"4629d90\" data-element_type=\"widget\" data-e-type=\"widget\" data-widget_type=\"text-editor.default\">\n\t\t\t\t\t\t\t\t\t<p>Los administradores, gerentes de pa\u00eds, facilitadores y l\u00edderes de grupo tienen responsabilidades espec\u00edficas dentro del marco de gobernanza de datos.<br \/>Cada miembro puede acceder a los datos de su grupo en cualquier momento, asegurando total transparencia.<\/p>\t\t\t\t\t\t\t\t<\/div>\n\t\t\t\t<\/div>\n\t\t\t\t<\/div>\n\t\t<div class=\"elementor-element elementor-element-dba147a e-con-full e-flex e-con e-child\" data-id=\"dba147a\" data-element_type=\"container\" data-e-type=\"container\" data-settings=\"{&quot;background_background&quot;:&quot;classic&quot;}\">\n\t\t\t\t<\/div>\n\t\t\t\t<\/div>\n\t\t\t\t<\/div>\n\t\t\t\t<\/div>\n\t\t\t\t\t<\/div>\n\t\t\t\t<\/div>\n\t\t\t\t<\/div>","protected":false},"excerpt":{"rendered":"<p>Collective wealth through solidarity From forming a group to managing a shared fund, the Ma\u2019at model provides tools, governance rules and digital infrastructure to help communities grow their collective wealth. Get Started How Ma\u2019at works Six simple steps that help communities build and manage their collective fund. Group Formation Communities interested in joining the Ma\u2019at [&hellip;]<\/p>\n","protected":false},"author":3,"featured_media":0,"parent":0,"menu_order":0,"comment_status":"closed","ping_status":"closed","template":"","meta":{"footnotes":""},"class_list":["post-264","page","type-page","status-publish","hentry"],"_links":{"self":[{"href":"https:\/\/maatpeasant.com\/es\/wp-json\/wp\/v2\/pages\/264","targetHints":{"allow":["GET"]}}],"collection":[{"href":"https:\/\/maatpeasant.com\/es\/wp-json\/wp\/v2\/pages"}],"about":[{"href":"https:\/\/maatpeasant.com\/es\/wp-json\/wp\/v2\/types\/page"}],"author":[{"embeddable":true,"href":"https:\/\/maatpeasant.com\/es\/wp-json\/wp\/v2\/users\/3"}],"replies":[{"embeddable":true,"href":"https:\/\/maatpeasant.com\/es\/wp-json\/wp\/v2\/comments?post=264"}],"version-history":[{"count":31,"href":"https:\/\/maatpeasant.com\/es\/wp-json\/wp\/v2\/pages\/264\/revisions"}],"predecessor-version":[{"id":1257,"href":"https:\/\/maatpeasant.com\/es\/wp-json\/wp\/v2\/pages\/264\/revisions\/1257"}],"wp:attachment":[{"href":"https:\/\/maatpeasant.com\/es\/wp-json\/wp\/v2\/media?parent=264"}],"curies":[{"name":"wp","href":"https:\/\/api.w.org\/{rel}","templated":true}]}}